{"id":27709,"date":"2025-07-07T16:33:28","date_gmt":"2025-07-07T16:33:28","guid":{"rendered":"https:\/\/chrono-scope.ch\/product\/vintage-iwc-ref-803a-double-signed-beyer-watch\/"},"modified":"2026-03-02T10:23:56","modified_gmt":"2026-03-02T10:23:56","slug":"vintage-iwc-ref-803a-double-signed-beyer-watch","status":"publish","type":"product","link":"https:\/\/chrono-scope.ch\/de\/produkt\/vintage-iwc-ref-803a-double-signed-beyer-watch\/","title":{"rendered":"SOLD &#8211; Vintage IWC ref. 803A double signed Beyer watch"},"content":{"rendered":"<p style=\"text-align: left\"><strong>MODELL \/ REFERENZ:<\/strong> Vintage IWC Ref. 803 Dresswatch. Geh\u00e4useseriennummer 1\u2019777\u2019xxx, Uhrwerkseriennummer 1\u2019855\u2019xxx. Die Seriennummer datiert die Uhr auf ca. 1967.<\/p>\n<p style=\"text-align: left\"><strong>TECHNISCHE DATEN; ZUSTANDSBERICHT:<\/strong> Bitte beachten Sie die hochaufl\u00f6senden Bilder, um den Zustand der Uhr zu beurteilen.<\/p>\n<p style=\"text-align: left\"><strong>ZIFFERBLATT + ZEIGER:<\/strong><\/p>\n<p style=\"text-align: left\">Silbernes Zifferblatt mit applizierten Indexen im Originalzustand.<\/p>\n<p style=\"text-align: left\">Der gesamte Druck ist gestochen scharf, die Minutenmarkierungen am Rand des Zifferblatts sind pr\u00e4zise gebohrt und vollst\u00e4ndig vorhanden. Diese Technik wird \u201ePerl\u00e9\u201c genannt.<\/p>\n<p style=\"text-align: left\">Die Tritium-Leuchtpunkte sind intakt und haben einen wundersch\u00f6nen, braunen Farbton angenommen.<\/p>\n<p style=\"text-align: left\"><strong>ZEIGER:<\/strong> Originalzeigersatz in gutem Zustand mit originaler Tritium-Leuchtmasse.<\/p>\n<p style=\"text-align: left\"><strong>GLAS:<\/strong> Plexiglas in gutem Zustand mit leichten Oberfl\u00e4chenspuren.<\/p>\n<p style=\"text-align: left\"><strong>GEH\u00c4USE:<\/strong> 35-mm-Edelstahlgeh\u00e4use mit nur geringen Gebrauchsspuren. Bandansto\u00df: Geh\u00e4usedurchmesser ca. 41 mm.<\/p>\n<p style=\"text-align: left\"><strong>GEH\u00c4USEBODEN:<\/strong> Edelstahlboden in gutem Zustand. Der innere Geh\u00e4useboden tr\u00e4gt die entsprechenden Stempel, die Referenznummer und die Geh\u00e4useseriennummer.<\/p>\n<p style=\"text-align: left\"><strong>KRONE:<\/strong> Krone mit Fischsignatur (IWC).<\/p>\n<p style=\"text-align: left\"><strong>UHRWERK:<\/strong> Automatikwerk IWC Kal. 854 in sauberem und voll funktionsf\u00e4higem Zustand. Das Uhrwerk wurde gepr\u00fcft, l\u00e4uft einwandfrei und h\u00e4lt die Zeit genau.<\/p>\n<p style=\"text-align: left\"><strong>BAND:<\/strong> Schwarzes Lederarmband mit unsignierter Edelstahlschlie\u00dfe. F\u00fcr weitere Armbandoptionen kontaktieren Sie uns bitte.<\/p>\n<p style=\"text-align: left\"><strong>ZUBEH\u00d6R:<\/strong> Keines.<\/p>\n<p style=\"text-align: left\"><strong>GARANTIE:<\/strong> Wir garantieren die Echtheit der Uhr. Zus\u00e4tzlich gew\u00e4hren wir 12 Monate Garantie auf die einwandfreie Funktion dieser Uhr. Alle Garantien unterliegen den Allgemeinen Gesch\u00e4ftsbedingungen.<\/p>\n<p style=\"text-align: left\">Bei Fragen stehen wir Ihnen gerne zur Verf\u00fcgung. Eine pers\u00f6nliche oder virtuelle Besichtigung ist nach Vereinbarung m\u00f6glich.<\/p>\n","protected":false},"excerpt":{"rendered":"<p style=\"text-align: left\">ChronoScope Collector Watches bietet eine <strong>Vintage<\/strong> <strong>IWC Ref. 803A, doppelt signierte Beyer-Uhr<\/strong> mit dem ber\u00fchmten Automatikkaliber 854 im originalen Vintage-Zustand an. Das Highlight dieser zeitlosen Sch\u00f6nheit ist das originale, doppelt signierte Zifferblatt mit Sonnenschliff und applizierten Indexen sowie das hochwertige IWC Kaliber 854. Die Uhr ist voll funktionsf\u00e4hig und wird mit 12 Monaten Garantie geliefert.<\/p>\n","protected":false},"featured_media":27689,"template":"","meta":{"om_disable_all_campaigns":false,"_monsterinsights_skip_tracking":false,"_monsterinsights_sitenote_active":false,"_monsterinsights_sitenote_note":"","_monsterinsights_sitenote_category":0},"product_brand":[],"product_cat":[81,71,74],"product_tag":[],"class_list":{"0":"post-27709","1":"product","2":"type-product","3":"status-publish","4":"has-post-thumbnail","6":"product_cat-iwc-de","7":"product_cat-verkaufte-uhren","8":"product_cat-vintage-de","10":"first","11":"instock","12":"taxable","13":"shipping-taxable","14":"purchasable","15":"product-type-simple"},"aioseo_notices":[],"_links":{"self":[{"href":"https:\/\/chrono-scope.ch\/de\/wp-json\/wp\/v2\/product\/27709","targetHints":{"allow":["GET"]}}],"collection":[{"href":"https:\/\/chrono-scope.ch\/de\/wp-json\/wp\/v2\/product"}],"about":[{"href":"https:\/\/chrono-scope.ch\/de\/wp-json\/wp\/v2\/types\/product"}],"version-history":[{"count":3,"href":"https:\/\/chrono-scope.ch\/de\/wp-json\/wp\/v2\/product\/27709\/revisions"}],"predecessor-version":[{"id":37007,"href":"https:\/\/chrono-scope.ch\/de\/wp-json\/wp\/v2\/product\/27709\/revisions\/37007"}],"wp:featuredmedia":[{"embeddable":true,"href":"https:\/\/chrono-scope.ch\/de\/wp-json\/wp\/v2\/media\/27689"}],"wp:attachment":[{"href":"https:\/\/chrono-scope.ch\/de\/wp-json\/wp\/v2\/media?parent=27709"}],"wp:term":[{"taxonomy":"product_brand","embeddable":true,"href":"https:\/\/chrono-scope.ch\/de\/wp-json\/wp\/v2\/product_brand?post=27709"},{"taxonomy":"product_cat","embeddable":true,"href":"https:\/\/chrono-scope.ch\/de\/wp-json\/wp\/v2\/product_cat?post=27709"},{"taxonomy":"product_tag","embeddable":true,"href":"https:\/\/chrono-scope.ch\/de\/wp-json\/wp\/v2\/product_tag?post=27709"}],"curies":[{"name":"wp","href":"https:\/\/api.w.org\/{rel}","templated":true}]}}