{"id":27680,"date":"2025-07-07T16:02:08","date_gmt":"2025-07-07T16:02:08","guid":{"rendered":"https:\/\/chrono-scope.ch\/product\/innocente-watch-box-cf4-black-with-carbon-fibre\/"},"modified":"2025-07-07T16:14:38","modified_gmt":"2025-07-07T16:14:38","slug":"innocente-watch-box-cf4-black-with-carbon-fibre","status":"publish","type":"product","link":"https:\/\/chrono-scope.ch\/de\/produkt\/innocente-watch-box-cf4-black-with-carbon-fibre\/","title":{"rendered":"Innocente Watch Box \u201cCF4\u201d Black, with carbon fibre"},"content":{"rendered":"","protected":false},"excerpt":{"rendered":"<p style=\"text-align: left\"><strong>Die schwarze Box mit Carbonfaser-Front hei\u00dft \u201eCF4\u201c.<\/strong><\/p>\n<p style=\"text-align: left\">Diese handgefertigte Uhrenbox ist mit echter Carbonfaser auf Vorder- und R\u00fcckseite sowie im Inneren ausgestattet. Sie bietet Platz f\u00fcr vier Uhren. Das Geh\u00e4use besteht aus mattschwarz pulverbeschichtetem Metall.<\/p>\n<p style=\"text-align: left\"><strong>Preis auf Anfrage.<\/strong><\/p>\n","protected":false},"featured_media":27678,"template":"","meta":{"om_disable_all_campaigns":false,"_monsterinsights_skip_tracking":false,"_monsterinsights_sitenote_active":false,"_monsterinsights_sitenote_note":"","_monsterinsights_sitenote_category":0},"product_brand":[],"product_cat":[291],"product_tag":[],"class_list":{"0":"post-27680","1":"product","2":"type-product","3":"status-publish","4":"has-post-thumbnail","6":"product_cat-zubehor-de","8":"first","9":"instock","10":"taxable","11":"shipping-taxable","12":"product-type-simple"},"aioseo_notices":[],"_links":{"self":[{"href":"https:\/\/chrono-scope.ch\/de\/wp-json\/wp\/v2\/product\/27680","targetHints":{"allow":["GET"]}}],"collection":[{"href":"https:\/\/chrono-scope.ch\/de\/wp-json\/wp\/v2\/product"}],"about":[{"href":"https:\/\/chrono-scope.ch\/de\/wp-json\/wp\/v2\/types\/product"}],"version-history":[{"count":1,"href":"https:\/\/chrono-scope.ch\/de\/wp-json\/wp\/v2\/product\/27680\/revisions"}],"predecessor-version":[{"id":27685,"href":"https:\/\/chrono-scope.ch\/de\/wp-json\/wp\/v2\/product\/27680\/revisions\/27685"}],"wp:featuredmedia":[{"embeddable":true,"href":"https:\/\/chrono-scope.ch\/de\/wp-json\/wp\/v2\/media\/27678"}],"wp:attachment":[{"href":"https:\/\/chrono-scope.ch\/de\/wp-json\/wp\/v2\/media?parent=27680"}],"wp:term":[{"taxonomy":"product_brand","embeddable":true,"href":"https:\/\/chrono-scope.ch\/de\/wp-json\/wp\/v2\/product_brand?post=27680"},{"taxonomy":"product_cat","embeddable":true,"href":"https:\/\/chrono-scope.ch\/de\/wp-json\/wp\/v2\/product_cat?post=27680"},{"taxonomy":"product_tag","embeddable":true,"href":"https:\/\/chrono-scope.ch\/de\/wp-json\/wp\/v2\/product_tag?post=27680"}],"curies":[{"name":"wp","href":"https:\/\/api.w.org\/{rel}","templated":true}]}}