{"id":27653,"date":"2025-07-07T15:09:06","date_gmt":"2025-07-07T15:09:06","guid":{"rendered":"https:\/\/chrono-scope.ch\/product\/innocente-watch-boxes-8-plus-schwarz\/"},"modified":"2025-07-08T08:57:25","modified_gmt":"2025-07-08T08:57:25","slug":"innocente-watch-boxes-8-plus-schwarz","status":"publish","type":"product","link":"https:\/\/chrono-scope.ch\/de\/produkt\/innocente-watch-boxes-8-plus-schwarz\/","title":{"rendered":"Innocente Watch Boxes. \u201c8 Plus\u201d Black"},"content":{"rendered":"","protected":false},"excerpt":{"rendered":"<p>Die schwarze Uhrenbox \u201e8 Plus\u201c (Preis auf Anfrage) hei\u00dft \u201e8 Plus\u201c.<\/p>\n<p>Dies ist eine handgefertigte, individuell gestaltete Uhrenbox f\u00fcr acht Uhren mit einem zus\u00e4tzlichen Fach f\u00fcr Zubeh\u00f6r. Das Holz ist aus Walnussholz, das Geh\u00e4use aus mattschwarz pulverbeschichtetem Metall und das Innenfutter und die Kissen aus Wildleder.<\/p>\n<p><strong>Preis auf Anfrage.<\/strong><\/p>\n","protected":false},"featured_media":27646,"template":"","meta":{"om_disable_all_campaigns":false,"_monsterinsights_skip_tracking":false,"_monsterinsights_sitenote_active":false,"_monsterinsights_sitenote_note":"","_monsterinsights_sitenote_category":0},"product_brand":[],"product_cat":[291],"product_tag":[],"class_list":{"0":"post-27653","1":"product","2":"type-product","3":"status-publish","4":"has-post-thumbnail","6":"product_cat-zubehor-de","8":"first","9":"instock","10":"taxable","11":"shipping-taxable","12":"product-type-simple"},"aioseo_notices":[],"_links":{"self":[{"href":"https:\/\/chrono-scope.ch\/de\/wp-json\/wp\/v2\/product\/27653","targetHints":{"allow":["GET"]}}],"collection":[{"href":"https:\/\/chrono-scope.ch\/de\/wp-json\/wp\/v2\/product"}],"about":[{"href":"https:\/\/chrono-scope.ch\/de\/wp-json\/wp\/v2\/types\/product"}],"version-history":[{"count":1,"href":"https:\/\/chrono-scope.ch\/de\/wp-json\/wp\/v2\/product\/27653\/revisions"}],"predecessor-version":[{"id":27655,"href":"https:\/\/chrono-scope.ch\/de\/wp-json\/wp\/v2\/product\/27653\/revisions\/27655"}],"wp:featuredmedia":[{"embeddable":true,"href":"https:\/\/chrono-scope.ch\/de\/wp-json\/wp\/v2\/media\/27646"}],"wp:attachment":[{"href":"https:\/\/chrono-scope.ch\/de\/wp-json\/wp\/v2\/media?parent=27653"}],"wp:term":[{"taxonomy":"product_brand","embeddable":true,"href":"https:\/\/chrono-scope.ch\/de\/wp-json\/wp\/v2\/product_brand?post=27653"},{"taxonomy":"product_cat","embeddable":true,"href":"https:\/\/chrono-scope.ch\/de\/wp-json\/wp\/v2\/product_cat?post=27653"},{"taxonomy":"product_tag","embeddable":true,"href":"https:\/\/chrono-scope.ch\/de\/wp-json\/wp\/v2\/product_tag?post=27653"}],"curies":[{"name":"wp","href":"https:\/\/api.w.org\/{rel}","templated":true}]}}