{"id":27582,"date":"2025-07-04T09:24:54","date_gmt":"2025-07-04T09:24:54","guid":{"rendered":"https:\/\/chrono-scope.ch\/product\/eberhard-pre-extra-fort-chronograph-galvanic-multiscale-gilt-dial\/"},"modified":"2025-07-09T12:19:44","modified_gmt":"2025-07-09T12:19:44","slug":"eberhard-pre-extra-fort-chronograph-galvanic-multiscale-gilt-dial","status":"publish","type":"product","link":"https:\/\/chrono-scope.ch\/de\/produkt\/eberhard-pre-extra-fort-chronograph-galvanic-multiscale-gilt-dial\/","title":{"rendered":"Eberhard Pre Extra Fort Chronograph Galvanic Multiscale Gilt Dial"},"content":{"rendered":"<p style=\"text-align: left\"><strong>MODELL \/ REFERENZ:<\/strong> Eberhard Pre Extra-Fort Mehrskalenchronograph mit vergoldetem Zifferblatt. Die Seriennummer lautet 1016455.<\/p>\n<p style=\"text-align: left\"><strong>ZIFFERBLATT + ZEIGER:<\/strong> Das galvanisch schwarze Zifferblatt beherbergt wundersch\u00f6n inszenierte Elemente, die f\u00fcr eine perfekte Ablesbarkeit sorgen. Der vergoldete Druck ist anmutig gealtert und offenbart eine warme, samtige Patina, die das Zifferblatt wie feinen Sternenstaub bedeckt.<\/p>\n<p style=\"text-align: left\">Die Hilfszifferbl\u00e4tter bei drei und neun Uhr sind gleichm\u00e4\u00dfig vertieft und harmonisch angeordnet, um den optischen Rhythmus des Zifferblatts auszugleichen.<\/p>\n<p style=\"text-align: left\">Der zentrale Bereich ist mit gro\u00dfen, gut lesbaren arabischen Ziffern in 1\/5-Sekunden eingeteilt und liegt zwischen zwei wundersch\u00f6n ausgef\u00fchrten Telemeter- und Tachymeterskalen.<\/p>\n<p style=\"text-align: left\">Die vergoldeten Zeiger sind Originalteile der Uhr. Sie sind wundersch\u00f6n erhalten und zeigen eine leichte, gleichm\u00e4\u00dfige Oxidation, die dem Alter entspricht.<\/p>\n<p style=\"text-align: left\"><strong>GLAS:<\/strong> Das leicht gew\u00f6lbte Acrylglas ist klar und frei von Kratzern oder Verzerrungen.<\/p>\n<p style=\"text-align: left\"><strong>GEH\u00c4USE:<\/strong> Das Staybrite-Geh\u00e4use aus Edelstahl hat einen Durchmesser von 40 mm und tr\u00e4gt sich dank der abgestuften L\u00fcnette und der sch\u00f6n nach unten gebogenen Bandanst\u00f6\u00dfe sehr elegant am Handgelenk.<\/p>\n<p style=\"text-align: left\">Es befindet sich in einem f\u00fcr sein Alter ausgezeichneten Zustand mit einem starken Profil, intakter Ansto\u00dfgeometrie und keinen Anzeichen von \u00dcberpolitur. Abgesehen von einem kleinen Kratzer in der N\u00e4he des 2-Uhr-Dr\u00fcckers gibt es keine gr\u00f6\u00dferen Dellen oder Defekte.<\/p>\n<p style=\"text-align: left\"><strong>GEH\u00c4USEBODEN:<\/strong> Die einrastende Staybrite-Stahlr\u00fcckseite ist sauber und in gutem Vintage-Zustand, mit verschiedenen Oberfl\u00e4chenkratzern und altersentsprechenden Gebrauchsspuren.<\/p>\n<p style=\"text-align: left\"><strong>KRONE + DR\u00dcCKER:<\/strong> Die unsignierte Krone ist ger\u00e4ndelt, weist das richtige Profil auf und ist sehr wahrscheinlich original. Die beiden olivgr\u00fcnen Dr\u00fccker sind fest und funktionell und bieten eine zufriedenstellende taktile R\u00fcckmeldung, wenn sie aktiviert werden.<\/p>\n<p style=\"text-align: left\"><strong>UHRWERK:<\/strong> Signiertes, hochwertiges Eberhard Cal. 16000 Chronographenwerk mit S\u00e4ulenrad. Dieses Kaliber mit Handaufzug verf\u00fcgt \u00fcber ein Bi-Compax-Layout, l\u00e4uft stark, h\u00e4lt die Zeit genau und alle Chronographenfunktionen funktionieren einwandfrei.<\/p>\n<p style=\"text-align: left\"><strong>NB:<\/strong> Der obere Dr\u00fccker startet, stoppt und setzt zur\u00fcck wie jeder Monodr\u00fccker-Chronograph. Der untere Dr\u00fccker sperrt die Chronographenfunktion, um ungewollte Unterbrechungen zu vermeiden.<\/p>\n<p style=\"text-align: left\"><strong>BAND:<\/strong> 20-mm-Lederarmband mit strukturierter brauner Oberfl\u00e4che und unsignierter Dornschlie\u00dfe aus Edelstahl.<\/p>\n<p style=\"text-align: left\"><strong>ZUBEH\u00d6R:<\/strong> Uhrenrolle aus Saffiano-Leder.<\/p>\n<p style=\"text-align: left\"><strong>GARANTIE:<\/strong> Wir garantieren die Echtheit der Uhr. Au\u00dferdem gew\u00e4hren wir 12 Monate Garantie auf die korrekte Funktion dieses Zeitmessers. Alle Garantien unterliegen den Allgemeinen Gesch\u00e4ftsbedingungen.<\/p>\n<p style=\"text-align: left\">Bitte z\u00f6gern Sie nicht, Fragen zu stellen, wir werden sie gerne beantworten. Eine virtuelle oder pers\u00f6nliche Besichtigung ist nach Absprache m\u00f6glich.<\/p>\n","protected":false},"excerpt":{"rendered":"<p style=\"text-align: left\">Diese Eberhard aus den 1940er Jahren ist der Inbegriff des Chronographen-Designs aus der Mitte des Jahrhunderts. Urspr\u00fcnglich als \u00e4u\u00dferst zuverl\u00e4ssiges Zeitmessinstrument konzipiert, spiegelt er die technische Strenge und \u00e4sthetische Ausgewogenheit wider, die das goldene Zeitalter der Uhrmacherei definierten. Was sie heute wirklich bemerkenswert macht, ist ihre zukunftsweisende Geh\u00e4usegr\u00f6\u00dfe von 40 mm, ein ungew\u00f6hnliches Merkmal f\u00fcr die damalige Zeit, das sie nun perfekt f\u00fcr das moderne Handgelenk macht.<\/p>\n<p style=\"text-align: left\">Mit seinem Multiskalen-Layout, den eleganten vergoldeten Zeigern und der perfekten Symmetrie ist dieser Chronograph ein reiner Ausdruck von Vintage-Charme und mechanischer Finesse: selten, gef\u00fchlvoll und absolut fesselnd.<\/p>\n<p style=\"text-align: left\">Bitte lesen Sie den Zustandsbericht sorgf\u00e4ltig durch und betrachten Sie die hochaufl\u00f6senden Bilder, um den Gesamtzustand der Uhr zu beurteilen.<\/p>\n","protected":false},"featured_media":27555,"template":"","meta":{"om_disable_all_campaigns":false,"_monsterinsights_skip_tracking":false,"_monsterinsights_sitenote_active":false,"_monsterinsights_sitenote_note":"","_monsterinsights_sitenote_category":0},"product_brand":[],"product_cat":[74],"product_tag":[],"class_list":{"0":"post-27582","1":"product","2":"type-product","3":"status-publish","4":"has-post-thumbnail","6":"product_cat-vintage-de","8":"first","9":"instock","10":"taxable","11":"shipping-taxable","12":"purchasable","13":"product-type-simple"},"aioseo_notices":[],"_links":{"self":[{"href":"https:\/\/chrono-scope.ch\/de\/wp-json\/wp\/v2\/product\/27582","targetHints":{"allow":["GET"]}}],"collection":[{"href":"https:\/\/chrono-scope.ch\/de\/wp-json\/wp\/v2\/product"}],"about":[{"href":"https:\/\/chrono-scope.ch\/de\/wp-json\/wp\/v2\/types\/product"}],"version-history":[{"count":3,"href":"https:\/\/chrono-scope.ch\/de\/wp-json\/wp\/v2\/product\/27582\/revisions"}],"predecessor-version":[{"id":27599,"href":"https:\/\/chrono-scope.ch\/de\/wp-json\/wp\/v2\/product\/27582\/revisions\/27599"}],"wp:featuredmedia":[{"embeddable":true,"href":"https:\/\/chrono-scope.ch\/de\/wp-json\/wp\/v2\/media\/27555"}],"wp:attachment":[{"href":"https:\/\/chrono-scope.ch\/de\/wp-json\/wp\/v2\/media?parent=27582"}],"wp:term":[{"taxonomy":"product_brand","embeddable":true,"href":"https:\/\/chrono-scope.ch\/de\/wp-json\/wp\/v2\/product_brand?post=27582"},{"taxonomy":"product_cat","embeddable":true,"href":"https:\/\/chrono-scope.ch\/de\/wp-json\/wp\/v2\/product_cat?post=27582"},{"taxonomy":"product_tag","embeddable":true,"href":"https:\/\/chrono-scope.ch\/de\/wp-json\/wp\/v2\/product_tag?post=27582"}],"curies":[{"name":"wp","href":"https:\/\/api.w.org\/{rel}","templated":true}]}}