{"id":27381,"date":"2025-06-25T09:38:22","date_gmt":"2025-06-25T09:38:22","guid":{"rendered":"https:\/\/nakyxozy.cyon.site\/?post_type=product&#038;p=27381"},"modified":"2025-11-14T08:51:53","modified_gmt":"2025-11-14T08:51:53","slug":"heuer-vintage-carrera-1153n-mick-jagger-cal-11-serviced","status":"publish","type":"product","link":"https:\/\/chrono-scope.ch\/de\/produkt\/heuer-vintage-carrera-1153n-mick-jagger-cal-11-serviced\/","title":{"rendered":"RESERVED &#8211; Heuer Vintage Carrera 1153N &#8222;Mick Jagger&#8220; Cal. 11 \u2013 serviced"},"content":{"rendered":"<p style=\"text-align: left\"><strong>MODELL \/ REFERENZ:\u00a0<\/strong>Heuer Vintage Carrera, Ref. 1153N, erste Ausf\u00fchrung. Seriennummer 186695. Inventarnummer: 250506-1<\/p>\n<p style=\"text-align: left\"><strong>ZIFFERBLATT+ZAIGER:<\/strong>\u00a0Das Zifferblatt ist in allen urspr\u00fcnglichen Zustand und praktisch perfekt. Alle Drucke sind original und gestochen scharf. Das Datumsrad ist sauber. Die Hilfszifferbl\u00e4tter sind super-knackig. Die Tritium-Lumineszenzpunkte sind alle intakt. Wenn sie mit UV-Licht aktiviert werden, leuchtet das Tritium auf den Indizes und Zeigern auf und verblasst dann.<\/p>\n<p style=\"text-align: left\"><strong>GLAS:\u00a0<\/strong>Plexiglas in gutem Zustand mit kleinen Oberfl\u00e4chenkratzern.<\/p>\n<p style=\"text-align: left\"><strong>UHRWERK&amp;FUNKTION:<\/strong>\u00a0Heuer Cal. 11 Uhrwerk in voll funktionsf\u00e4higem Zustand. Das Werk wurde gewartet, l\u00e4uft besaitet und h\u00e4lt die Zeit gut ein.<\/p>\n<p style=\"text-align: left\"><strong>GEH\u00c4USE:<\/strong>\u00a0Das 39-mm-Edelstahlgeh\u00e4use scheint unpoliert zu sein und die Werkslackierung zu behalten. Das Geh\u00e4use weist Gebrauchsspuren auf, die dem Alter der Uhr entsprechen. Bitte sehen Sie sich die Bilder als Referenz an. Von Ansatz zu Ansatz misst das Geh\u00e4use 44 mm.<\/p>\n<p style=\"text-align: left\">Die Referenz- und Seriennummern zwischen den Anst\u00f6\u00dfen sind vorhanden und scharf.<\/p>\n<p style=\"text-align: left\"><strong>GEH\u00c4USEBODEN:<\/strong>\u00a0Edelstahl Geh\u00e4useboden in gutem Zustand mit leichten Gebrauchsspuren.<\/p>\n<p style=\"text-align: left\"><strong>KRONE &amp; Dr\u00fccker:<\/strong>\u00a0original signierte Krone, originale Dr\u00fccker.<\/p>\n<p style=\"text-align: left\"><strong>BAND:<\/strong>\u00a0Die Uhr kommt an einem neuen Lederarmband mit einer Heuer-Stahlschlie\u00dfe.<\/p>\n<p style=\"text-align: left\"><strong>ZUBEH\u00d6R:<\/strong>\u00a0Saffiano Leder Uhrenrolle<\/p>\n<p style=\"text-align: left\"><strong>GARANTIE:<\/strong>\u00a0Wir garantieren die Echtheit der Uhr. Wir bieten auch 12 Monate Garantie f\u00fcr die korrekte Funktion dieses Zeitmessers. Alle Garantien unterliegen den Allgemeinen Gesch\u00e4ftsbedingungen<\/p>\n<p style=\"text-align: left\">Bitte z\u00f6gern Sie nicht, Fragen zu stellen, wir werden Ihnen gerne antworten. Auf Wunsch k\u00f6nnen wir Ihnen zus\u00e4tzliche Bilder und eine Videosequenz zusenden. Eine virtuelle oder pers\u00f6nliche Besichtigung ist nach Absprache m\u00f6glich.<\/p>\n","protected":false},"excerpt":{"rendered":"<p style=\"text-align: left\"><strong>Heuer Vintage Carrera 1153N \u201eMick Jagger\u201c Kal. 11 -Gewartet<\/strong><\/p>\n<p style=\"text-align: left\">Wir sind stolz darauf, eine hervorragende Vintage Heuer Carrera 1153N erste Ausf\u00fchrung in nahezu neuwertigem Zustand zu pr\u00e4sentieren.<\/p>\n<p style=\"text-align: left\">Das Highlight dieser ikonischen Carrera ist das blau-graue Zifferblatt in nahezu perfektem Zustand und das Cal. 11 Automatik-Chronographenwerk.<\/p>\n<p style=\"text-align: left\">Spezifikationen &amp;amp; Zustandsbericht: Bitte beachten Sie, dass die unver\u00e4nderten Bilder ein wichtiger Teil der Beschreibung sind.<\/p>\n","protected":false},"featured_media":27367,"template":"","meta":{"om_disable_all_campaigns":false,"_monsterinsights_skip_tracking":false,"_monsterinsights_sitenote_active":false,"_monsterinsights_sitenote_note":"","_monsterinsights_sitenote_category":0},"product_brand":[],"product_cat":[76,74],"product_tag":[],"class_list":{"0":"post-27381","1":"product","2":"type-product","3":"status-publish","4":"has-post-thumbnail","6":"product_cat-heuer-de","7":"product_cat-vintage-de","9":"first","10":"instock","11":"taxable","12":"shipping-taxable","13":"purchasable","14":"product-type-simple"},"aioseo_notices":[],"_links":{"self":[{"href":"https:\/\/chrono-scope.ch\/de\/wp-json\/wp\/v2\/product\/27381","targetHints":{"allow":["GET"]}}],"collection":[{"href":"https:\/\/chrono-scope.ch\/de\/wp-json\/wp\/v2\/product"}],"about":[{"href":"https:\/\/chrono-scope.ch\/de\/wp-json\/wp\/v2\/types\/product"}],"version-history":[{"count":5,"href":"https:\/\/chrono-scope.ch\/de\/wp-json\/wp\/v2\/product\/27381\/revisions"}],"predecessor-version":[{"id":32241,"href":"https:\/\/chrono-scope.ch\/de\/wp-json\/wp\/v2\/product\/27381\/revisions\/32241"}],"wp:featuredmedia":[{"embeddable":true,"href":"https:\/\/chrono-scope.ch\/de\/wp-json\/wp\/v2\/media\/27367"}],"wp:attachment":[{"href":"https:\/\/chrono-scope.ch\/de\/wp-json\/wp\/v2\/media?parent=27381"}],"wp:term":[{"taxonomy":"product_brand","embeddable":true,"href":"https:\/\/chrono-scope.ch\/de\/wp-json\/wp\/v2\/product_brand?post=27381"},{"taxonomy":"product_cat","embeddable":true,"href":"https:\/\/chrono-scope.ch\/de\/wp-json\/wp\/v2\/product_cat?post=27381"},{"taxonomy":"product_tag","embeddable":true,"href":"https:\/\/chrono-scope.ch\/de\/wp-json\/wp\/v2\/product_tag?post=27381"}],"curies":[{"name":"wp","href":"https:\/\/api.w.org\/{rel}","templated":true}]}}