{"id":26617,"date":"2025-06-05T15:09:12","date_gmt":"2025-06-05T15:09:12","guid":{"rendered":"https:\/\/nakyxozy.cyon.site\/product\/nivada-casd-chronograph-high-swiss-pfeilzeiger-valjoux-92\/"},"modified":"2025-10-20T08:01:22","modified_gmt":"2025-10-20T08:01:22","slug":"nivada-casd-chronograph-high-swiss-pfeilzeiger-valjoux-92","status":"publish","type":"product","link":"https:\/\/chrono-scope.ch\/de\/produkt\/nivada-casd-chronograph-high-swiss-pfeilzeiger-valjoux-92\/","title":{"rendered":"SOLD &#8211; Nivada CASD Chronograph \u201cHigh Swiss\u201d arrow hands, Valjoux 92"},"content":{"rendered":"<p style=\"text-align: left\"><strong>MODELL \/ REFERENZ:<\/strong> Nivada Grenchen Chronomaster Aviator Sea Diver &#8211; (CASD), Ref. 105\/9839. Dieses Exemplar war wahrscheinlich f\u00fcr den US-amerikanischen Markt bestimmt, da der Markenname Croton (der US-Vertriebspartner von Nivada) auf der Werkbr\u00fccke und dem Geh\u00e4useboden zu finden ist.<\/p>\n<p style=\"text-align: left\"><strong>ZUSTANDSBERICHT:<\/strong> Bitte sehen Sie sich die hochaufl\u00f6senden Bilder an, um den Zustand der Uhr zu beurteilen.<\/p>\n<p style=\"text-align: left\"><strong>ZIFFERN+ZEIGER:<\/strong><\/p>\n<ul style=\"text-align: left\">\n<li>Mattschwarzes Zifferblatt mit vertieften Hilfszifferbl\u00e4ttern und Tritiummarkierungen. Es ist in nahezu makellosem und originalem Zustand mit dezenten Alterungsspuren. Der Aufdruck ist gestochen scharf und vollst\u00e4ndig.<\/li>\n<li>Zeiger: originaler und korrekter Stunden-, Minuten- und Chronographensekundenzeiger. Die Tritiumlume auf den Zeigern ist zu einem atemberaubenden karamellfarbenen Ton gealtert.<\/li>\n<li>Leuchtstoff: Die Tritium-Lummenindizes sind alle vorhanden. Bei Aktivierung mit UV-Licht leuchten die Leuchtmasse auf dem Ziffern und den Zeigern kurz auf und erl\u00f6schen dann.<\/li>\n<\/ul>\n<p style=\"text-align: left\"><strong>GLAS:<\/strong> Das Plexiglas ist in einem ehrlichen Vintage-Zustand, da es einige altersbedingte Risse aufweist, die auf die Originalit\u00e4t der Uhr schlie\u00dfen lassen.<\/p>\n<p style=\"text-align: left\"><strong>L\u00dcNETTE:<\/strong> Schwarzer Aluminium-L\u00fcnetteneinsatz in gutem Gesamtzustand ohne Oberfl\u00e4chenabnutzung und mit leichtem Verblassen.<\/p>\n<p style=\"text-align: left\"><strong>GEH\u00c4USE &amp; GEH\u00c4USEBODEN:<\/strong> 38&#215;44 mm gro\u00dfes Edelstahlgeh\u00e4use mit sehr scharfen, facettierten Bandanst\u00f6\u00dfen. Die leicht polierte Oberfl\u00e4che ist insgesamt in gutem Zustand, mit normalen, dem Alter entsprechenden Gebrauchsspuren und ohne gr\u00f6\u00dfere Dellen oder Kratzer.<br \/>\nDer Edelstahlboden ist innen und au\u00dfen signiert. Der geb\u00fcrstete Mittelteil weist verschiedene Kratzer auf, und die Gravuren haben begonnen zu verblassen, sind aber noch lesbar.<\/p>\n<p style=\"text-align: left\"><strong>KRONE:<\/strong> Die unsignierte Krone ist in Gr\u00f6\u00dfe und Form koh\u00e4rent und scheint original zu der Uhr zu geh\u00f6ren.<\/p>\n<p style=\"text-align: left\"><strong>UHRWERK:<\/strong> Das von Croton signierte Valjoux 92 Uhrwerk mit Handaufzug verf\u00fcgt \u00fcber 17 Juwelen und erm\u00f6glicht eine bi-kompaxe Anzeige. Es ist sauber und wurde \u00fcberpr\u00fcft. Alle Funktionen funktionieren wie vorgesehen und das Uhrwerk h\u00e4lt die Zeit genau ein. Der Unruhkloben ist mit dem US-Importstempel \u201eCOW\u201c versehen.<\/p>\n<p style=\"text-align: left\"><strong>BAND:<\/strong> Vintage-Edelstahlarmband mit Faltschlie\u00dfe und gebogenen Endgliedern. Es ist mit der Marke \u201eBaldwin\u201c versehen und wahrscheinlich ein Nachr\u00fcstungsprodukt.<\/p>\n<p style=\"text-align: left\"><strong>ZUBEH\u00d6R:<\/strong> Saffiano Leder Uhrenrolle.<\/p>\n<p style=\"text-align: left\"><strong>GARANTIE:<\/strong> Wir garantieren die Echtheit der Uhr. Wir gew\u00e4hren au\u00dferdem 12 Monate Garantie auf die korrekte Funktion dieses Zeitmessers. Alle Garantien unterliegen den Allgemeinen Gesch\u00e4ftsbedingungen<\/p>\n<p>Bitte z\u00f6gern Sie nicht, Fragen zu stellen, wir werden sie gerne beantworten. Eine virtuelle oder pers\u00f6nliche Besichtigung ist nach Vereinbarung m\u00f6glich.<\/p>\n","protected":false},"excerpt":{"rendered":"<p style=\"text-align: left\"><strong>Nivada Grenchen CASD Chronograph \u201eHigh Swiss\u201c Pfeilzeiger, Ref. 105-9839<\/strong><br \/>\nDiese Nivada Grenchen Chronomaster Aviator Sea Diver ist eine elegante Uhr, die mit ihrer karamellfarbenen Patina, die sowohl die Zifferblattmarkierungen als auch die kultigen Pfeilzeiger ziert, beeindruckt. Es ist die Art von nat\u00fcrlicher Alterung, von der Sammler tr\u00e4umen. Sie wurde f\u00fcr die Luft, das Land und die See gebaut und \u00fcberzeugt durch Stil und Substanz. Vielseitig, robust und m\u00fchelos cool, ist dies ein Chronograph, der sich heute noch genauso gut am Handgelenk anf\u00fchlt wie vor Jahrzehnten. Ein echter Allrounder mit einer Vintage-Seele und einer Geschichte, die es zu erz\u00e4hlen gilt.<\/p>\n<p style=\"text-align: left\">Zifferblatt, Geh\u00e4useboden und Uhrwerk signiert. Die Uhr wird mit 12 Monaten Garantie geliefert.<\/p>\n","protected":false},"featured_media":26830,"template":"","meta":{"om_disable_all_campaigns":false,"_monsterinsights_skip_tracking":false,"_monsterinsights_sitenote_active":false,"_monsterinsights_sitenote_note":"","_monsterinsights_sitenote_category":0},"product_brand":[],"product_cat":[282,69,71,74],"product_tag":[],"class_list":{"0":"post-26617","1":"product","2":"type-product","3":"status-publish","4":"has-post-thumbnail","6":"product_cat-nivada-de","7":"product_cat-nivada-croton-de","8":"product_cat-verkaufte-uhren","9":"product_cat-vintage-de","11":"first","12":"instock","13":"taxable","14":"shipping-taxable","15":"purchasable","16":"product-type-simple"},"aioseo_notices":[],"_links":{"self":[{"href":"https:\/\/chrono-scope.ch\/de\/wp-json\/wp\/v2\/product\/26617","targetHints":{"allow":["GET"]}}],"collection":[{"href":"https:\/\/chrono-scope.ch\/de\/wp-json\/wp\/v2\/product"}],"about":[{"href":"https:\/\/chrono-scope.ch\/de\/wp-json\/wp\/v2\/types\/product"}],"version-history":[{"count":2,"href":"https:\/\/chrono-scope.ch\/de\/wp-json\/wp\/v2\/product\/26617\/revisions"}],"predecessor-version":[{"id":30285,"href":"https:\/\/chrono-scope.ch\/de\/wp-json\/wp\/v2\/product\/26617\/revisions\/30285"}],"wp:featuredmedia":[{"embeddable":true,"href":"https:\/\/chrono-scope.ch\/de\/wp-json\/wp\/v2\/media\/26830"}],"wp:attachment":[{"href":"https:\/\/chrono-scope.ch\/de\/wp-json\/wp\/v2\/media?parent=26617"}],"wp:term":[{"taxonomy":"product_brand","embeddable":true,"href":"https:\/\/chrono-scope.ch\/de\/wp-json\/wp\/v2\/product_brand?post=26617"},{"taxonomy":"product_cat","embeddable":true,"href":"https:\/\/chrono-scope.ch\/de\/wp-json\/wp\/v2\/product_cat?post=26617"},{"taxonomy":"product_tag","embeddable":true,"href":"https:\/\/chrono-scope.ch\/de\/wp-json\/wp\/v2\/product_tag?post=26617"}],"curies":[{"name":"wp","href":"https:\/\/api.w.org\/{rel}","templated":true}]}}