{"id":26428,"date":"2025-06-10T08:51:43","date_gmt":"2025-06-10T08:51:43","guid":{"rendered":"https:\/\/nakyxozy.cyon.site\/?post_type=product&#038;p=26428"},"modified":"2025-06-10T08:51:47","modified_gmt":"2025-06-10T08:51:47","slug":"patek-philippe-pagoda-ref-5500j-full-set-from-1997-incl-commemorative-coin","status":"publish","type":"product","link":"https:\/\/chrono-scope.ch\/de\/produkt\/patek-philippe-pagoda-ref-5500j-full-set-from-1997-incl-commemorative-coin\/","title":{"rendered":"Patek Philippe Pagoda ref. 5500J full set from 1997 incl. commemorative coin"},"content":{"rendered":"<p style=\"text-align: left\"><strong>DIE GESCHICHTE:<\/strong><br \/>\nDie Patek Philippe Pagoda 5500J ist ein Zeitmesser in limitierter Auflage, der 1997 anl\u00e4sslich der Einweihung der neuen Produktionsst\u00e4tte von Patek Philippe in Genf herausgegeben wurde.<\/p>\n<p style=\"text-align: left\"><strong>SPEZIFIKATIONEN:<\/strong><\/p>\n<p style=\"text-align: left\"><strong>UHRWERK:<\/strong> Kaliber 215 mit Handaufzug, 130 Teilen, 18 Steinen, 5 Br\u00fccken und einer Gyromax-Unruh.<\/p>\n<p style=\"text-align: left\"><strong>GEH\u00c4USE:<\/strong> 18K Gelbgold, rechteckige Form mit konkaven Seiten, Ma\u00dfe 41,0 x 26,5 mm.<\/p>\n<p style=\"text-align: left\"><strong>ZIFFERBLATT:<\/strong> Champagnerfarben mit erhabenen r\u00f6mischen Ziffern aus Gelbgold, kleiner Sekunde bei 6 Uhr und schwarz oxidierten Feuille-Zeigern aus Gold.<\/p>\n<p style=\"text-align: left\"><strong>GLAS:<\/strong> Gew\u00f6lbtes, kratzfestes Saphirglas.<\/p>\n<p style=\"text-align: left\"><strong>ARMBAND:<\/strong> Schwarzes Leder mit einer Dornschlie\u00dfe aus 18 Karat Gelbgold.<\/p>\n<p style=\"text-align: left\"><strong>BESONDERE MERKMALE:<\/strong> Auf dem Geh\u00e4useboden ist \u201eCommemoration 1997 Pagoda\u201c eingraviert, und die Uhr wurde urspr\u00fcnglich mit einer silbernen Gedenkm\u00fcnze pr\u00e4sentiert.<\/p>\n<p style=\"text-align: left\">Bitte z\u00f6gern Sie nicht, Fragen zu stellen, wir werden sie gerne beantworten. Virtuelle oder pers\u00f6nliche Besichtigung nur nach Vereinbarung.<\/p>\n","protected":false},"excerpt":{"rendered":"<p style=\"text-align: left\">Im Auftrag eines privaten Sammlers bieten wir eine seltene <strong>Patek Philippe Pagode ref. 5500J Limited Edition, kompletter Satz von 1997<\/strong> inkl. Gedenkm\u00fcnze<\/p>\n<p style=\"text-align: left\"><strong>ZUSTAND:<\/strong> brandneu und ungetragen.<\/p>\n<p style=\"text-align: left\"><strong>LIEFERUMFANG:<\/strong> absolut komplettes Set, wie urspr\u00fcnglich vom H\u00e4ndler verkauft, einschlie\u00dflich der silbernen Gedenkm\u00fcnze. (wie auf den Bildern gezeigt). Originalarmband (wie verkauft) und ein zus\u00e4tzliches, neues Patek-Armband (an der Uhr montiert)<\/p>\n<p style=\"text-align: left\"><strong>GARANTIE:<\/strong> Wir garantieren die Echtheit der Uhr. Wir bieten 12 Monate Garantie auf die korrekte Funktion dieses Zeitmessers.<\/p>\n","protected":false},"featured_media":26827,"template":"","meta":{"om_disable_all_campaigns":false,"_monsterinsights_skip_tracking":false,"_monsterinsights_sitenote_active":false,"_monsterinsights_sitenote_note":"","_monsterinsights_sitenote_category":0},"product_brand":[],"product_cat":[109,280],"product_tag":[],"class_list":{"0":"post-26428","1":"product","2":"type-product","3":"status-publish","4":"has-post-thumbnail","6":"product_cat-neo-vintage-de","7":"product_cat-patek-philippe-de","9":"first","10":"instock","11":"taxable","12":"shipping-taxable","13":"purchasable","14":"product-type-simple"},"aioseo_notices":[],"_links":{"self":[{"href":"https:\/\/chrono-scope.ch\/de\/wp-json\/wp\/v2\/product\/26428","targetHints":{"allow":["GET"]}}],"collection":[{"href":"https:\/\/chrono-scope.ch\/de\/wp-json\/wp\/v2\/product"}],"about":[{"href":"https:\/\/chrono-scope.ch\/de\/wp-json\/wp\/v2\/types\/product"}],"version-history":[{"count":1,"href":"https:\/\/chrono-scope.ch\/de\/wp-json\/wp\/v2\/product\/26428\/revisions"}],"predecessor-version":[{"id":26633,"href":"https:\/\/chrono-scope.ch\/de\/wp-json\/wp\/v2\/product\/26428\/revisions\/26633"}],"wp:featuredmedia":[{"embeddable":true,"href":"https:\/\/chrono-scope.ch\/de\/wp-json\/wp\/v2\/media\/26827"}],"wp:attachment":[{"href":"https:\/\/chrono-scope.ch\/de\/wp-json\/wp\/v2\/media?parent=26428"}],"wp:term":[{"taxonomy":"product_brand","embeddable":true,"href":"https:\/\/chrono-scope.ch\/de\/wp-json\/wp\/v2\/product_brand?post=26428"},{"taxonomy":"product_cat","embeddable":true,"href":"https:\/\/chrono-scope.ch\/de\/wp-json\/wp\/v2\/product_cat?post=26428"},{"taxonomy":"product_tag","embeddable":true,"href":"https:\/\/chrono-scope.ch\/de\/wp-json\/wp\/v2\/product_tag?post=26428"}],"curies":[{"name":"wp","href":"https:\/\/api.w.org\/{rel}","templated":true}]}}