{"id":26383,"date":"2025-06-10T08:51:10","date_gmt":"2025-06-10T08:51:10","guid":{"rendered":"https:\/\/nakyxozy.cyon.site\/?post_type=product&#038;p=26383"},"modified":"2025-06-10T08:51:35","modified_gmt":"2025-06-10T08:51:35","slug":"patek-philippe-calatrava-full-set-from-2022-first-owner-watch","status":"publish","type":"product","link":"https:\/\/chrono-scope.ch\/de\/produkt\/patek-philippe-calatrava-full-set-from-2022-first-owner-watch\/","title":{"rendered":"Patek Philippe Calatrava ref. 6007G-001 full set from 2024, first owner watch"},"content":{"rendered":"<p style=\"text-align: left\"><strong>DIE GESCHICHTE:<\/strong><\/p>\n<p style=\"text-align: left\">Patek Philippe erweitert seine Calatrava-Kollektion um drei neue Zeitmesser aus Wei\u00dfgold, die sich durch einen modernen, grafischen Stil auszeichnen.<\/p>\n<p style=\"text-align: left\">Die ebenholzschwarzen Zifferbl\u00e4tter zeichnen sich durch ihre rhythmische Geometrie aus, die durch drei Arten der Veredelung verst\u00e4rkt wird. In der Mitte befindet sich ein gepr\u00e4gtes Karbon-Muster.<\/p>\n<p style=\"text-align: left\">Dieses dynamische Design wird durch gelbe (6007G-001), rote (6007G-010) oder himmelblaue (6007G-011) Akzente auf den Z\u00e4hlern und Sekundenzeigern sowie auf den N\u00e4hten und dem Futter des schwarzen Kalbslederarmbands mit gepr\u00e4gtem \u201eCarbon\u201c-Muster unterstrichen.<\/p>\n<p style=\"text-align: left\">Im Herzen des vollst\u00e4ndig polierten Wei\u00dfgoldgeh\u00e4uses schl\u00e4gt das Kaliber 26-330 S C mit Automatikaufzug, Datum bei 3 Uhr und Sekundenstopp.<\/p>\n<p style=\"text-align: left\"><strong>SPEZIFIKATIONEN:<\/strong><\/p>\n<p style=\"text-align: left\"><strong>GEH\u00c4USE:<\/strong> Wei\u00dfgold. Durchmesser: 40 mm. H\u00f6he: 9,17 mm. Wasserdicht bis 30 m. Geh\u00e4useboden aus Saphirglas.<\/p>\n<p style=\"text-align: left\"><strong>UHRWERK:<\/strong> Mechanisches Uhrwerk mit automatischem Aufzug. Kaliber 26 330 S C\/430. Datum in einer Blende. Sekundenzeiger.<\/p>\n<p style=\"text-align: left\"><strong>ZIFFERBLATT:<\/strong> Ebenholzschwarz, in der Mitte gepr\u00e4gtes \u201eCarbon\u201c-Motiv, aufgesetzte goldene Ziffern mit wei\u00dfer Leuchtbeschichtung.<\/p>\n<p style=\"text-align: left\"><strong>BAND:<\/strong> Kalbsleder, gepr\u00e4gtes \u201eCarbon\u201c-Motiv, schwarz. Dornschlie\u00dfe.<br \/>\nBitte z\u00f6gern Sie nicht, Fragen zu stellen, wir werden sie gerne beantworten. Virtuelle oder pers\u00f6nliche Besichtigung nur nach Vereinbarung.<\/p>\n","protected":false},"excerpt":{"rendered":"<p style=\"text-align: left\">Im Auftrag eines privaten Sammlers bieten wir eine <strong>Patek Philippe Calatrava ref. 6007G-001 aus dem Jahr 2024<\/strong>, die Uhr des Erstbesitzers.<\/p>\n<p style=\"text-align: left\"><strong>ZUSTAND:<\/strong> brandneu und ungetragen.<\/p>\n<p style=\"text-align: left\"><strong>LIEFERUMFANG:<\/strong> Vollst\u00e4ndiges Set, wie urspr\u00fcnglich vom H\u00e4ndler verkauft, wie auf den Bildern gezeigt.<\/p>\n<p style=\"text-align: left\"><strong>GARANTIE:<\/strong> Wir garantieren die Echtheit der Uhr. F\u00fcr die Uhr gilt die Garantie des Herstellers.<\/p>\n","protected":false},"featured_media":26818,"template":"","meta":{"om_disable_all_campaigns":false,"_monsterinsights_skip_tracking":false,"_monsterinsights_sitenote_active":false,"_monsterinsights_sitenote_note":"","_monsterinsights_sitenote_category":0},"product_brand":[],"product_cat":[59,280],"product_tag":[],"class_list":{"0":"post-26383","1":"product","2":"type-product","3":"status-publish","4":"has-post-thumbnail","6":"product_cat-contemporary-de","7":"product_cat-patek-philippe-de","9":"first","10":"instock","11":"taxable","12":"shipping-taxable","13":"purchasable","14":"product-type-simple"},"aioseo_notices":[],"_links":{"self":[{"href":"https:\/\/chrono-scope.ch\/de\/wp-json\/wp\/v2\/product\/26383","targetHints":{"allow":["GET"]}}],"collection":[{"href":"https:\/\/chrono-scope.ch\/de\/wp-json\/wp\/v2\/product"}],"about":[{"href":"https:\/\/chrono-scope.ch\/de\/wp-json\/wp\/v2\/types\/product"}],"version-history":[{"count":4,"href":"https:\/\/chrono-scope.ch\/de\/wp-json\/wp\/v2\/product\/26383\/revisions"}],"predecessor-version":[{"id":26635,"href":"https:\/\/chrono-scope.ch\/de\/wp-json\/wp\/v2\/product\/26383\/revisions\/26635"}],"wp:featuredmedia":[{"embeddable":true,"href":"https:\/\/chrono-scope.ch\/de\/wp-json\/wp\/v2\/media\/26818"}],"wp:attachment":[{"href":"https:\/\/chrono-scope.ch\/de\/wp-json\/wp\/v2\/media?parent=26383"}],"wp:term":[{"taxonomy":"product_brand","embeddable":true,"href":"https:\/\/chrono-scope.ch\/de\/wp-json\/wp\/v2\/product_brand?post=26383"},{"taxonomy":"product_cat","embeddable":true,"href":"https:\/\/chrono-scope.ch\/de\/wp-json\/wp\/v2\/product_cat?post=26383"},{"taxonomy":"product_tag","embeddable":true,"href":"https:\/\/chrono-scope.ch\/de\/wp-json\/wp\/v2\/product_tag?post=26383"}],"curies":[{"name":"wp","href":"https:\/\/api.w.org\/{rel}","templated":true}]}}