{"id":26276,"date":"2025-05-28T17:13:40","date_gmt":"2025-05-28T17:13:40","guid":{"rendered":"https:\/\/nakyxozy.cyon.site\/product\/omega-bullseye-souvraen\/"},"modified":"2025-05-28T17:13:40","modified_gmt":"2025-05-28T17:13:40","slug":"omega-bullseye-souvraen","status":"publish","type":"product","link":"https:\/\/chrono-scope.ch\/de\/produkt\/omega-bullseye-souvraen\/","title":{"rendered":"Omega Bullseye Souvr\u00e4n"},"content":{"rendered":"<p style=\"text-align: left\"><b><span data-contrast=\"auto\">MODELL \/ REFERENZ:  <\/span><\/b><span data-contrast=\"auto\">Omega Suver\u00e4n f\u00fcr den schwedischen Markt, Referenz 2400-4. Die Seriennummer 10 Millionen datiert das Produktionsjahr auf ca. 1944.<\/span><span data-ccp-props=\"{\"201341983\":0,\"335557856\":16777215,\"335559739\":75,\"335559740\":240}\"> <\/span><\/p>\n<p style=\"text-align: left\"><b><span data-contrast=\"auto\">ZIFFERN+ZEIGER:<\/span><\/b><span data-contrast=\"auto\">  Das Zifferblatt beh\u00e4lt sein Bullseye-Schema bei, mit einem Hauch von leichter Farbtropenisierung und altersbedingten Sch\u00f6nheitsfehlern, vor allem in der N\u00e4he der Mitte. Der Aufdruck ist noch weitgehend intakt, mit einigen Verblassungen in der N\u00e4he der Eisenbahnschienen.   <\/span><span data-ccp-props=\"{}\"> <\/span><\/p>\n<p style=\"text-align: left\"><span data-contrast=\"auto\">Die Radiumfarbe auf den arabischen Ziffern ist verblasst und nicht mehr vorhanden.<\/span><span data-ccp-props=\"{}\"> <\/span><\/p>\n<p style=\"text-align: left\"><span data-contrast=\"auto\">Die Spritzenzeiger sind korrekt und die Lume-Inlays sind gealtert, aber intakt.  <\/span><span data-ccp-props=\"{}\"> <\/span><\/p>\n<p style=\"text-align: left\"><b><span data-contrast=\"auto\">GLAS:<\/span><\/b> <span data-contrast=\"auto\">Das Plexiglas scheint die richtige Form zu haben, obwohl es unsigniert ist. <\/span><span data-contrast=\"auto\">Es<\/span><span data-contrast=\"auto\"> Es ist sauber, ohne offensichtliche M\u00e4ngel oder Sch\u00e4den.<\/span><span data-ccp-props=\"{}\"> <\/span><\/p>\n<p style=\"text-align: left\"><b><span data-contrast=\"auto\">GEH\u00c4USE:<\/span><\/b> <span data-contrast=\"auto\">Das 35-mm-Geh\u00e4use aus Edelstahl verf\u00fcgt \u00fcber gebohrte, nach unten gerichtete Bandanst\u00f6\u00dfe, die sich von der Spitze der Bandanst\u00f6\u00dfe bis zur Spitze der Bandanst\u00f6\u00dfe \u00fcber 42 mm erstrecken und f\u00fcr eine gute Pr\u00e4senz und einen bequemen Sitz sorgen.<\/span><span data-ccp-props=\"{\"134233117\":false,\"134233118\":false,\"201341983\":0,\"335559738\":0,\"335559739\":0,\"335559740\":240,\"469777462\":[916,1832,2748,3664,4580,5496,6412,7328,8244,9160,10076,10992,11908,12824,13740,14656],\"469777927\":[0,0,0,0,0,0,0,0,0,0,0,0,0,0,0,0],\"469777928\":[1,1,1,1,1,1,1,1,1,1,1,1,1,1,1,1]}\"> <\/span><\/p>\n<p style=\"text-align: left\"><span data-contrast=\"auto\">Es beh\u00e4lt seine starke Form bei, bis hin zu der abgestuften, abgeschr\u00e4gten L\u00fcnette. Die scheinbar ungeschliffene Oberfl\u00e4che zeigt  <\/span><span data-contrast=\"auto\">verschiedene Gebrauchsspuren und Kratzer, dem Alter entsprechend.  <\/span><span data-ccp-props=\"{\"134233117\":false,\"134233118\":false,\"201341983\":0,\"335559738\":0,\"335559739\":0,\"335559740\":240,\"469777462\":[916,1832,2748,3664,4580,5496,6412,7328,8244,9160,10076,10992,11908,12824,13740,14656],\"469777927\":[0,0,0,0,0,0,0,0,0,0,0,0,0,0,0,0],\"469777928\":[1,1,1,1,1,1,1,1,1,1,1,1,1,1,1,1]}\"> <\/span><\/p>\n<p style=\"text-align: left\"><b><span data-contrast=\"auto\">GEH\u00c4USEBODEN:<\/span><\/b><span data-contrast=\"auto\"><span data-contrast=\"auto\">Der verschraubte Geh\u00e4useboden aus Edelstahl <\/span><\/span> <span data-contrast=\"auto\">ist in mittelm\u00e4\u00dfigem Zustand, mit sichtbaren Kratzern, vor allem in der N\u00e4he der sechs \u00d6ffnungen. Der eingravierte Text auf Schwedisch ist immer noch gestochen scharf und sehr gut lesbar.   <\/span><span data-ccp-props=\"{\"201341983\":0,\"335557856\":16777215,\"335559739\":0,\"335559740\":240}\"> <\/span><\/p>\n<p style=\"text-align: left\"><span data-contrast=\"auto\">Die Innenseite ist h\u00fcbsch verziert und mit der korrekten Nomenklatur f\u00fcr die damalige Zeit versehen<\/span><span data-contrast=\"auto\">.<\/span><span data-ccp-props=\"{\"201341983\":0,\"335559739\":0,\"335559740\":240}\"> <\/span><\/p>\n<p style=\"text-align: left\"><b><span data-contrast=\"auto\">KRONE:<\/span><\/b> <span data-contrast=\"auto\">Die<\/span><span data-contrast=\"auto\"> geriffelte Krone ist unsigniert und hat das korrekte, leicht gew\u00f6lbte Profil<\/span><span data-contrast=\"auto\">. Es  <\/span><span data-contrast=\"auto\">funktioniert perfekt, vom Aufziehen bis zur Zeiteinstellung.  <\/span><span data-ccp-props=\"{\"134233117\":true,\"134233118\":true,\"201341983\":0,\"335559740\":240}\"> <\/span><\/p>\n<p style=\"text-align: left\"><b><span data-contrast=\"auto\">URWERK:<\/span><\/b><span data-contrast=\"auto\"><span data-contrast=\"auto\"> Ein hauseigenes, manuell aufgezogenes 30T2 PC Uhrwerk mit 15 Steinen und<\/span><span data-contrast=\"auto\"> ist eine verbesserte Version des <\/span><span data-contrast=\"auto\">hoch angesehenen<\/span><span data-contrast=\"auto\">Kal. 30T2 \u00fcber eine Incabloc-Sto\u00dfsicherung.<\/span><\/span><span data-ccp-props=\"{\"201341983\":0,\"335557856\":16777215,\"335559739\":312,\"335559740\":240}\"> <\/span><\/p>\n<p style=\"text-align: left\"><span data-contrast=\"auto\">Es ist nummeriert und wurde auf gute mechanische Funktion gepr\u00fcft: Das Uhrwerk <\/span><span data-contrast=\"auto\">zieht sich reibungslos auf<\/span><span data-contrast=\"auto\"> und h\u00e4lt die Zeit genau ein.<\/span><span data-contrast=\"auto\"> <\/span><span data-ccp-props=\"{\"201341983\":0,\"335557856\":16777215,\"335559739\":312,\"335559740\":240}\"> <\/span><\/p>\n<p style=\"text-align: left\"><b><span data-contrast=\"auto\">BAND:<\/span><\/b><span data-contrast=\"auto\"> Echtes braunes Omega-Lederarmband, das <\/span><span data-contrast=\"auto\">ist 18 mm breit und wird mit einer signierten Dornschlie\u00dfe aus Edelstahl geliefert. <\/span> <span data-ccp-props=\"{\"201341983\":0,\"335557856\":16777215,\"335559739\":0,\"335559740\":240}\"> <\/span><\/p>\n<p style=\"text-align: left\"><b><span data-contrast=\"auto\">ZUBEH\u00d6R:<\/span><\/b><span data-contrast=\"auto\"><span data-contrast=\"auto\">Saffiano Leder Uhrenrolle<\/span><span data-contrast=\"auto\">.<\/span><\/span><span data-ccp-props=\"{\"134233117\":true,\"134233118\":true,\"201341983\":0,\"335559740\":240}\"> <\/span><\/p>\n<p style=\"text-align: left\"><b><span data-contrast=\"none\">GARANTIE:<\/span><\/b><span data-contrast=\"none\">Wir garantieren die Echtheit der Uhr. Au\u00dferdem gew\u00e4hren wir eine 12-monatige Garantie auf die einwandfreie Funktion dieses Zeitmessers. F\u00fcr alle Garantien gelten die Allgemeinen Gesch\u00e4ftsbedingungen.<\/span><span data-ccp-props=\"{\"134233117\":true,\"134233118\":true,\"201341983\":0,\"335557856\":16777215,\"335559740\":240}\"> <\/span><\/p>\n<p style=\"text-align: left\"><span data-contrast=\"none\">Bitte z\u00f6gern Sie nicht, Fragen zu stellen, wir werden sie gerne beantworten. Eine virtuelle oder pers\u00f6nliche Besichtigung ist nach Vereinbarung m\u00f6glich.<\/span><span data-ccp-props=\"{\"134233117\":true,\"134233118\":true,\"201341983\":0,\"335557856\":16777215,\"335559740\":240}\"> <\/span><\/p>\n","protected":false},"excerpt":{"rendered":"<p style=\"text-align: left\"><strong>Omega Suver\u00e4n Referenz 2400-4  <\/strong><\/p>\n<p style=\"text-align: left\"><span data-contrast=\"none\">Wir pr\u00e4sentieren im Auftrag eines Kunden eine Omega Suver\u00e4n Reference 2400-4 aus dem Jahr 1944.  <\/span><span data-ccp-props=\"{\"134233117\":false,\"134233118\":false,\"201341983\":0,\"335557856\":16777215,\"335559738\":0,\"335559739\":292,\"335559740\":240}\"> <\/span><\/p>\n<p style=\"text-align: left\"><span data-contrast=\"none\">Omega war im Alleingang f\u00fcr einige der bemerkenswertesten und historisch wichtigsten Uhren verantwortlich, die jemals hergestellt wurden. Deshalb wird die Marke immer mit so vielen wichtigen Ereignissen in Verbindung gebracht werden, von der Mondlandung bis zur Unterst\u00fctzung der schwedischen Kriegsanstrengungen in den 1940er Jahren durch den Verkauf dieses Modells, das auch als \u201eSuver\u00e4n\u201c bekannt ist. <\/span><span data-ccp-props=\"{\"134233117\":false,\"134233118\":false,\"201341983\":0,\"335557856\":16777215,\"335559738\":0,\"335559739\":292,\"335559740\":240}\"> <\/span><\/p>\n<p style=\"text-align: left\"><span data-contrast=\"auto\">Wenn es darum geht, die Zeit in ihrer einfachsten Form anzuzeigen, trifft dieser Zeitmesser den Nagel auf den Kopf, oder sollten wir sagen, ins Schwarze? <\/span><span data-contrast=\"auto\">????<\/span><span data-contrast=\"auto\"> <\/span><span data-ccp-props=\"{\"134233117\":true,\"134233118\":true,\"201341983\":0,\"335559739\":292,\"335559740\":240}\"> <\/span><\/p>\n<p style=\"text-align: left\"><span data-contrast=\"auto\">Bitte lesen Sie den Zustandsbericht sorgf\u00e4ltig durch und betrachten Sie die hochaufl\u00f6senden Bilder, um den Gesamtzustand der Uhr zu beurteilen.<\/span><span data-ccp-props=\"{\"134233117\":false,\"134233118\":false,\"201341983\":0,\"335557856\":16777215,\"335559738\":0,\"335559739\":0,\"335559740\":240}\"> <\/span><\/p>\n","protected":false},"featured_media":27385,"template":"","meta":{"om_disable_all_campaigns":false,"_monsterinsights_skip_tracking":false,"_monsterinsights_sitenote_active":false,"_monsterinsights_sitenote_note":"","_monsterinsights_sitenote_category":0},"product_brand":[],"product_cat":[61,74],"product_tag":[],"class_list":{"0":"post-26276","1":"product","2":"type-product","3":"status-publish","4":"has-post-thumbnail","6":"product_cat-omega-de","7":"product_cat-vintage-de","9":"first","10":"instock","11":"taxable","12":"shipping-taxable","13":"purchasable","14":"product-type-simple"},"aioseo_notices":[],"_links":{"self":[{"href":"https:\/\/chrono-scope.ch\/de\/wp-json\/wp\/v2\/product\/26276","targetHints":{"allow":["GET"]}}],"collection":[{"href":"https:\/\/chrono-scope.ch\/de\/wp-json\/wp\/v2\/product"}],"about":[{"href":"https:\/\/chrono-scope.ch\/de\/wp-json\/wp\/v2\/types\/product"}],"version-history":[{"count":0,"href":"https:\/\/chrono-scope.ch\/de\/wp-json\/wp\/v2\/product\/26276\/revisions"}],"wp:featuredmedia":[{"embeddable":true,"href":"https:\/\/chrono-scope.ch\/de\/wp-json\/wp\/v2\/media\/27385"}],"wp:attachment":[{"href":"https:\/\/chrono-scope.ch\/de\/wp-json\/wp\/v2\/media?parent=26276"}],"wp:term":[{"taxonomy":"product_brand","embeddable":true,"href":"https:\/\/chrono-scope.ch\/de\/wp-json\/wp\/v2\/product_brand?post=26276"},{"taxonomy":"product_cat","embeddable":true,"href":"https:\/\/chrono-scope.ch\/de\/wp-json\/wp\/v2\/product_cat?post=26276"},{"taxonomy":"product_tag","embeddable":true,"href":"https:\/\/chrono-scope.ch\/de\/wp-json\/wp\/v2\/product_tag?post=26276"}],"curies":[{"name":"wp","href":"https:\/\/api.w.org\/{rel}","templated":true}]}}