{"id":26080,"date":"2025-05-23T09:11:43","date_gmt":"2025-05-23T09:11:43","guid":{"rendered":"https:\/\/nakyxozy.cyon.site\/product\/doxa-sub-300t-searambler-aqua-lunge-unpoliert\/"},"modified":"2026-03-19T16:00:28","modified_gmt":"2026-03-19T16:00:28","slug":"doxa-sub-300t-searambler-aqua-lunge-unpoliert","status":"publish","type":"product","link":"https:\/\/chrono-scope.ch\/de\/produkt\/doxa-sub-300t-searambler-aqua-lunge-unpoliert\/","title":{"rendered":"SOLD &#8211; Doxa Sub 300T Searambler Aqua-Lung \u2013 unpolished"},"content":{"rendered":"<p style=\"text-align: left;\"><strong>MODELL \/ REFERENZ:<\/strong> Doxa Sub 300T \u201eSearambler\u201c, vertrieben von Aqua-Lung f\u00fcr den US-Markt. Die Referenznummer ist 11899-4 und die Seriennummer ist 6 \u201e668\u201c 035.<br \/>\nInventarnummer: 250512-1<\/p>\n<p style=\"text-align: left;\"><strong>ZIFFERN+ZEIGER:<\/strong> Silbernes Zifferblatt mit Sunray-Finish und in hervorragendem Zustand. Der Aufdruck ist gestochen scharf, einschlie\u00dflich des sehr gesuchten U.S. Divers Co. \/ Aqualung Logo. Das Datumsrad ist sauber.<br \/>\nDie Tritiumstreifen weisen ein gewisses Alter auf, das fast mit dem Farbton des originalen H\u00f6rers \u00fcbereinstimmt.<\/p>\n<p style=\"text-align: left;\"><strong>LAUTE:<\/strong> Ger\u00e4ndelte Edelstahl-Drehl\u00fcnette im originalen Vintage-Zustand mit verschiedenen Kratzern und Farbverlusten auf den Ziffern.<\/p>\n<p style=\"text-align: left;\"><strong>GLAS:<\/strong> Originaler Mineralkristall, der verschiedene Oberfl\u00e4chenkratzer aufweist.<\/p>\n<p style=\"text-align: left;\"><strong>GEH\u00c4USE<\/strong><strong>:<\/strong> 42,5 mm kissenf\u00f6rmiges Edelstahlgeh\u00e4use in ehrlichem Vintage-Zustand mit einigen Dellen und Kratzern, wie es das Alter und der Gebrauch einer Werkzeuguhr erwarten lassen.<br \/>\nDie Gr\u00f6\u00dfe von Ansto\u00df zu Ansto\u00df betr\u00e4gt 44 mm, Ansto\u00dfbreite 20 mm.<\/p>\n<p style=\"text-align: left;\"><strong>GEH\u00c4USEBODEN:<\/strong> Der verschraubte Edelstahlboden weist die \u00fcblichen Gebrauchsspuren auf. Die Innenseite ist sauber und werkseitig graviert.<\/p>\n<p style=\"text-align: left;\"><strong>KRONE:<\/strong> Unsignierte verschraubte Krone, wahrscheinlich ein Ersatz.<\/p>\n<p style=\"text-align: left;\"><strong>UHRWERK und FUNKTION:<\/strong> Signiertes Doxa Cal. 118 Automatikwerk mit Datum, basierend auf dem ETA 2472, 21 Lagersteine, 18000 Umdrehungen pro Minute. Das Uhrwerk wurde auf seine Ganggenauigkeit getestet, es h\u00e4lt die Zeit gut ein, und alle Funktionen funktionieren wie vorgesehen.<\/p>\n<p style=\"text-align: left;\"><strong>BAND:<\/strong> Expandro BOR Armband mit 7720-10 Endgliedern und einer signierten Synchron Schlie\u00dfe. Das Armband weist die \u00fcblichen Gebrauchsspuren auf und passt an ein Handgelenk von ca. 18,5 cm \/ 7,2 Zoll<\/p>\n<p style=\"text-align: left;\"><strong>ZUBEH\u00d6R:<\/strong> Saffiano Leder Uhrenrolle.<\/p>\n<p style=\"text-align: left;\"><strong>GARANTIE:<\/strong> Wir garantieren die Echtheit der Uhr. Wir gew\u00e4hren au\u00dferdem 12 Monate Garantie auf die korrekte Funktion dieses Zeitmessers. Alle Garantien unterliegen den Allgemeinen Gesch\u00e4ftsbedingungen.<br \/>\nBitte z\u00f6gern Sie nicht, Fragen zu stellen, wir werden sie gerne beantworten. Virtuelle oder pers\u00f6nliche Besichtigung nach Vereinbarung.<\/p>\n","protected":false},"excerpt":{"rendered":"<p style=\"text-align: left;\"><strong>Doxa Sub 300T Searambler \u201eAqua-Lung\u201c Referenz 11899-4, unpoliert<\/strong><\/p>\n<p style=\"text-align: left;\">Diese Doxa wurde f\u00fcr diejenigen gebaut, die dort wandern, wo das Land endet und das Meer beginnt. Sie tr\u00e4gt stolz das ikonische Aqualung-Logo als Anspielung auf Jacques Cousteaus Unterwasser-Odysseen.<br \/>\nDie Searambler ist Werkzeug und Talisman zugleich und l\u00e4dt Sie ein, durch Koralleng\u00e4nge zu treiben, Sonnenstrahlen ins Blaue zu jagen und alles au\u00dfer Zeit und Gezeiten aus den Augen zu verlieren.<br \/>\nZifferblatt, Geh\u00e4useboden, Uhrwerk und Armband sind signiert. Die Uhr wird mit 12 Monaten Garantie geliefert.<br \/>\n<strong>SPEZIFIKATIONEN; ZUSTANDSBERICHT;<\/strong> bitte sehen Sie sich die hochaufl\u00f6senden Bilder an, um den Zustand der Uhr zu beurteilen.<\/p>\n","protected":false},"featured_media":26067,"template":"","meta":{"om_disable_all_campaigns":false,"_monsterinsights_skip_tracking":false,"_monsterinsights_sitenote_active":false,"_monsterinsights_sitenote_note":"","_monsterinsights_sitenote_category":0},"product_brand":[],"product_cat":[113,74],"product_tag":[],"class_list":{"0":"post-26080","1":"product","2":"type-product","3":"status-publish","4":"has-post-thumbnail","6":"product_cat-stonedials-de","7":"product_cat-vintage-de","9":"first","10":"instock","11":"taxable","12":"shipping-taxable","13":"purchasable","14":"product-type-simple"},"aioseo_notices":[],"_links":{"self":[{"href":"https:\/\/chrono-scope.ch\/de\/wp-json\/wp\/v2\/product\/26080","targetHints":{"allow":["GET"]}}],"collection":[{"href":"https:\/\/chrono-scope.ch\/de\/wp-json\/wp\/v2\/product"}],"about":[{"href":"https:\/\/chrono-scope.ch\/de\/wp-json\/wp\/v2\/types\/product"}],"version-history":[{"count":3,"href":"https:\/\/chrono-scope.ch\/de\/wp-json\/wp\/v2\/product\/26080\/revisions"}],"predecessor-version":[{"id":37835,"href":"https:\/\/chrono-scope.ch\/de\/wp-json\/wp\/v2\/product\/26080\/revisions\/37835"}],"wp:featuredmedia":[{"embeddable":true,"href":"https:\/\/chrono-scope.ch\/de\/wp-json\/wp\/v2\/media\/26067"}],"wp:attachment":[{"href":"https:\/\/chrono-scope.ch\/de\/wp-json\/wp\/v2\/media?parent=26080"}],"wp:term":[{"taxonomy":"product_brand","embeddable":true,"href":"https:\/\/chrono-scope.ch\/de\/wp-json\/wp\/v2\/product_brand?post=26080"},{"taxonomy":"product_cat","embeddable":true,"href":"https:\/\/chrono-scope.ch\/de\/wp-json\/wp\/v2\/product_cat?post=26080"},{"taxonomy":"product_tag","embeddable":true,"href":"https:\/\/chrono-scope.ch\/de\/wp-json\/wp\/v2\/product_tag?post=26080"}],"curies":[{"name":"wp","href":"https:\/\/api.w.org\/{rel}","templated":true}]}}