{"id":25858,"date":"2025-05-13T17:31:47","date_gmt":"2025-05-13T17:31:47","guid":{"rendered":"https:\/\/nakyxozy.cyon.site\/product\/urban-juergensen-ref-1140-aus-gelbgold-guillochiertes-zifferblatt-tropfenfoermige-bandanstoesse-p4-uhrwerk\/"},"modified":"2025-12-15T13:42:29","modified_gmt":"2025-12-15T13:42:29","slug":"urban-juergensen-ref-1140-aus-gelbgold-guillochiertes-zifferblatt-tropfenfoermige-bandanstoesse-p4-uhrwerk","status":"publish","type":"product","link":"https:\/\/chrono-scope.ch\/de\/produkt\/urban-juergensen-ref-1140-aus-gelbgold-guillochiertes-zifferblatt-tropfenfoermige-bandanstoesse-p4-uhrwerk\/","title":{"rendered":"SOLD &#8211; Urban J\u00fcrgensen Ref. 1140 in yellow gold, guilloche dial, teardrop lugs, P4 movement"},"content":{"rendered":"<p style=\"text-align: left\"><strong>DIE GESCHICHTE:<\/strong><br \/>\nUrban J\u00fcrgensen ist f\u00fcr seine akribische Handwerkskunst bekannt, und diese Uhr bildet da keine Ausnahme. Das Zifferblatt wird vollst\u00e4ndig von Hand mit traditionellen Drechseltechniken hergestellt, was bis zu 700 Arbeitsg\u00e4nge und zwei volle Tage Arbeit erfordert. Auch die Zeiger sind handgefertigt, was die Exklusivit\u00e4t dieses St\u00fccks noch verst\u00e4rkt.<\/p>\n<p style=\"text-align: left\"><strong>GEH\u00c4USE&amp;ANSCHL\u00c4GE:<\/strong> Das Geh\u00e4use aus 18-kar\u00e4tigem Gelbgold ist elegant poliert, und die tropfenf\u00f6rmigen Bandanst\u00f6\u00dfe sind einzeln von Hand gel\u00f6tet &#8211; ein Vorgang, der in der modernen Uhrmacherei aufgrund seiner Komplexit\u00e4t selten ist.<\/p>\n<p style=\"text-align: left\"><strong>HANDGEFERTIGTES ZIFFERBLATT:<\/strong> Das schwarze guillochierte Zifferblatt wird mit jahrhundertealten Techniken gedreht. Dieser Prozess erfordert immense Pr\u00e4zision, wobei jedes Muster akribisch in die Metalloberfl\u00e4che geritzt wird.<\/p>\n<p style=\"text-align: left\"><strong>MASSGEFERTIGTE ZEIGER:<\/strong> Die Uhrzeiger sind aus poliertem Stahl oder Gold handgefertigt. Die f\u00fcr Urban J\u00fcrgensen typische augenf\u00f6rmige Spitze ist sorgf\u00e4ltig geformt und sorgt f\u00fcr optische Ausgewogenheit und hervorragende Lesbarkeit.<\/p>\n<p style=\"text-align: left\"><strong>VEREDELUNG DES UHRWERKS:<\/strong> Das Kaliber P4 mit Handaufzug ist mit Genfer Streifen, Anglage (abgeschr\u00e4gten Kanten) und von Hand aufgetragenen Poliertechniken veredelt, die die hohen Standards der Uhrmacherkunst widerspiegeln.<\/p>\n<p style=\"text-align: left\"><strong>SPEZIFIKATIONEN:<\/strong><\/p>\n<p>GEH\u00c4USE&amp;ZIFFERN<strong>:<\/strong> 18k Gelbgold, 40mm Geh\u00e4usedurchmesser, einzeln gel\u00f6tete tropfenf\u00f6rmige Bandanst\u00f6\u00dfe, Saphirglas und Displayboden.<\/p>\n<p style=\"text-align: left\"><strong>ZIFFERBLATT:<\/strong> Schwarz guillochiert mit applizierten goldenen Stundenmarkierungen<\/p>\n<p style=\"text-align: left\"><strong>UHRWERK:<\/strong> Kaliber: P4, Handaufzug, Juwelen: 23, Gangreserve: 72 Stunden<\/p>\n<p style=\"text-align: left\">Bitte z\u00f6gern Sie nicht, Fragen zu stellen, wir werden sie gerne beantworten.<\/p>\n","protected":false},"excerpt":{"rendered":"<p style=\"text-align: left\"><strong>Urban J\u00fcrgensen ref. 1140 in Gelbgold, guillochiertes Zifferblatt, tropfenf\u00f6rmige \u00d6sen<\/strong><\/p>\n<p style=\"text-align: left\">Wir sind stolz darauf, Ihnen eine seltene Urban J\u00fcrgensen Reference 1140YG pr\u00e4sentieren zu k\u00f6nnen, einen raffinierten und eleganten Zeitmesser aus 18 Karat Gelbgold mit einem schwarz guillochierten Zifferblatt. Sie verf\u00fcgt \u00fcber tropfenf\u00f6rmige Bandanst\u00f6\u00dfe, ein charakteristisches Designelement der Marke, und wird von dem exklusiven Handaufzugswerk Cal. P4 Uhrwerk angetrieben.<\/p>\n<p style=\"text-align: left\">Die Uhr wird mit einem Auszug aus dem Archiv, der Originalbox und 12 Monaten Garantie geliefert.<\/p>\n<p style=\"text-align: left\"><strong>ZUSTAND:<\/strong> neuwertig, ein paar Mal vorsichtig getragen. Brandneues Urban J\u00fcrgensen Alligatorlederarmband mit original Urban J\u00fcrgensen Schlie\u00dfe aus 18 Karat Gold. Bitte sehen Sie sich die hochaufl\u00f6senden, unver\u00e4nderten Bilder an, um den Zustand des Zeitmessers zu beurteilen.<\/p>\n<p style=\"text-align: left\"><strong>ZUBEH\u00d6R:<\/strong> Archivauszug, Originalverpackung, Reinigungstuch und wie auf den Bildern gezeigt.<\/p>\n<p style=\"text-align: left\"><strong>GARANTIE:<\/strong> Wir garantieren die Echtheit der Uhr. Wir gew\u00e4hren au\u00dferdem 12 Monate Garantie auf die aktuelle Funktion dieses Zeitmessers.<\/p>\n","protected":false},"featured_media":25854,"template":"","meta":{"om_disable_all_campaigns":false,"_monsterinsights_skip_tracking":false,"_monsterinsights_sitenote_active":false,"_monsterinsights_sitenote_note":"","_monsterinsights_sitenote_category":0},"product_brand":[],"product_cat":[59,60,71],"product_tag":[],"class_list":{"0":"post-25858","1":"product","2":"type-product","3":"status-publish","4":"has-post-thumbnail","6":"product_cat-contemporary-de","7":"product_cat-featured-de","8":"product_cat-verkaufte-uhren","10":"first","11":"instock","12":"taxable","13":"shipping-taxable","14":"purchasable","15":"product-type-simple"},"aioseo_notices":[],"_links":{"self":[{"href":"https:\/\/chrono-scope.ch\/de\/wp-json\/wp\/v2\/product\/25858","targetHints":{"allow":["GET"]}}],"collection":[{"href":"https:\/\/chrono-scope.ch\/de\/wp-json\/wp\/v2\/product"}],"about":[{"href":"https:\/\/chrono-scope.ch\/de\/wp-json\/wp\/v2\/types\/product"}],"version-history":[{"count":3,"href":"https:\/\/chrono-scope.ch\/de\/wp-json\/wp\/v2\/product\/25858\/revisions"}],"predecessor-version":[{"id":33751,"href":"https:\/\/chrono-scope.ch\/de\/wp-json\/wp\/v2\/product\/25858\/revisions\/33751"}],"wp:featuredmedia":[{"embeddable":true,"href":"https:\/\/chrono-scope.ch\/de\/wp-json\/wp\/v2\/media\/25854"}],"wp:attachment":[{"href":"https:\/\/chrono-scope.ch\/de\/wp-json\/wp\/v2\/media?parent=25858"}],"wp:term":[{"taxonomy":"product_brand","embeddable":true,"href":"https:\/\/chrono-scope.ch\/de\/wp-json\/wp\/v2\/product_brand?post=25858"},{"taxonomy":"product_cat","embeddable":true,"href":"https:\/\/chrono-scope.ch\/de\/wp-json\/wp\/v2\/product_cat?post=25858"},{"taxonomy":"product_tag","embeddable":true,"href":"https:\/\/chrono-scope.ch\/de\/wp-json\/wp\/v2\/product_tag?post=25858"}],"curies":[{"name":"wp","href":"https:\/\/api.w.org\/{rel}","templated":true}]}}