{"id":25822,"date":"2025-05-13T11:55:15","date_gmt":"2025-05-13T11:55:15","guid":{"rendered":"https:\/\/nakyxozy.cyon.site\/?post_type=product&#038;p=25822"},"modified":"2025-10-06T11:32:16","modified_gmt":"2025-10-06T11:32:16","slug":"rolex-vintage-datejust-ref-1601-from-1970-with-silver-pie-pan-dial-serviced","status":"publish","type":"product","link":"https:\/\/chrono-scope.ch\/de\/produkt\/rolex-vintage-datejust-ref-1601-from-1970-with-silver-pie-pan-dial-serviced\/","title":{"rendered":"RESERVED &#8211; Rolex Vintage Datejust Ref. 1601 from 1970 with silver pie-pan dial, serviced"},"content":{"rendered":"<p style=\"text-align: left\"><strong>SPEZIFIKATIONEN; ZUSTANDSBERICHT;<\/strong> bitte sehen Sie sich die hochaufl\u00f6senden Bilder an, um den Zustand der Uhr zu beurteilen.<\/p>\n<p style=\"text-align: left\"><strong>MODELL \/ REFERENZ:<\/strong> Rolex Datejust Ref. 1601. Die Seriennummer 2&#8217;357&#8217;220 datiert die Produktion auf etwa. 1970. Inventarnummer: 250411-1<\/p>\n<p style=\"text-align: left\"><strong>ZIFFERBLATT+ZEIGER:<\/strong> silbernes &#8222;gestuftes&#8220; oder &#8222;pie-pan&#8220; Zifferblatt in nahezu neuwertigem Zustand. Dieses nicht-lumineske Zifferblatt mit silbernem Sonnenschliff ist wundersch\u00f6n erhalten. Die Schrift ist klar und deutlich. Das Datumsrad ist sauber. Bei starkem direktem Lichteinfall zeigen einige der Wei\u00dfgoldindexe einen gelbgoldenen Farbton.<br \/>\nDer H\u00f6rer ist in ausgezeichnetem Zustand.<\/p>\n<p style=\"text-align: left\"><strong>L\u00dcNETTE:<\/strong> Wei\u00dfgoldl\u00fcnette in sehr gutem Zustand<\/p>\n<p style=\"text-align: left\"><strong>GLAS:<\/strong> Plexiglas in sehr gutem Zustand<\/p>\n<p style=\"text-align: left\"><strong>GEH\u00c4USE:<\/strong> 36 mm Edelstahlgeh\u00e4use in gutem Zustand mit leichten Gebrauchsspuren. Die Referenz und die Gravur der Seriennummer zwischen den Bandanst\u00f6\u00dfen sind gestochen scharf.<br \/>\nDie Gr\u00f6\u00dfe der Bandanst\u00f6\u00dfe betr\u00e4gt 43 mm, die Breite der Bandanst\u00f6\u00dfe 20 mm, die Dicke einschlie\u00dflich des Glases ca. 12 mm.<\/p>\n<p style=\"text-align: left\"><strong>GEH\u00c4USEBODEN:<\/strong> Der Original-Edelstahlboden weist leichte Oberfl\u00e4chenspuren auf. Der innere Geh\u00e4useboden ist werkseitig graviert und tr\u00e4gt die Referenznummer.<\/p>\n<p style=\"text-align: left\"><strong>KRONE:<\/strong> Rolex Twinlock verschraubte Krone<\/p>\n<p style=\"text-align: left\"><strong>UHRWERK und FUNKTION:<\/strong> Kal. 1570 Automatikwerk, 26 Lagersteine, 19800 Umdrehungen pro Minute. Das Uhrwerk wurde gewartet, l\u00e4uft gut und h\u00e4lt die Zeit gut ein.<\/p>\n<p style=\"text-align: left\"><strong>BAND:<\/strong> Rolex Jubilee-Armband 62510H mit 55 Endgliedern. W\u00e4hrend das Armband zur Uhr zu passen scheint, ist die Schlie\u00dfe wahrscheinlich ein sp\u00e4terer Ersatz. Das Armband ist dehnbar, wie bei Vintage-Jubil\u00e4umsarmb\u00e4ndern \u00fcblich. Es passt f\u00fcr ein Handgelenk von ca. 18,5 cm \/ 7,2 Zoll<\/p>\n<p style=\"text-align: left\"><strong>ZUBEH\u00d6R:<\/strong> Saffiano Leder Uhrenrolle. Eine klassische Rolex Innen- und Au\u00dfenbox ist auf Anfrage gegen Aufpreis erh\u00e4ltlich.<\/p>\n<p style=\"text-align: left\"><strong>GARANTIE:<\/strong> Wir garantieren die Echtheit der Uhr. Wir gew\u00e4hren au\u00dferdem 12 Monate Garantie auf die korrekte Funktion dieses Zeitmessers.<\/p>\n<p style=\"text-align: left\">Alle Garantien unterliegen den Allgemeinen Gesch\u00e4ftsbedingungen.<br \/>\nBitte z\u00f6gern Sie nicht, Fragen zu stellen, wir werden sie gerne beantworten. Virtuelle oder pers\u00f6nliche Besichtigung nach Vereinbarung.<\/p>\n","protected":false},"excerpt":{"rendered":"<p style=\"text-align: left\">Verf\u00fcgbar ist eine fr\u00fche <strong>Rolex Vintage Datejust Ref. 1601 von 1970<\/strong> mit silbernem Pie-Pan-Zifferblatt, gewartet. Das silberne Zifferblatt mit Sonnenschliff ist wundersch\u00f6n erhalten. Diese klassische Datejust mit Wei\u00dfgoldl\u00fcnette kommt nie aus der Mode und bietet immer noch ein gutes Preis-Leistungs-Verh\u00e4ltnis.<br \/>\nZifferblatt, Krone, Geh\u00e4useboden, Werk und Armband signiert. Die Uhr wird mit 12 Monaten Garantie geliefert.<\/p>\n","protected":false},"featured_media":25794,"template":"","meta":{"om_disable_all_campaigns":false,"_monsterinsights_skip_tracking":false,"_monsterinsights_sitenote_active":false,"_monsterinsights_sitenote_note":"","_monsterinsights_sitenote_category":0},"product_brand":[],"product_cat":[62,71,74],"product_tag":[],"class_list":{"0":"post-25822","1":"product","2":"type-product","3":"status-publish","4":"has-post-thumbnail","6":"product_cat-rolex-de","7":"product_cat-verkaufte-uhren","8":"product_cat-vintage-de","10":"first","11":"outofstock","12":"taxable","13":"shipping-taxable","14":"purchasable","15":"product-type-simple"},"aioseo_notices":[],"_links":{"self":[{"href":"https:\/\/chrono-scope.ch\/de\/wp-json\/wp\/v2\/product\/25822","targetHints":{"allow":["GET"]}}],"collection":[{"href":"https:\/\/chrono-scope.ch\/de\/wp-json\/wp\/v2\/product"}],"about":[{"href":"https:\/\/chrono-scope.ch\/de\/wp-json\/wp\/v2\/types\/product"}],"version-history":[{"count":3,"href":"https:\/\/chrono-scope.ch\/de\/wp-json\/wp\/v2\/product\/25822\/revisions"}],"predecessor-version":[{"id":30103,"href":"https:\/\/chrono-scope.ch\/de\/wp-json\/wp\/v2\/product\/25822\/revisions\/30103"}],"wp:featuredmedia":[{"embeddable":true,"href":"https:\/\/chrono-scope.ch\/de\/wp-json\/wp\/v2\/media\/25794"}],"wp:attachment":[{"href":"https:\/\/chrono-scope.ch\/de\/wp-json\/wp\/v2\/media?parent=25822"}],"wp:term":[{"taxonomy":"product_brand","embeddable":true,"href":"https:\/\/chrono-scope.ch\/de\/wp-json\/wp\/v2\/product_brand?post=25822"},{"taxonomy":"product_cat","embeddable":true,"href":"https:\/\/chrono-scope.ch\/de\/wp-json\/wp\/v2\/product_cat?post=25822"},{"taxonomy":"product_tag","embeddable":true,"href":"https:\/\/chrono-scope.ch\/de\/wp-json\/wp\/v2\/product_tag?post=25822"}],"curies":[{"name":"wp","href":"https:\/\/api.w.org\/{rel}","templated":true}]}}