{"id":25553,"date":"2025-05-06T08:35:16","date_gmt":"2025-05-06T08:35:16","guid":{"rendered":"https:\/\/nakyxozy.cyon.site\/?post_type=product&#038;p=25553"},"modified":"2025-05-06T08:35:43","modified_gmt":"2025-05-06T08:35:43","slug":"universal-geneve-gilt-shadow-ultra-slim-micro-rotor-cal-2-66-gewartet-mit-box-garantie","status":"publish","type":"product","link":"https:\/\/chrono-scope.ch\/de\/produkt\/universal-geneve-gilt-shadow-ultra-slim-micro-rotor-cal-2-66-gewartet-mit-box-garantie\/","title":{"rendered":"Universal Gen\u00e8ve Gilt Shadow ultra slim, Micro-Rotor Cal. 2-66, gewartet mit Box, Garantie"},"content":{"rendered":"<p style=\"text-align: left\"><strong>MODELL \/ REFERENZ:<\/strong> Universal Geneve &#8222;Vergoldeter Schatten&#8220; Ref. 566105, Seriennummer 2405306. Inventarnummer: 250401-1<\/p>\n<p style=\"text-align: left\"><strong>ZIFFERBLATT+ZEIGER:<\/strong> Originales Zifferblatt und Zeiger in neuwertigem Zustand.<\/p>\n<p style=\"text-align: left\"><strong>GLAS:<\/strong> Der Mineralkristall ist sauber und hat keine Chips oder Kratzer.<\/p>\n<p style=\"text-align: left\"><strong>GEH\u00c4USE:<\/strong> Vergoldetes Geh\u00e4use mit einer Breite von 32 mm (ohne Krone) und einem Durchmesser von 38 mm von Stange zu Stange. Einrastbarer Geh\u00e4useboden aus Edelstahl<\/p>\n<p style=\"text-align: left\"><strong>KROWNE:<\/strong> original signierte Krone<\/p>\n<p style=\"text-align: left\"><strong>UHRWERK:<\/strong> Das hauseigene Kal. 2-66 beanspruchte damals den Titel f\u00fcr das flachste Automatikwerk der Welt. Im Januar 2025 wurde es f\u00fcr \u00fcber 500 Euro vollst\u00e4ndig gewartet. 2 Jahre Garantie.<\/p>\n<p style=\"text-align: left\"><strong>BAND:<\/strong> brandneues Eidechsenarmband mit unsignierter, vergoldeter Stahlschlie\u00dfe.<\/p>\n<p style=\"text-align: left\"><strong>ZUBEH\u00d6R:<\/strong> Original Universal Geneve Box, Service-Garantie<\/p>\n<p style=\"text-align: left\"><strong>GARANTIE:<\/strong> Wir garantieren die Echtheit der Uhr. Wir gew\u00e4hren au\u00dferdem 12 Monate Garantie auf die korrekte Funktion dieses Zeitmessers. Alle Garantien unterliegen den Allgemeinen Gesch\u00e4ftsbedingungen.<br \/>\nBitte z\u00f6gern Sie nicht, Fragen zu stellen, wir werden sie gerne beantworten. Eine pers\u00f6nliche oder virtuelle Besichtigung ist nach Vereinbarung m\u00f6glich.<\/p>\n","protected":false},"excerpt":{"rendered":"<p style=\"text-align: left\"><strong>Universal Geneve Gilt Shadow ultra slim, Micro-Rotor Cal. 2-66, gewartet mit Box, Garantie<\/strong><br \/>\nZum Verkauf steht eine wundersch\u00f6ne und komplett originale Universal Geneve Gilt Shadow aus dem Jahr 1970, angetrieben durch den ber\u00fchmten Micro-Rotor Cal. 2-66. Sie wurde gerade vollst\u00e4ndig gewartet und wird mit ihrer Originalbox und 2 Jahren Garantie geliefert.<br \/>\nBitte lesen Sie den Zustandsbericht sorgf\u00e4ltig durch und betrachten Sie die hochaufl\u00f6senden Bilder, um den Gesamtzustand der Uhr zu beurteilen.<\/p>\n","protected":false},"featured_media":25532,"template":"","meta":{"om_disable_all_campaigns":false,"_monsterinsights_skip_tracking":false,"_monsterinsights_sitenote_active":false,"_monsterinsights_sitenote_note":"","_monsterinsights_sitenote_category":0},"product_brand":[],"product_cat":[112,74],"product_tag":[],"class_list":{"0":"post-25553","1":"product","2":"type-product","3":"status-publish","4":"has-post-thumbnail","6":"product_cat-universal-geneve-de","7":"product_cat-vintage-de","9":"first","10":"instock","11":"taxable","12":"shipping-taxable","13":"purchasable","14":"product-type-simple"},"aioseo_notices":[],"_links":{"self":[{"href":"https:\/\/chrono-scope.ch\/de\/wp-json\/wp\/v2\/product\/25553","targetHints":{"allow":["GET"]}}],"collection":[{"href":"https:\/\/chrono-scope.ch\/de\/wp-json\/wp\/v2\/product"}],"about":[{"href":"https:\/\/chrono-scope.ch\/de\/wp-json\/wp\/v2\/types\/product"}],"version-history":[{"count":1,"href":"https:\/\/chrono-scope.ch\/de\/wp-json\/wp\/v2\/product\/25553\/revisions"}],"predecessor-version":[{"id":25744,"href":"https:\/\/chrono-scope.ch\/de\/wp-json\/wp\/v2\/product\/25553\/revisions\/25744"}],"wp:featuredmedia":[{"embeddable":true,"href":"https:\/\/chrono-scope.ch\/de\/wp-json\/wp\/v2\/media\/25532"}],"wp:attachment":[{"href":"https:\/\/chrono-scope.ch\/de\/wp-json\/wp\/v2\/media?parent=25553"}],"wp:term":[{"taxonomy":"product_brand","embeddable":true,"href":"https:\/\/chrono-scope.ch\/de\/wp-json\/wp\/v2\/product_brand?post=25553"},{"taxonomy":"product_cat","embeddable":true,"href":"https:\/\/chrono-scope.ch\/de\/wp-json\/wp\/v2\/product_cat?post=25553"},{"taxonomy":"product_tag","embeddable":true,"href":"https:\/\/chrono-scope.ch\/de\/wp-json\/wp\/v2\/product_tag?post=25553"}],"curies":[{"name":"wp","href":"https:\/\/api.w.org\/{rel}","templated":true}]}}