{"id":25516,"date":"2025-05-02T11:58:20","date_gmt":"2025-05-02T11:58:20","guid":{"rendered":"https:\/\/nakyxozy.cyon.site\/product\/breitling-vintage-bullhead-chronograph-reference-2117-mint-condition\/"},"modified":"2025-05-02T11:58:20","modified_gmt":"2025-05-02T11:58:20","slug":"breitling-vintage-bullhead-chronograph-reference-2117-mint-condition","status":"publish","type":"product","link":"https:\/\/chrono-scope.ch\/de\/produkt\/breitling-vintage-bullhead-chronograph-reference-2117-mint-condition\/","title":{"rendered":"Breitling Vintage Bullhead Chronograph Reference 2117, mint condition"},"content":{"rendered":"<p style=\"text-align: left\"><strong>MODELL \/ REFERENZ:<\/strong> Breitling Chrono-Matic &#8222;Bullhead&#8220; Chronograph Referenz 2117. Die Seriennummer lautet 1371029, das Produktionsjahr wird auf ca. 1971 datiert. <\/p>\n<p style=\"text-align: left\"><strong>ZIFFERBLATT+ ZEIGER<\/strong>: Das saubere Zifferblatt ist wunderbar erhalten mit einer lebendigen dreifarbigen Farbpalette und hellen Hilfszifferbl\u00e4ttern. Der Druck ist gestochen scharf und vollst\u00e4ndig, von der Mitte bis zu den beiden Pulsometer-\/Tachymeterskalen am Rand.<br \/>\nDas Datumsfenster bei drei zeigt eine saubere Datumsscheibe.<br \/>\nDie applizierten Stundenmarkierungen sind mit intakten Tritiumplots gekoppelt, die einen tiefen beigen Farbton angenommen haben.<br \/>\nDer orangefarbene Zeiger ist korrekt und in sch\u00f6nem Vintage-Zustand mit intakten Lume-Inlays, die zur Farbe der Stundenindizes passen. <\/p>\n<p style=\"text-align: left\"><strong>GEH\u00c4USE:<\/strong> Das Edelstahlgeh\u00e4use hat ein unverwechselbares asymmetrisches Profil, das in einem Winkel von 45 Grad abgewinkelt ist. Die Ma\u00dfe sind 42 mm im Durchmesser und 48 mm von Ansatz zu Ansatz.<br \/>\nDas Geh\u00e4use ist in einem hervorragend erhaltenen Zustand, mit unver\u00e4nderter, kreisf\u00f6rmiger, geb\u00fcrsteter Oberfl\u00e4che und sehr geringen Gebrauchsspuren, die einem sehr vorsichtigen Tragen entsprechen.<br \/>\nDie bidirektional drehbare L\u00fcnette mit zweifarbigem Aluminiumeinsatz ist fast makellos, mit einer kleinen Markierung zwischen den 40 und 45 Minutenmarkierungen. <\/p>\n<p style=\"text-align: left\"><strong>GEH\u00c4USEBODEN:<\/strong> Der verschraubte Edelstahlboden ist in einem insgesamt guten \u00e4sthetischen Zustand, mit einer intakten geb\u00fcrsteten Oberfl\u00e4che, die mit sehr scharfen Gravuren und einigen Kratzern von fr\u00fcheren \u00d6ffnungsversuchen versehen ist.<br \/>\nDas Innere tr\u00e4gt die Signatur des Herstellers zusammen mit Gebrauchsspuren und kleinen Oxidationsspuren.<\/p>\n<p style=\"text-align: left\"><strong>GLAS:<\/strong> Das gew\u00f6lbte Plexiglasglas weist feine Oberfl\u00e4chenkratzer auf, die wegpoliert werden k\u00f6nnen.<\/p>\n<p style=\"text-align: left\"><strong>KRONEN+DR\u00dcCKER:<\/strong> Die signierte, versenkte Krone befindet sich bei 6 Uhr, scheint korrekt zu sein und funktioniert einwandfrei.<br \/>\nDie originalen Pumpendr\u00fccker bei 12 Uhr starten und stoppen die Chronographenfunktionen mit klarem Feedback.<\/p>\n<p style=\"text-align: left\"><strong>UHRWERK:<\/strong> Das nockengeschaltete Cal. 12 automatische Chronographenwerk bietet eine Bi-Compax-Anzeige mit einem 30-Minuten-Register und einem 12-Stunden-Totalisator.<br \/>\nDie Datumsfunktion kann halbschnell eingestellt werden.<br \/>\nDas Uhrwerk ist sauber, und alle Funktionen wurden \u00fcberpr\u00fcft. Die Uhr geht gut, und alles funktioniert wie vorgesehen. <\/p>\n<p style=\"text-align: left\"><strong>BAND:<\/strong> 21mm, braunes Lederarmband im Rallye-Stil und eine unsignierte Dornschlie\u00dfe aus Stahl.<\/p>\n<p style=\"text-align: left\"><strong>ZUBEH\u00d6R<\/strong>: Saffiano Leder Uhrenrolle.<\/p>\n<p style=\"text-align: left\"><strong>GARANTIE:<\/strong> Wir garantieren die Echtheit der Uhr. Wir gew\u00e4hren au\u00dferdem 12 Monate Garantie auf die korrekte Funktion dieses Zeitmessers. Alle Garantien unterliegen den Allgemeinen Gesch\u00e4ftsbedingungen.<br \/>\nBitte z\u00f6gern Sie nicht, Fragen zu stellen, wir werden sie gerne beantworten. Eine pers\u00f6nliche oder virtuelle Besichtigung ist nach Vereinbarung m\u00f6glich.<\/p>\n","protected":false},"excerpt":{"rendered":"<p style=\"text-align: left\"><strong>Breitling Bullhead Chronograph Reference 2117<\/strong><br \/>\nWie eine abtr\u00fcnnige Krone thront dieser Breitling Chronograph am Handgelenk und verspr\u00fcht den rastlosen Geist der siebziger Jahre.<\/p>\n<p style=\"text-align: left\">Bitte lesen Sie den Zustandsbericht sorgf\u00e4ltig durch und betrachten Sie die hochaufl\u00f6senden Bilder, um den Gesamtzustand der Uhr zu beurteilen.<\/p>\n","protected":false},"featured_media":25511,"template":"","meta":{"om_disable_all_campaigns":false,"_monsterinsights_skip_tracking":false,"_monsterinsights_sitenote_active":false,"_monsterinsights_sitenote_note":"","_monsterinsights_sitenote_category":0},"product_brand":[],"product_cat":[60,74],"product_tag":[],"class_list":{"0":"post-25516","1":"product","2":"type-product","3":"status-publish","4":"has-post-thumbnail","6":"product_cat-featured-de","7":"product_cat-vintage-de","9":"first","10":"instock","11":"taxable","12":"shipping-taxable","13":"purchasable","14":"product-type-simple"},"aioseo_notices":[],"_links":{"self":[{"href":"https:\/\/chrono-scope.ch\/de\/wp-json\/wp\/v2\/product\/25516","targetHints":{"allow":["GET"]}}],"collection":[{"href":"https:\/\/chrono-scope.ch\/de\/wp-json\/wp\/v2\/product"}],"about":[{"href":"https:\/\/chrono-scope.ch\/de\/wp-json\/wp\/v2\/types\/product"}],"version-history":[{"count":0,"href":"https:\/\/chrono-scope.ch\/de\/wp-json\/wp\/v2\/product\/25516\/revisions"}],"wp:featuredmedia":[{"embeddable":true,"href":"https:\/\/chrono-scope.ch\/de\/wp-json\/wp\/v2\/media\/25511"}],"wp:attachment":[{"href":"https:\/\/chrono-scope.ch\/de\/wp-json\/wp\/v2\/media?parent=25516"}],"wp:term":[{"taxonomy":"product_brand","embeddable":true,"href":"https:\/\/chrono-scope.ch\/de\/wp-json\/wp\/v2\/product_brand?post=25516"},{"taxonomy":"product_cat","embeddable":true,"href":"https:\/\/chrono-scope.ch\/de\/wp-json\/wp\/v2\/product_cat?post=25516"},{"taxonomy":"product_tag","embeddable":true,"href":"https:\/\/chrono-scope.ch\/de\/wp-json\/wp\/v2\/product_tag?post=25516"}],"curies":[{"name":"wp","href":"https:\/\/api.w.org\/{rel}","templated":true}]}}