{"id":25148,"date":"2025-04-14T08:31:17","date_gmt":"2025-04-14T08:31:17","guid":{"rendered":"https:\/\/nakyxozy.cyon.site\/?post_type=product&#038;p=25148"},"modified":"2025-04-14T08:35:45","modified_gmt":"2025-04-14T08:35:45","slug":"rolex-datejust-with-original-bahrein-dial-box-serviced","status":"publish","type":"product","link":"https:\/\/chrono-scope.ch\/de\/produkt\/rolex-datejust-with-original-bahrein-dial-box-serviced\/","title":{"rendered":"Rolex Datejust with original Bahrein dial &amp; box, serviced"},"content":{"rendered":"<p style=\"text-align: left\"><strong>SPEZIFIKATIONEN: ZUSTANDSBERICHT; <\/strong>bitte sehen Sie sich die hochaufl\u00f6senden Bilder an, um den Zustand der Uhr zu beurteilen.<\/p>\n<p style=\"text-align: left\"><strong>MODELL \/ REFERENZ:<\/strong> Rolex Datejust Ref. 1603. Die Seriennummer 3&#8217;864&#8217;231 datiert die Produktion auf etwa. 1975. Inventarnummer: MT-2503-2<\/p>\n<p style=\"text-align: left\"><strong>ZIFFERBLATT+ZEIGER:<\/strong> silbernes &#8222;gestuftes&#8220; oder &#8222;pie-pan&#8220; Zifferblatt in nahezu neuwertigem und originalem Zustand, mit aufgesetzter goldener Rolex Krone. Die Leuchtstoffpunkte sind alle vorhanden und intakt und zeigen eine sch\u00f6ne beige-braune Patina. Die Schrift ist klar und deutlich. Das Datumsrad ist sauber.<br \/>\nDer goldene Zeiger ist im Originalzustand. Die Tritiumlumineszenz auf den Zeigern ist intakt und hat einen beigen Farbton angenommen, der zu den Luminiszenzpunkten passt.<br \/>\nWenn die Luminiszenzpunkte und die Zeiger mit UV-Licht aktiviert werden, leuchten sie auf und erl\u00f6schen dann.<\/p>\n<p style=\"text-align: left\"><strong>L\u00dcNETTE:<\/strong> Motorgedrehte Stahll\u00fcnette in sehr gutem Zustand<\/p>\n<p style=\"text-align: left\"><strong>GLAS:<\/strong> Plexiglas in gutem Zustand mit kleinen Oberfl\u00e4chenflecken.<\/p>\n<p style=\"text-align: left\"><strong>GEH\u00c4USE:<\/strong> 36 mm Edelstahlgeh\u00e4use in gutem Zustand mit leichten Gebrauchsspuren. Es wurde professionell poliert. T<br \/>\nDie Gr\u00f6\u00dfe von Ansto\u00df zu Ansto\u00df betr\u00e4gt 43 mm, Ansto\u00dfbreite 20 mm, Dicke inklusive Glas ca. 12 mm.<\/p>\n<p style=\"text-align: left\"><strong>GEH\u00c4USEBODEN:<\/strong> Der Original-Geh\u00e4useboden aus Edelstahl weist leichte Oberfl\u00e4chenspuren auf. Der innere Geh\u00e4useboden ist werkseitig graviert und tr\u00e4gt die Referenznummer und das Herstellungsdatum.<\/p>\n<p style=\"text-align: left\"><strong>KRONE:<\/strong> Rolex Twinlock verschraubte Krone<\/p>\n<p style=\"text-align: left\"><strong>UHRWERK und FUNKTION:<\/strong> Automatikwerk Cal 1570, 26 Steine, 19800 Umdrehungen pro Minute. Das Uhrwerk wurde gewartet, l\u00e4uft einwandfrei und h\u00e4lt die Zeit gut ein.<\/p>\n<p style=\"text-align: left\"><strong>BAND:<\/strong> Rolex Jubilee-Armband 62510H mit 555 Endgliedern. Das Armband ist dehnbar, wie bei Vintage-Jubil\u00e4umsarmb\u00e4ndern \u00fcblich. Inklusive der drei Ersatzglieder, die in der Box enthalten sind, passt das Armband an ein Handgelenk von ca. 18 cm. Zus\u00e4tzliche Glieder sind auf Anfrage erh\u00e4ltlich.<\/p>\n<p style=\"text-align: left\"><strong>ZUBEH\u00d6R:<\/strong> Original Rolex Box mit original Bahrain Wappen, das innen und au\u00dfen in die Box gepr\u00e4gt ist.<\/p>\n<p style=\"text-align: left\"><strong>GARANTIE:<\/strong> Wir garantieren die Echtheit der Uhr. Wir gew\u00e4hren au\u00dferdem 12 Monate Garantie auf die korrekte Funktion dieses Zeitmessers. Alle Garantien unterliegen den Allgemeinen Gesch\u00e4ftsbedingungen.<br \/>\nBitte z\u00f6gern Sie nicht, Fragen zu stellen, wir werden sie gerne beantworten. Virtuelle oder pers\u00f6nliche Besichtigung nach Vereinbarung.<\/p>\n","protected":false},"excerpt":{"rendered":"<p style=\"text-align: left\">Hier haben Sie die seltene Gelegenheit, eine <strong>Rolex Vintage Datejust mit originalem Bahrain-Zifferblatt und Box<\/strong> zu erwerben <strong>, Ref. 1603 aus dem Jahr 1975<\/strong>. Das silberne Zifferblatt mit den originalen Tritium-Lumineszenzpunkten sowie die Zeiger sind wundersch\u00f6n erhalten. Die Kombination aus silbernem Zifferblatt, goldenem Rolex-Logo und goldenem Zeiger war keine Standardproduktion und wurde offenbar als Kleinserie auf Bestellung f\u00fcr Bahrain hergestellt.<br \/>\nDie Uhr wurde von einem bahrainischen Staatsb\u00fcrger an einen Schweizer Freund verschenkt, als beide das gleiche College besuchten. Der jetzige Besitzer erwarb die Uhr von der Familie des Beschenkten. \u00c4u\u00dferst selten mit der Originalbox, die innen und au\u00dfen das Wappen von Bahrain tr\u00e4gt.<br \/>\nZifferblatt, Krone, Geh\u00e4useboden, Uhrwerk und Armband signiert.     Das Uhrwerk wurde gewartet und wird mit 12 Monaten Garantie geliefert.<\/p>\n","protected":false},"featured_media":29874,"template":"","meta":{"om_disable_all_campaigns":false,"_monsterinsights_skip_tracking":false,"_monsterinsights_sitenote_active":false,"_monsterinsights_sitenote_note":"","_monsterinsights_sitenote_category":0},"product_brand":[],"product_cat":[60,62,74],"product_tag":[],"class_list":{"0":"post-25148","1":"product","2":"type-product","3":"status-publish","4":"has-post-thumbnail","6":"product_cat-featured-de","7":"product_cat-rolex-de","8":"product_cat-vintage-de","10":"first","11":"instock","12":"taxable","13":"shipping-taxable","14":"purchasable","15":"product-type-simple"},"aioseo_notices":[],"_links":{"self":[{"href":"https:\/\/chrono-scope.ch\/de\/wp-json\/wp\/v2\/product\/25148","targetHints":{"allow":["GET"]}}],"collection":[{"href":"https:\/\/chrono-scope.ch\/de\/wp-json\/wp\/v2\/product"}],"about":[{"href":"https:\/\/chrono-scope.ch\/de\/wp-json\/wp\/v2\/types\/product"}],"version-history":[{"count":1,"href":"https:\/\/chrono-scope.ch\/de\/wp-json\/wp\/v2\/product\/25148\/revisions"}],"predecessor-version":[{"id":25216,"href":"https:\/\/chrono-scope.ch\/de\/wp-json\/wp\/v2\/product\/25148\/revisions\/25216"}],"wp:featuredmedia":[{"embeddable":true,"href":"https:\/\/chrono-scope.ch\/de\/wp-json\/wp\/v2\/media\/29874"}],"wp:attachment":[{"href":"https:\/\/chrono-scope.ch\/de\/wp-json\/wp\/v2\/media?parent=25148"}],"wp:term":[{"taxonomy":"product_brand","embeddable":true,"href":"https:\/\/chrono-scope.ch\/de\/wp-json\/wp\/v2\/product_brand?post=25148"},{"taxonomy":"product_cat","embeddable":true,"href":"https:\/\/chrono-scope.ch\/de\/wp-json\/wp\/v2\/product_cat?post=25148"},{"taxonomy":"product_tag","embeddable":true,"href":"https:\/\/chrono-scope.ch\/de\/wp-json\/wp\/v2\/product_tag?post=25148"}],"curies":[{"name":"wp","href":"https:\/\/api.w.org\/{rel}","templated":true}]}}