{"id":25038,"date":"2025-04-10T07:01:28","date_gmt":"2025-04-10T07:01:28","guid":{"rendered":"https:\/\/nakyxozy.cyon.site\/?post_type=product&#038;p=25038"},"modified":"2025-05-29T08:21:10","modified_gmt":"2025-05-29T08:21:10","slug":"zrc-spirit-1964-ref-40215-piece-unique-engraved-caseback-set-warranty","status":"publish","type":"product","link":"https:\/\/chrono-scope.ch\/de\/produkt\/zrc-spirit-1964-ref-40215-piece-unique-engraved-caseback-set-warranty\/","title":{"rendered":"SOLD &#8211; ZRC Spirit 1964 ref. 40215 PIECE UNIQUE engraved caseback set, warranty"},"content":{"rendered":"<p style=\"text-align: left\"><b><i><span data-contrast=\"auto\">SPEZIFIKATIONEN: <\/span><\/i><\/b><span data-ccp-props=\"{}\">\u00a0<\/span><\/p>\n<p>&nbsp;<\/p>\n<p style=\"text-align: left\"><span data-contrast=\"auto\"><strong>GEH\u00c4USE: <\/strong>Monoblock-Geh\u00e4use 40,5 mm. Verschraubter Geh\u00e4useboden und Krone. Material: Edelstahl 316L.<\/span><span data-ccp-props=\"{&quot;335559739&quot;:0}\">\u00a0<\/span><\/p>\n<p style=\"text-align: left\"><span data-contrast=\"auto\"><strong>ECSTM-System<\/strong> (Patent Nr. 1462496). Einseitig drehbare und klassische 60-Klick-Drehl\u00fcnette. Keramikeinsatz.<\/span><span data-ccp-props=\"{&quot;335559739&quot;:0}\">\u00a0<\/span><\/p>\n<p style=\"text-align: left\"><span data-contrast=\"auto\"><strong>WASSRDICHTIGKEIT:<\/strong> 300 Meter, getestet bis 800 m.<\/span><span data-ccp-props=\"{&quot;335559739&quot;:0}\">\u00a0<\/span><\/p>\n<p style=\"text-align: left\"><span data-contrast=\"auto\"><strong>URWERK:<\/strong> ETA Cal. 2824-2 Reglage Elabor\u00e9<\/span><span data-ccp-props=\"{&quot;335559739&quot;:0}\">\u00a0<\/span><\/p>\n<p style=\"text-align: left\"><span data-contrast=\"auto\"><strong>KRONE:<\/strong> Position der Krone: 6 Uhr<\/span><span data-ccp-props=\"{&quot;335559739&quot;:0}\">\u00a0<\/span><\/p>\n<p style=\"text-align: left\"><span data-contrast=\"auto\"><strong>ZIFFERBLATT:<\/strong> Mit hochintensiver Super-LumiNova X1-Beschichtung f\u00fcr optimale Lesbarkeit<\/span><span data-ccp-props=\"{&quot;335559739&quot;:0}\">\u00a0<\/span><\/p>\n<p style=\"text-align: left\"><span data-contrast=\"auto\"><strong>ZEIGER:<\/strong> Magnum-Zeiger f\u00fcr Stunden und Minuten, mit \u201eLollipop\u201c-Sekundenzeiger<\/span><span data-ccp-props=\"{&quot;335559739&quot;:0}\">\u00a0<\/span><\/p>\n<p style=\"text-align: left\"><span data-contrast=\"auto\"><strong>L\u00dcNETTE:<\/strong> Graduierte Skala<\/span><span data-ccp-props=\"{&quot;335559739&quot;:0}\">\u00a0<\/span><\/p>\n<p style=\"text-align: left\"><span data-contrast=\"auto\"><strong>ARMAND:<\/strong> Armband aus italienischem Kalbsleder mit ZRC-Schlie\u00dfe<\/span><span data-ccp-props=\"{&quot;335559739&quot;:0}\">\u00a0<\/span><\/p>\n<p style=\"text-align: left\"><span data-ccp-props=\"{}\">\u00a0<\/span><\/p>\n","protected":false},"excerpt":{"rendered":"<p style=\"text-align: left\">\u00a0Zum Verkauf steht eine einzigartige <strong>Z.R.C Grand Spirit 1964, Ref. 40215,<\/strong> in ausgezeichnetem Zustand. PIECE UNIQUE \/ EINZELST\u00dcCK mit individuell graviertem Geh\u00e4useboden, hergestellt aus einer 5-Franken-M\u00fcnze.<\/p>\n<p style=\"text-align: left\">Die Uhr stammt vom Erstbesitzer und wurde im Juni 2020 von einem autorisierten H\u00e4ndler in Z\u00fcrich\/Schweiz verkauft.<\/p>\n<p style=\"text-align: left\">\u00a0Zustand: in ausgezeichnetem Zustand mit minimalen Tragespuren. Bitte beachten Sie die Bilder um den Zustand der Uhr zu beurteilen.<\/p>\n<p style=\"text-align: left\"><strong>ZUBEH\u00d6R:<\/strong> Set mit Schatulle und Dokumenten, wie auf den Bildern zu sehen. Die Original-Garantiekarte konnte nicht gefunden werden, aber die Kaufrechnung ist vorhanden.<\/p>\n<p style=\"text-align: left\">Der originale Geh\u00e4useboden und ein zus\u00e4tzliches Lederarmband sind enthalten.<\/p>\n<p style=\"text-align: left\"><strong>GARANTIE:<\/strong> wir garantieren die Echtheit der Uhr und bieten 12 Monate Garantie auf die korrekte Funktion der Uhr<\/p>\n<p style=\"text-align: left\">Bitte z\u00f6gern Sie nicht, Fragen zu stellen, wir werden sie gerne beantworten<\/p>\n","protected":false},"featured_media":25026,"template":"","meta":{"om_disable_all_campaigns":false,"_monsterinsights_skip_tracking":false,"_monsterinsights_sitenote_active":false,"_monsterinsights_sitenote_note":"","_monsterinsights_sitenote_category":0},"product_brand":[],"product_cat":[71],"product_tag":[],"class_list":{"0":"post-25038","1":"product","2":"type-product","3":"status-publish","4":"has-post-thumbnail","6":"product_cat-verkaufte-uhren","8":"first","9":"instock","10":"taxable","11":"shipping-taxable","12":"purchasable","13":"product-type-simple"},"aioseo_notices":[],"_links":{"self":[{"href":"https:\/\/chrono-scope.ch\/de\/wp-json\/wp\/v2\/product\/25038","targetHints":{"allow":["GET"]}}],"collection":[{"href":"https:\/\/chrono-scope.ch\/de\/wp-json\/wp\/v2\/product"}],"about":[{"href":"https:\/\/chrono-scope.ch\/de\/wp-json\/wp\/v2\/types\/product"}],"version-history":[{"count":3,"href":"https:\/\/chrono-scope.ch\/de\/wp-json\/wp\/v2\/product\/25038\/revisions"}],"predecessor-version":[{"id":26279,"href":"https:\/\/chrono-scope.ch\/de\/wp-json\/wp\/v2\/product\/25038\/revisions\/26279"}],"wp:featuredmedia":[{"embeddable":true,"href":"https:\/\/chrono-scope.ch\/de\/wp-json\/wp\/v2\/media\/25026"}],"wp:attachment":[{"href":"https:\/\/chrono-scope.ch\/de\/wp-json\/wp\/v2\/media?parent=25038"}],"wp:term":[{"taxonomy":"product_brand","embeddable":true,"href":"https:\/\/chrono-scope.ch\/de\/wp-json\/wp\/v2\/product_brand?post=25038"},{"taxonomy":"product_cat","embeddable":true,"href":"https:\/\/chrono-scope.ch\/de\/wp-json\/wp\/v2\/product_cat?post=25038"},{"taxonomy":"product_tag","embeddable":true,"href":"https:\/\/chrono-scope.ch\/de\/wp-json\/wp\/v2\/product_tag?post=25038"}],"curies":[{"name":"wp","href":"https:\/\/api.w.org\/{rel}","templated":true}]}}