{"id":24899,"date":"2025-03-19T16:07:48","date_gmt":"2025-03-19T16:07:48","guid":{"rendered":"https:\/\/nakyxozy.cyon.site\/product\/omega-omega-speedmaster-mark-40-originalpapiere-gewartet\/"},"modified":"2025-06-03T19:42:59","modified_gmt":"2025-06-03T19:42:59","slug":"omega-omega-speedmaster-mark-40-originalpapiere-gewartet","status":"publish","type":"product","link":"https:\/\/chrono-scope.ch\/de\/produkt\/omega-omega-speedmaster-mark-40-originalpapiere-gewartet\/","title":{"rendered":"SOLD &#8211; Omega Speedmaster Mark 40, original papers, serviced"},"content":{"rendered":"<p style=\"text-align: left\"><strong>MODELL \/ REFERENZ:<\/strong> Omega Speedmaster Mark 40 ref. 3520.53.00, Seriennummer 55&#8217;xxx&#8217;xxx. Die Uhr wurde im Mai 1999 in Japan verkauft. Inventarnummer: 250222-1<\/p>\n<p style=\"text-align: left\"><strong>ZIFFERBLATT+ZEIGER:<\/strong>Das matte anthrazitfarbene Zifferblatt ist in tadellosem Zustand. In Kombination mit der schwarzen L\u00fcnette sorgt der Farbkontrast f\u00fcr ein optisches Feuerwerk, das zum Layout des Kalibers passt: Die Chronographenzeiger sind rot, das 24-Stunden-Zifferblatt bei 9 Uhr ist schwarz und blau, der Datumszeiger hat eine gelbe Spitze und die Stunden\/Minutenzeiger sind schwarz mit wei\u00dfen Spitzen.Dieses Farbschema hebt die Uhr nicht nur hervor, sondern sorgt auch f\u00fcr eine gute Ablesbarkeit des belebten Zifferblatts.<br \/>\nVom Text bis zur radialen Datumsscheibe ist der Druck auf dem Zifferblatt sehr scharf und gut erhalten. Die arabischen Ziffern sind mit verblichenem Tritium besetzt und haben eine perfekte Patina entwickelt. The lume coated hands are correct to the watch and the tritium lume shows a light hue of beige.<\/p>\n<p style=\"text-align: left\"><strong>L\u00dcNETTE:<\/strong>Die originale Aluminiuml\u00fcnette ist in einem sehr guten Zustand mit fast keinen Gebrauchsspuren. Bitte sehen Sie sich die Bilder an.<\/p>\n<p style=\"text-align: left\"><strong>GLAS:<\/strong>Original Saphirglas in sehr gutem Zustand.<\/p>\n<p style=\"text-align: left\"><strong>UHRWERK:<\/strong>Unter dem Geh\u00e4useboden befindet sich ein 25-steiniges Omega-Kaliber 1151 mit Automatikaufzug und einer Gangreserve von 44 Stunden. Das rhodinierte Uhrwerk auf ETA 7751-Basis wurde nach den Vorgaben von Omega dekoriert und aufger\u00fcstet. Dieses komplizierte Kaliber verf\u00fcgt \u00fcber insgesamt 8 Zeiger und 2 Scheiben, eine Monats- und Tagesanzeige bei 12 Uhr, eine 24-Stunden-Tag\/Nacht-Anzeige bei 9 Uhr und einen gelben, schnell einstellbaren Datumszeiger.<br \/>\nDas Uhrwerk wurde k\u00fcrzlich gewartet, l\u00e4uft gut und h\u00e4lt die Zeit gut ein. Alle Funktionen sind in ausgezeichnetem Zustand: Einstellen, Aufziehen, automatisches Aufziehen, doppelte Schnelleinstellung, Starten, Stoppen und Zur\u00fccksetzen des Chronographen in einwandfreiem Zustand.<\/p>\n<p style=\"text-align: left\"><strong>GEH\u00c4USE:<\/strong>Das Edelstahlgeh\u00e4use ist mit einem Durchmesser von 39 mm und 45 mm von Ansto\u00df zu Ansto\u00df sehr gut proportioniert. Das Design erinnert dank der Lyra-Anh\u00e4nger sehr an die Speedmaster von Huguenin fr\u00e8res (HF) oder Central bo\u00eetes. Von der originalen satinierten Oberfl\u00e4che an den Seiten bis zu den polierten breiten Fasen dazwischen. Diese Uhr wurde gut gepflegt, denn das Geh\u00e4use ist in einem insgesamt ausgezeichneten Zustand.<\/p>\n<p style=\"text-align: left\"><strong>GEH\u00c4USEBODEN:<\/strong>Der Druckgussboden ist in gutem Zustand mit leichten Gebrauchsspuren. Sie bewahrt ihre werksseitige Verzierung mit einem gut ausgepr\u00e4gten Medaillon in der Mitte, das das ber\u00fcchtigte Seepferdchen-Logo und den Text &#8222;Speedmaster&#8220; zeigt. Der innere Geh\u00e4useboden ist mit der richtigen Omega-Nomenklatur f\u00fcr die jeweilige Zeit versehen, z. B. mit der Punze des Geh\u00e4useherstellers und der Referenznummer.<\/p>\n<p style=\"text-align: left\"><strong>KRONE + DR\u00dcCKER:<\/strong> Die Originalkrone ist mit dem Omega-Logo in der Mitte signiert und funktioniert wie vorgesehen. Die beiden Chronographendr\u00fccker sind ebenfalls original und funktionieren tadellos.<\/p>\n<p style=\"text-align: left\"><strong>BAND:<\/strong>Die Uhr ist mit dem originalen Omega 1560\/852 Stahlarmband in nahezu neuwertigem Zustand ausgestattet. Es weist praktisch keine Dehnung auf und passt an ein Handgelenk von ca. 19,5 cm.<\/p>\n<p style=\"text-align: left\"><strong>ZUBEH\u00d6R:Original-Garantiekarte<\/strong> vom Mai 1999, Handb\u00fccher. Omega Service-Box. Bitte beachten Sie, dass sowohl der Garantiekartenhalter als auch die Omega-Servicebox Abnutzungserscheinungen \/ Verlust der weichen Lederbeschichtung aufweisen, wie bei Boxen und Dokumentenhaltern aus dieser Zeit \u00fcblich.<\/p>\n<p style=\"text-align: left\"><strong>GARANTIE<\/strong>: Wir garantieren die Echtheit der Uhr. Wir gew\u00e4hren au\u00dferdem 12 Monate Garantie auf die korrekte Funktion dieses Zeitmessers. F\u00fcr alle Garantien gelten die Allgemeinen Gesch\u00e4ftsbedingungen.<\/p>\n<p style=\"text-align: left\">Bitte z\u00f6gern Sie nicht, Fragen zu stellen, wir werden sie gerne beantworten. Eine virtuelle oder pers\u00f6nliche Besichtigung ist nach Vereinbarung m\u00f6glich.<\/p>\n","protected":false},"excerpt":{"rendered":"<p style=\"text-align: left\"><strong>Omega Speedmaster Mark 40, Originalpapiere, gewartet<\/strong><\/p>\n<p style=\"text-align: left\">Wir sind stolz darauf, Ihnen eine Neo-Vintage Omega Speedmaster Mark 40 in hervorragendem Zustand zu pr\u00e4sentieren. Das Highlight dieser automatischen Speedmaster ist das originale Zifferblatt und der Zeiger, die eine sch\u00f6ne Patina aufweisen. Eine dreifache Kalenderfunktion und eine Tag\/Nacht-Anzeige machen sie wahrscheinlich zum besten Wert pro Komplikation f\u00fcr jede Speedy da drau\u00dfen. Dies ist das Original, das als Inspiration f\u00fcr die k\u00fcrzlich vorgestellte Speedmaster &#8222;Pilot&#8220; diente.<br \/>\nBitte lesen Sie den Zustandsbericht und sehen Sie sich die hochaufl\u00f6senden Bilder an, um den Zustand der Uhr zu beurteilen.<\/p>\n","protected":false},"featured_media":24890,"template":"","meta":{"om_disable_all_campaigns":false,"_monsterinsights_skip_tracking":false,"_monsterinsights_sitenote_active":false,"_monsterinsights_sitenote_note":"","_monsterinsights_sitenote_category":0},"product_brand":[],"product_cat":[71],"product_tag":[],"class_list":{"0":"post-24899","1":"product","2":"type-product","3":"status-publish","4":"has-post-thumbnail","6":"product_cat-verkaufte-uhren","8":"first","9":"instock","10":"taxable","11":"shipping-taxable","12":"purchasable","13":"product-type-simple"},"aioseo_notices":[],"_links":{"self":[{"href":"https:\/\/chrono-scope.ch\/de\/wp-json\/wp\/v2\/product\/24899","targetHints":{"allow":["GET"]}}],"collection":[{"href":"https:\/\/chrono-scope.ch\/de\/wp-json\/wp\/v2\/product"}],"about":[{"href":"https:\/\/chrono-scope.ch\/de\/wp-json\/wp\/v2\/types\/product"}],"version-history":[{"count":4,"href":"https:\/\/chrono-scope.ch\/de\/wp-json\/wp\/v2\/product\/24899\/revisions"}],"predecessor-version":[{"id":26548,"href":"https:\/\/chrono-scope.ch\/de\/wp-json\/wp\/v2\/product\/24899\/revisions\/26548"}],"wp:featuredmedia":[{"embeddable":true,"href":"https:\/\/chrono-scope.ch\/de\/wp-json\/wp\/v2\/media\/24890"}],"wp:attachment":[{"href":"https:\/\/chrono-scope.ch\/de\/wp-json\/wp\/v2\/media?parent=24899"}],"wp:term":[{"taxonomy":"product_brand","embeddable":true,"href":"https:\/\/chrono-scope.ch\/de\/wp-json\/wp\/v2\/product_brand?post=24899"},{"taxonomy":"product_cat","embeddable":true,"href":"https:\/\/chrono-scope.ch\/de\/wp-json\/wp\/v2\/product_cat?post=24899"},{"taxonomy":"product_tag","embeddable":true,"href":"https:\/\/chrono-scope.ch\/de\/wp-json\/wp\/v2\/product_tag?post=24899"}],"curies":[{"name":"wp","href":"https:\/\/api.w.org\/{rel}","templated":true}]}}