{"id":24805,"date":"2025-03-17T09:31:58","date_gmt":"2025-03-17T09:31:58","guid":{"rendered":"https:\/\/nakyxozy.cyon.site\/product\/jaeger-lecoultre-reverso-grande-date-8-tage-ref-240-8-15-gewartet\/"},"modified":"2026-01-12T10:25:01","modified_gmt":"2026-01-12T10:25:01","slug":"jaeger-lecoultre-reverso-grande-date-8-tage-ref-240-8-15-gewartet","status":"publish","type":"product","link":"https:\/\/chrono-scope.ch\/de\/produkt\/jaeger-lecoultre-reverso-grande-date-8-tage-ref-240-8-15-gewartet\/","title":{"rendered":"SOLD &#8211; Jaeger-LeCoultre Reverso Grande Date 8 days ref. 240.8.15, serviced"},"content":{"rendered":"<p style=\"text-align: left\"><strong>ZUSTAND:<\/strong><br \/>\nin ausgezeichnetem gebrauchten Zustand mit nur sehr leichten Gebrauchsspuren. Bitte sehen Sie sich die hochaufl\u00f6senden, unver\u00e4nderten Bilder an, um den Zustand des Zeitmessers zu beurteilen. Bitte beachten Sie, dass die Uhr eine Kundengravur auf der R\u00fcckseite hat.<br \/>\nDas Uhrwerk wurde k\u00fcrzlich gewartet, l\u00e4uft gut und h\u00e4lt die Zeit.<\/p>\n<p style=\"text-align: left\"><strong>ZUBEH\u00d6R:<\/strong> Saffiano Leder Uhrenrolle.<\/p>\n<p style=\"text-align: left\"><strong>GARANTIE:<\/strong> Wir garantieren die Echtheit der Uhr. Wir garantieren au\u00dferdem die korrekte Funktion dieses Zeitmessers f\u00fcr 12 Monate ab Kaufdatum.<\/p>\n<p style=\"text-align: left\"><strong>SPEZIFIKATIONEN:<\/strong><\/p>\n<p style=\"text-align: left\"><strong>UHRWERK:<\/strong> Handaufzug, Kaliber 875<\/p>\n<p style=\"text-align: left\"><strong>GANGRESERVE:<\/strong> 8 Tage (192 Stunden)<\/p>\n<p style=\"text-align: left\"><strong>MATERIAL<\/strong> <strong>GEH\u00c4USE<\/strong><strong>:<\/strong> Edelstahl<\/p>\n<p style=\"text-align: left\"><strong>ABMESSUNGEN DES GEH\u00c4USES:<\/strong> 29 x 46 mm<\/p>\n<p style=\"text-align: left\"><strong>GLAS:<\/strong> Sapphire (Vorder- und R\u00fcckseite)<\/p>\n<p style=\"text-align: left\"><strong>ZIFFERBLATT:<\/strong> Silber mit arabischen Ziffern<\/p>\n<p style=\"text-align: left\"><strong>FUNKTIONEN:<\/strong> Gro\u00dfes Datum, kleine Sekunde, Gangreserveanzeige.<\/p>\n<p style=\"text-align: left\"><strong>BAND:<\/strong> dunkelblaues Lederarmband mit JLC Faltschlie\u00dfe.<\/p>\n<p style=\"text-align: left\"><strong>Die Geschichte:<\/strong><br \/>\nDie Jaeger-LeCoultre Reverso Grande Date 8 Days (Ref. 240.8.15) ist Teil der ikonischen Reverso-Kollektion, deren reiche Geschichte bis ins Jahr 1931 zur\u00fcckreicht. Die Reverso wurde urspr\u00fcnglich f\u00fcr Offiziere der britischen Armee in Indien entworfen, die eine Uhr suchten, die den Strapazen eines Polospiels standh\u00e4lt. Das einzigartige Wendegeh\u00e4use wurde entwickelt, um das Zifferblatt der Uhr vor Besch\u00e4digungen zu sch\u00fctzen.<\/p>\n<p style=\"text-align: left\">Bitte z\u00f6gern Sie nicht, Fragen zu stellen, wir werden sie gerne beantworten. Virtuelle und pers\u00f6nliche Besichtigung nur nach Vereinbarung.<\/p>\n","protected":false},"excerpt":{"rendered":"<p style=\"text-align: left\">Wir sind stolz darauf, Ihnen eine seltene <strong>Jaeger-LeCoultre Reverso Grande Date 8 Tage ref. 240.8.15<\/strong> zu pr\u00e4sentieren <strong>.<\/strong> Dies ist ein seltenes und anspruchsvolles Neo-Vintage-Modell aus den fr\u00fchen 2000er Jahren. Es ist voll funktionsf\u00e4hig und wird mit 12 Monaten Garantie geliefert.<br \/>\nDie Reverso Grande Date 8 Days, die um 2005 eingef\u00fchrt wurde, ist ein Beispiel f\u00fcr die Weiterentwicklung dieses klassischen Designs. Sie ist mit dem Handaufzugswerk Kaliber 875 ausgestattet, das eine beeindruckende Gangreserve von 8 Tagen bietet. Sie verf\u00fcgt \u00fcber eine gro\u00dfe Datumsanzeige mit zwei Fenstern, eine kleine Sekunde und eine Gangreserveanzeige. Der Geh\u00e4useboden zeigt das beeindruckende JLC-eigene Uhrwerk.<\/p>\n","protected":false},"featured_media":24777,"template":"","meta":{"om_disable_all_campaigns":false,"_monsterinsights_skip_tracking":false,"_monsterinsights_sitenote_active":false,"_monsterinsights_sitenote_note":"","_monsterinsights_sitenote_category":0},"product_brand":[],"product_cat":[111,109,71],"product_tag":[],"class_list":{"0":"post-24805","1":"product","2":"type-product","3":"status-publish","4":"has-post-thumbnail","6":"product_cat-jlc-de","7":"product_cat-neo-vintage-de","8":"product_cat-verkaufte-uhren","10":"first","11":"instock","12":"taxable","13":"shipping-taxable","14":"purchasable","15":"product-type-simple"},"aioseo_notices":[],"_links":{"self":[{"href":"https:\/\/chrono-scope.ch\/de\/wp-json\/wp\/v2\/product\/24805","targetHints":{"allow":["GET"]}}],"collection":[{"href":"https:\/\/chrono-scope.ch\/de\/wp-json\/wp\/v2\/product"}],"about":[{"href":"https:\/\/chrono-scope.ch\/de\/wp-json\/wp\/v2\/types\/product"}],"version-history":[{"count":2,"href":"https:\/\/chrono-scope.ch\/de\/wp-json\/wp\/v2\/product\/24805\/revisions"}],"predecessor-version":[{"id":34837,"href":"https:\/\/chrono-scope.ch\/de\/wp-json\/wp\/v2\/product\/24805\/revisions\/34837"}],"wp:featuredmedia":[{"embeddable":true,"href":"https:\/\/chrono-scope.ch\/de\/wp-json\/wp\/v2\/media\/24777"}],"wp:attachment":[{"href":"https:\/\/chrono-scope.ch\/de\/wp-json\/wp\/v2\/media?parent=24805"}],"wp:term":[{"taxonomy":"product_brand","embeddable":true,"href":"https:\/\/chrono-scope.ch\/de\/wp-json\/wp\/v2\/product_brand?post=24805"},{"taxonomy":"product_cat","embeddable":true,"href":"https:\/\/chrono-scope.ch\/de\/wp-json\/wp\/v2\/product_cat?post=24805"},{"taxonomy":"product_tag","embeddable":true,"href":"https:\/\/chrono-scope.ch\/de\/wp-json\/wp\/v2\/product_tag?post=24805"}],"curies":[{"name":"wp","href":"https:\/\/api.w.org\/{rel}","templated":true}]}}