{"id":24614,"date":"2025-03-17T09:34:10","date_gmt":"2025-03-17T09:34:10","guid":{"rendered":"https:\/\/nakyxozy.cyon.site\/?post_type=product&#038;p=24614"},"modified":"2026-04-17T16:44:39","modified_gmt":"2026-04-17T16:44:39","slug":"tudor-prince-date-day-ref-94500-blue-tritium-dial-rolex-case-box-serviced","status":"publish","type":"product","link":"https:\/\/chrono-scope.ch\/de\/produkt\/tudor-prince-date-day-ref-94500-blue-tritium-dial-rolex-case-box-serviced\/","title":{"rendered":"SOLD &#8211; Tudor Prince Date Day Ref. 94500, blue tritium dial, Rolex case, box, serviced"},"content":{"rendered":"<p style=\"text-align: left\"><strong>MODELL \/ REFERENZ:<\/strong> Tudor Prince Oyster Date Day Ref.94500. Die Seriennummer B492&#8217;541 datiert die Uhr auf ca. 1993. Inventarnummer: 250216-1<\/p>\n<p style=\"text-align: left\"><strong>ZIFFERBLATT+ZEIGER:<\/strong><br \/>\n&#8211; Seltenes blaues Zifferblatt mit appliziertem Tudor-Logo und Indexen in praktisch neuwertigem Zustand.<br \/>\n&#8211; Druck: original und gestochen scharf<br \/>\n&#8211; Das Tages- und Datumsrad ist sauber<br \/>\n&#8211; Die Leuchtpunkte auf dem Zifferblatt sind vorhanden und intakt. Die Leuchtmasse ist zu einem hellen Beigeton gealtert.<br \/>\n&#8211; Zeiger: Die Tritiumlumineszenz auf den Zeigern ist intakt und hat einen hellbeigen Farbton angenommen.<br \/>\n&#8211; Wenn sie mit UV-Licht aktiviert wird, leuchtet die Lume auf dem Zifferblatt und den Zeigern. Wenn die Lichtquelle entfernt wird, verblasst sie langsam.<\/p>\n<p style=\"text-align: left\"><strong>GLAS:<\/strong> Plexiglas in gutem Zustand mit kleinen Oberfl\u00e4chenflecken<\/p>\n<p style=\"text-align: left\"><strong>L\u00dcNETTE:<\/strong> Flache Stahll\u00fcnette in gutem Zustand mit Gebrauchsspuren.<\/p>\n<p style=\"text-align: left\"><strong>GEH\u00c4USE:<\/strong> 36 mm Edelstahlgeh\u00e4use mit leichten Gebrauchsspuren, die dem Alter der Uhr entsprechen. Das Geh\u00e4use misst 46 mm von Lug zu Lug. Die Gravuren der Referenz- und Seriennummer zwischen den Bandanst\u00f6\u00dfen sind klar und deutlich<\/p>\n<p style=\"text-align: left\"><strong>GEH\u00c4USEBODEN:<\/strong> Edelstahlgeh\u00e4useboden mit Rolex-Signatur in gutem Zustand mit leichten Gebrauchsspuren. Der innere Geh\u00e4useboden tr\u00e4gt die korrekten Werksgravuren.<\/p>\n<p style=\"text-align: left\"><strong>KRONE:<\/strong> Original Rolex signierte Twinlock-Krone.<\/p>\n<p style=\"text-align: left\"><strong>UHRWERK:<\/strong> ETA 2834-2 Uhrwerk mit automatischem Aufzug. Es wurde gewartet, l\u00e4uft einwandfrei und h\u00e4lt die Zeit gut ein.<\/p>\n<p style=\"text-align: left\"><strong>BAND:<\/strong> Edelstahlarmband im Oyster-Stil mit signierter Tudor-Schlie\u00dfe, gestempelt 7836-R9, 358B Endglieder. Das Stahlarmband weist leichte Gebrauchsspuren auf, die dem Alter der Uhr entsprechen. Es passt f\u00fcr ein Handgelenk von ca. 19cm.<\/p>\n<p style=\"text-align: left\"><strong>ZUBEH\u00d6R:<\/strong> Original Tudor Innen- und Au\u00dfenbox.<\/p>\n<p style=\"text-align: left\"><strong>GARANTIE:<\/strong> Wir garantieren die Echtheit der Uhr. Wir gew\u00e4hren au\u00dferdem 12 Monate Garantie auf die korrekte Funktion dieses Zeitmessers. Alle Garantien unterliegen den Allgemeinen Gesch\u00e4ftsbedingungen.<br \/>\nBitte z\u00f6gern Sie nicht, Fragen zu stellen, wir werden sie gerne beantworten. Virtuelle oder pers\u00f6nliche Besichtigung nach Vereinbarung.<\/p>\n","protected":false},"excerpt":{"rendered":"<p style=\"text-align: left\">Wir sind stolz darauf, Ihnen eine Vintage <strong>Tudor Prince Date Day Ref. 94500<\/strong> mit seltenem blauen Tritium-Zifferblatt und Rolex-Geh\u00e4use, gewartet. Diese Tudor Jumbo mit Rotoraufzug und appliziertem Schildlogo hat eine starke Pr\u00e4senz am Handgelenk und bietet dennoch ein gutes Preis-Leistungs-Verh\u00e4ltnis.<br \/>\nZifferblatt, Krone, Geh\u00e4useboden, Uhrwerk und Schlie\u00dfe signiert. Die Uhr ist voll funktionsf\u00e4hig und wird mit einer 12-monatigen Garantie geliefert.<\/p>\n<p style=\"text-align: left\"><strong>SPEZIFIKATIONEN ; ZUSTANDSBERICHT;<\/strong> bitte sehen Sie sich die hochaufl\u00f6senden Bilder an, um den Zustand der Uhr zu beurteilen.<\/p>\n","protected":false},"featured_media":24592,"template":"","meta":{"om_disable_all_campaigns":false,"_monsterinsights_skip_tracking":false,"_monsterinsights_sitenote_active":false,"_monsterinsights_sitenote_note":"","_monsterinsights_sitenote_category":0},"product_brand":[],"product_cat":[361,71],"product_tag":[],"class_list":{"0":"post-24614","1":"product","2":"type-product","3":"status-publish","4":"has-post-thumbnail","6":"product_cat-tudor-de","7":"product_cat-verkaufte-uhren","9":"first","10":"instock","11":"taxable","12":"shipping-taxable","13":"purchasable","14":"product-type-simple"},"aioseo_notices":[],"_links":{"self":[{"href":"https:\/\/chrono-scope.ch\/de\/wp-json\/wp\/v2\/product\/24614","targetHints":{"allow":["GET"]}}],"collection":[{"href":"https:\/\/chrono-scope.ch\/de\/wp-json\/wp\/v2\/product"}],"about":[{"href":"https:\/\/chrono-scope.ch\/de\/wp-json\/wp\/v2\/types\/product"}],"version-history":[{"count":3,"href":"https:\/\/chrono-scope.ch\/de\/wp-json\/wp\/v2\/product\/24614\/revisions"}],"predecessor-version":[{"id":38546,"href":"https:\/\/chrono-scope.ch\/de\/wp-json\/wp\/v2\/product\/24614\/revisions\/38546"}],"wp:featuredmedia":[{"embeddable":true,"href":"https:\/\/chrono-scope.ch\/de\/wp-json\/wp\/v2\/media\/24592"}],"wp:attachment":[{"href":"https:\/\/chrono-scope.ch\/de\/wp-json\/wp\/v2\/media?parent=24614"}],"wp:term":[{"taxonomy":"product_brand","embeddable":true,"href":"https:\/\/chrono-scope.ch\/de\/wp-json\/wp\/v2\/product_brand?post=24614"},{"taxonomy":"product_cat","embeddable":true,"href":"https:\/\/chrono-scope.ch\/de\/wp-json\/wp\/v2\/product_cat?post=24614"},{"taxonomy":"product_tag","embeddable":true,"href":"https:\/\/chrono-scope.ch\/de\/wp-json\/wp\/v2\/product_tag?post=24614"}],"curies":[{"name":"wp","href":"https:\/\/api.w.org\/{rel}","templated":true}]}}