{"id":24279,"date":"2025-02-24T10:04:54","date_gmt":"2025-02-24T10:04:54","guid":{"rendered":"https:\/\/nakyxozy.cyon.site\/?post_type=product&#038;p=24279"},"modified":"2025-12-04T09:22:22","modified_gmt":"2025-12-04T09:22:22","slug":"rolex-perpetual-date-ref-1501-blue-shantung-mosaic-dial-serviced","status":"publish","type":"product","link":"https:\/\/chrono-scope.ch\/de\/produkt\/rolex-perpetual-date-ref-1501-blue-shantung-mosaic-dial-serviced\/","title":{"rendered":"SOLD &#8211; Rolex Perpetual Date Ref. 1501 blue \u201cShantung\u201d mosaic dial, serviced"},"content":{"rendered":"<p style=\"text-align: left\"><strong>MODELL \/ REFERENZ:<\/strong> Rolex Perpetual Date, Ref. 1501. Die Seriennummer 2&#8217;439&#8217;xxx datiert ihn auf etwa 1970.<\/p>\n<p style=\"text-align: left\"><strong>ZIFFERBLATT+ZEIGER:<\/strong> blaues &#8222;Shantung&#8220; oder &#8222;Mosaic&#8220; Zifferblatt im Originalzustand. Alle Lume Punkte sind vorhanden, intakt und haben zu attraktiven braunen Farbton gealtert. Der Druck ist gestochen scharf.<br \/>\nWenn Sie die Uhr mit UV-Licht aktivieren, leuchten die Leuchtpunkte und die Zeiger auf und erl\u00f6schen dann.<\/p>\n<p style=\"text-align: left\"><strong>DATUM:<\/strong> Das Datumsrad ist sauber und der Druck gestochen scharf.<\/p>\n<p style=\"text-align: left\"><strong>GLAS:<\/strong> Plexiglas in gutem Zustand mit kleinen Oberfl\u00e4chenflecken.<\/p>\n<p style=\"text-align: left\"><strong>L\u00dcNETTE:<\/strong> Motor gedreht Stahl L\u00fcnette in gutem Zustand mit leichten Gebrauchsspuren<\/p>\n<p style=\"text-align: left\"><strong>GEH\u00c4USE:<\/strong> 34 Edelstahlgeh\u00e4use in gutem Zustand mit leichten Gebrauchsspuren im Einklang mit dem Alter der Uhr. Die Referenz und die Gravur der Seriennummer zwischen den Bandanst\u00f6\u00dfen sind klar und deutlich.<br \/>\nDie Gr\u00f6\u00dfe der Bandanst\u00f6\u00dfe betr\u00e4gt 42 mm, die Breite der Bandanst\u00f6\u00dfe 19 mm, die Dicke ungef\u00e4hr. 11 mm (einschlie\u00dflich Plexiglas)<\/p>\n<p style=\"text-align: left\"><strong>GEH\u00c4USEBODEN:<\/strong> originaler Edelstahlboden in gutem Zustand mit Gebrauchsspuren. Der innere Geh\u00e4useboden ist werkseitig graviert und tr\u00e4gt die Referenznummer.<\/p>\n<p style=\"text-align: left\"><strong>KRONE:<\/strong> Rolex Twinlock verschraubte Krone<\/p>\n<p style=\"text-align: left\"><strong>UHRWERK und FUNKTION:<\/strong> sauberes und voll funktionsf\u00e4higes Automatikwerk Rolex Kal. 1570, 26 Lagersteine, 19800 U\/min. Das Uhrwerk wurde gewartet, l\u00e4uft gut und h\u00e4lt die Zeit gut ein.<\/p>\n<p style=\"text-align: left\"><strong>BAND:<\/strong> Rolex Oyster 78350-19 Armband mit 257 Endgliedern. Das Armband ist in gutem Zustand und weist eine leichte Dehnung auf. Es passt f\u00fcr ein Handgelenk von ca. 19cm<\/p>\n<p style=\"text-align: left\"><strong>ZUBEH\u00d6R:<\/strong> Saffiano Leder Uhrenrolle.<\/p>\n<p style=\"text-align: left\"><strong>GARANTIE:<\/strong> Wir garantieren die Echtheit der Uhr. Wir gew\u00e4hren au\u00dferdem 12 Monate Garantie auf die korrekte Funktion dieses Zeitmessers. Alle Garantien unterliegen den Allgemeinen Gesch\u00e4ftsbedingungen.<br \/>\nBitte z\u00f6gern Sie nicht, Fragen zu stellen, wir werden sie gerne beantworten. Virtuelle oder pers\u00f6nliche Besichtigung nach Vereinbarung.<\/p>\n","protected":false},"excerpt":{"rendered":"<p style=\"text-align: left\"><strong>Rolex Perpetual Date Ref. 1501 mit einem atemberaubenden blauen &#8222;Shantung&#8220; Mosaik-Zifferblatt, gewartet<\/strong><\/p>\n<p style=\"text-align: left\">Wir sind stolz darauf, Ihnen diese Vintage Rolex Perpetual Date Ref. 1501 mit einem blauen &#8222;Shantung&#8220;-Mosaik-Zifferblatt zu pr\u00e4sentieren, eine Version, die sowohl attraktiv als auch selten zu sehen ist. Diese klassische Rolex kommt nie aus der Mode und bietet immer noch ein gutes Preis-Leistungs-Verh\u00e4ltnis.<br \/>\nZifferblatt, Krone, Geh\u00e4useboden, Uhrwerk und Armband signiert. Die Uhr ist in einem ausgezeichneten Vintage-Zustand, wurde gewartet und kommt mit 12 Monaten Garantie.<\/p>\n<p style=\"text-align: left\"><strong>SPEZIFIKATIONEN ; ZUSTANDSBERICHT;<\/strong> bitte sehen Sie sich die hochaufl\u00f6senden Bilder an, um den Zustand der Uhr zu beurteilen.<\/p>\n","protected":false},"featured_media":24264,"template":"","meta":{"om_disable_all_campaigns":false,"_monsterinsights_skip_tracking":false,"_monsterinsights_sitenote_active":false,"_monsterinsights_sitenote_note":"","_monsterinsights_sitenote_category":0},"product_brand":[],"product_cat":[62,71,74],"product_tag":[],"class_list":{"0":"post-24279","1":"product","2":"type-product","3":"status-publish","4":"has-post-thumbnail","6":"product_cat-rolex-de","7":"product_cat-verkaufte-uhren","8":"product_cat-vintage-de","10":"first","11":"instock","12":"taxable","13":"shipping-taxable","14":"purchasable","15":"product-type-simple"},"aioseo_notices":[],"_links":{"self":[{"href":"https:\/\/chrono-scope.ch\/de\/wp-json\/wp\/v2\/product\/24279","targetHints":{"allow":["GET"]}}],"collection":[{"href":"https:\/\/chrono-scope.ch\/de\/wp-json\/wp\/v2\/product"}],"about":[{"href":"https:\/\/chrono-scope.ch\/de\/wp-json\/wp\/v2\/types\/product"}],"version-history":[{"count":2,"href":"https:\/\/chrono-scope.ch\/de\/wp-json\/wp\/v2\/product\/24279\/revisions"}],"predecessor-version":[{"id":33169,"href":"https:\/\/chrono-scope.ch\/de\/wp-json\/wp\/v2\/product\/24279\/revisions\/33169"}],"wp:featuredmedia":[{"embeddable":true,"href":"https:\/\/chrono-scope.ch\/de\/wp-json\/wp\/v2\/media\/24264"}],"wp:attachment":[{"href":"https:\/\/chrono-scope.ch\/de\/wp-json\/wp\/v2\/media?parent=24279"}],"wp:term":[{"taxonomy":"product_brand","embeddable":true,"href":"https:\/\/chrono-scope.ch\/de\/wp-json\/wp\/v2\/product_brand?post=24279"},{"taxonomy":"product_cat","embeddable":true,"href":"https:\/\/chrono-scope.ch\/de\/wp-json\/wp\/v2\/product_cat?post=24279"},{"taxonomy":"product_tag","embeddable":true,"href":"https:\/\/chrono-scope.ch\/de\/wp-json\/wp\/v2\/product_tag?post=24279"}],"curies":[{"name":"wp","href":"https:\/\/api.w.org\/{rel}","templated":true}]}}