{"id":24139,"date":"2025-02-24T10:02:50","date_gmt":"2025-02-24T10:02:50","guid":{"rendered":"https:\/\/nakyxozy.cyon.site\/?post_type=product&#038;p=24139"},"modified":"2025-12-26T10:18:45","modified_gmt":"2025-12-26T10:18:45","slug":"heuer-heuer-monaco-1533g","status":"publish","type":"product","link":"https:\/\/chrono-scope.ch\/de\/produkt\/heuer-heuer-monaco-1533g\/","title":{"rendered":"Heuer Monaco 1533G"},"content":{"rendered":"<p style=\"text-align: left\"><strong>MODELL \/ REFERENZ:<\/strong> Vintage Heuer Monaco 1533G<\/p>\n<p style=\"text-align: left\"><strong>SPEZIFIKATIONEN; ZUSTANDSBERICHT;<\/strong> Bitte beachten Sie die hochaufl\u00f6senden Bilder, da diese ein wichtiger Bestandteil der Beschreibung sind.<\/p>\n<p style=\"text-align: left\"><strong>ZIFFERBLATT, ZEIGER &amp; GLAS<\/strong><\/p>\n<p style=\"text-align: left\">Originales graues Zifferblatt mit applizierten Indizes. Es weist altersbedingte Gebrauchsspuren auf, insbesondere an den R\u00e4ndern, wie sie bei der Monaco h\u00e4ufig vorkommen.<br \/>\n<strong>Druck:<\/strong> original und scharf.<br \/>\nDie Datumsscheibe ist sauber.<br \/>\n<strong>Zeiger:<\/strong> Die Zeiger wurden in der Vergangenheit teilweise neu mit Leuchtmasse versehen.<br \/>\n<strong>Leuchtmasse:<\/strong> Die Tritium-Leuchtpunkte an den Indizes sind vorhanden.<br \/>\nPlexiglas mit leichten Gebrauchsspuren.<\/p>\n<p style=\"text-align: left\"><strong>GEH\u00c4USE:<\/strong> 40-mm-Edelstahlgeh\u00e4use in gutem Originalzustand mit leichten Gebrauchsspuren. Die originale Geh\u00e4useoberfl\u00e4che ist noch vorhanden. Der Geh\u00e4usedurchmesser betr\u00e4gt 45 mm (von Bandansto\u00df zu Bandansto\u00df).<\/p>\n<p style=\"text-align: left\"><strong>GEH\u00c4USEBODEN:<\/strong> Edelstahlgeh\u00e4useboden mit allen korrekten Gravuren.<\/p>\n<p style=\"text-align: left\"><strong>KRONE &amp; DR\u00dcCKER:<\/strong> Heuer-signierte Krone, korrekte Dr\u00fccker.<\/p>\n<p style=\"text-align: left\"><strong>UHRWERK:<\/strong> Automatisches Heuer (Buren) Kal. 15 Mikrorotor-Chronographenwerk. Das Werk wurde gepr\u00fcft, ist sauber und l\u00e4uft pr\u00e4zise.<\/p>\n<p style=\"text-align: left\"><strong>ARMBAND:<\/strong> Vintage-Tropic-Armband mit unsignierter Stahlschlie\u00dfe.<\/p>\n<p style=\"text-align: left\"><strong>ZUBEH\u00d6R:<\/strong> Keines<\/p>\n<p style=\"text-align: left\"><strong>GARANTIE:<\/strong> Wir garantieren die Echtheit der Uhr. Zudem gew\u00e4hren wir 12 Monate Garantie auf die einwandfreie Funktion. Alle Garantiebedingungen unterliegen den Allgemeinen Gesch\u00e4ftsbedingungen. Bei Fragen stehen wir Ihnen gerne zur Verf\u00fcgung.<\/p>\n","protected":false},"excerpt":{"rendered":"<p style=\"text-align: left\"><strong>Heuer Monaco 1533G, Garantie<\/strong><br \/>\nAngeboten wird eine Vintage Heuer Monaco 1533G in ehrlichem Vintage-Zustand, betrieben von dem Heuer Cal. 15 Automatik-Chronographenwerk.<\/p>\n","protected":false},"featured_media":24119,"template":"","meta":{"om_disable_all_campaigns":false,"_monsterinsights_skip_tracking":false,"_monsterinsights_sitenote_active":false,"_monsterinsights_sitenote_note":"","_monsterinsights_sitenote_category":0},"product_brand":[],"product_cat":[76],"product_tag":[],"class_list":{"0":"post-24139","1":"product","2":"type-product","3":"status-publish","4":"has-post-thumbnail","6":"product_cat-heuer-de","8":"first","9":"instock","10":"taxable","11":"shipping-taxable","12":"purchasable","13":"product-type-simple"},"aioseo_notices":[],"_links":{"self":[{"href":"https:\/\/chrono-scope.ch\/de\/wp-json\/wp\/v2\/product\/24139","targetHints":{"allow":["GET"]}}],"collection":[{"href":"https:\/\/chrono-scope.ch\/de\/wp-json\/wp\/v2\/product"}],"about":[{"href":"https:\/\/chrono-scope.ch\/de\/wp-json\/wp\/v2\/types\/product"}],"version-history":[{"count":5,"href":"https:\/\/chrono-scope.ch\/de\/wp-json\/wp\/v2\/product\/24139\/revisions"}],"predecessor-version":[{"id":34147,"href":"https:\/\/chrono-scope.ch\/de\/wp-json\/wp\/v2\/product\/24139\/revisions\/34147"}],"wp:featuredmedia":[{"embeddable":true,"href":"https:\/\/chrono-scope.ch\/de\/wp-json\/wp\/v2\/media\/24119"}],"wp:attachment":[{"href":"https:\/\/chrono-scope.ch\/de\/wp-json\/wp\/v2\/media?parent=24139"}],"wp:term":[{"taxonomy":"product_brand","embeddable":true,"href":"https:\/\/chrono-scope.ch\/de\/wp-json\/wp\/v2\/product_brand?post=24139"},{"taxonomy":"product_cat","embeddable":true,"href":"https:\/\/chrono-scope.ch\/de\/wp-json\/wp\/v2\/product_cat?post=24139"},{"taxonomy":"product_tag","embeddable":true,"href":"https:\/\/chrono-scope.ch\/de\/wp-json\/wp\/v2\/product_tag?post=24139"}],"curies":[{"name":"wp","href":"https:\/\/api.w.org\/{rel}","templated":true}]}}