{"id":24110,"date":"2025-02-19T11:11:47","date_gmt":"2025-02-19T11:11:47","guid":{"rendered":"https:\/\/nakyxozy.cyon.site\/product\/iwc-porsche-design-worldtime-alarm\/"},"modified":"2025-07-14T09:38:14","modified_gmt":"2025-07-14T09:38:14","slug":"iwc-porsche-design-worldtime-alarm","status":"publish","type":"product","link":"https:\/\/chrono-scope.ch\/de\/produkt\/iwc-porsche-design-worldtime-alarm\/","title":{"rendered":"SOLD &#8211; IWC Porsche Design Worldtime Alarm"},"content":{"rendered":"<p style=\"text-align: left\"><strong>MODELL\/REFERENZ:<\/strong> Worldtime Alarm ref. 3821<\/p>\n<p style=\"text-align: left\"><strong>SPEZIFIKATIONEN; ZUSTANDSBERICHT;<\/strong> bitte beachten Sie die hochaufl\u00f6senden Bilder, da sie ein wichtiger Teil der Beschreibung sind.<\/p>\n<p style=\"text-align: left\"><strong>ZIFFERBLATT, ZEIGER &amp; GLAS<\/strong><\/p>\n<ul>\n<li style=\"text-align: left\">Originales schwarzes Zifferblatt mit Tritium-Leuchtindexen. Die Leuchtmasse hat eine attraktive beige-braune Patina angenommen.<\/li>\n<li style=\"text-align: left\">Druck: original und gestochen scharf<\/li>\n<li style=\"text-align: left\">Das Datumsrad ist sauber.<\/li>\n<li style=\"text-align: left\">Die H\u00e4nde: Der korrekte H\u00f6rer scheint ein sp\u00e4terer Service-Ersatz zu sein<\/li>\n<li style=\"text-align: left\">Saphirglas in sehr gutem Zustand.<\/li>\n<\/ul>\n<p style=\"text-align: left\"><strong>GEH\u00c4USE:<\/strong> 40 mm Titangeh\u00e4use in sehr gutem und originalem Zustand, mit nur geringen Gebrauchsspuren. Die Originallackierung des Geh\u00e4uses ist noch vorhanden.<\/p>\n<p style=\"text-align: left\"><strong>GEH\u00c4USEBODEN:<\/strong> Titangeh\u00e4useboden in ausgezeichnetem Zustand mit allen korrekten Gravuren.<\/p>\n<p style=\"text-align: left\"><strong>KROWN:<\/strong> originale, unsignierte Kronen<\/p>\n<p style=\"text-align: left\"><strong>UHRWERK:<\/strong> Automatisches IWC Kal. 643, 25 Juwelen. Funktionen: Weltzeit, Alarm, Datum<\/p>\n<p style=\"text-align: left\"><strong>BAND:<\/strong> integriertes Titanarmband in sehr gutem Zustand mit nur leichten Gebrauchsspuren.<\/p>\n<p style=\"text-align: left\"><strong>ZUBEH\u00d6R:<\/strong> IWC Service-Box.<\/p>\n<p style=\"text-align: left\"><strong>GARANTIE:<\/strong><br \/>\nWir garantieren die Echtheit der Uhr. Wir gew\u00e4hren au\u00dferdem 12 Monate Garantie auf die korrekte Funktion dieses Zeitmessers. Alle Garantien unterliegen den Allgemeinen Gesch\u00e4ftsbedingungen<br \/>\n. Bitte z\u00f6gern Sie nicht, Fragen zu stellen, wir werden sie gerne beantworten.<\/p>\n","protected":false},"excerpt":{"rendered":"<p style=\"text-align: left\"><strong>Porsche Design by IWC Worldtime Alarm ref. 3821 , Titan, Garantie<\/strong><br \/>\nErh\u00e4ltlich ist ein seltener Porsche Design by IWC Worldtime Alarm aus den 1990er Jahren, gefertigt aus Titan. Sie befindet sich in einem ausgezeichneten Vintage-Zustand und wird mit 12 Monaten Garantie geliefert.<\/p>\n","protected":false},"featured_media":24098,"template":"","meta":{"om_disable_all_campaigns":false,"_monsterinsights_skip_tracking":false,"_monsterinsights_sitenote_active":false,"_monsterinsights_sitenote_note":"","_monsterinsights_sitenote_category":0},"product_brand":[],"product_cat":[81,70,71,74],"product_tag":[],"class_list":{"0":"post-24110","1":"product","2":"type-product","3":"status-publish","4":"has-post-thumbnail","6":"product_cat-iwc-de","7":"product_cat-porsche-design-de","8":"product_cat-verkaufte-uhren","9":"product_cat-vintage-de","11":"first","12":"instock","13":"taxable","14":"shipping-taxable","15":"purchasable","16":"product-type-simple"},"aioseo_notices":[],"_links":{"self":[{"href":"https:\/\/chrono-scope.ch\/de\/wp-json\/wp\/v2\/product\/24110","targetHints":{"allow":["GET"]}}],"collection":[{"href":"https:\/\/chrono-scope.ch\/de\/wp-json\/wp\/v2\/product"}],"about":[{"href":"https:\/\/chrono-scope.ch\/de\/wp-json\/wp\/v2\/types\/product"}],"version-history":[{"count":1,"href":"https:\/\/chrono-scope.ch\/de\/wp-json\/wp\/v2\/product\/24110\/revisions"}],"predecessor-version":[{"id":28014,"href":"https:\/\/chrono-scope.ch\/de\/wp-json\/wp\/v2\/product\/24110\/revisions\/28014"}],"wp:featuredmedia":[{"embeddable":true,"href":"https:\/\/chrono-scope.ch\/de\/wp-json\/wp\/v2\/media\/24098"}],"wp:attachment":[{"href":"https:\/\/chrono-scope.ch\/de\/wp-json\/wp\/v2\/media?parent=24110"}],"wp:term":[{"taxonomy":"product_brand","embeddable":true,"href":"https:\/\/chrono-scope.ch\/de\/wp-json\/wp\/v2\/product_brand?post=24110"},{"taxonomy":"product_cat","embeddable":true,"href":"https:\/\/chrono-scope.ch\/de\/wp-json\/wp\/v2\/product_cat?post=24110"},{"taxonomy":"product_tag","embeddable":true,"href":"https:\/\/chrono-scope.ch\/de\/wp-json\/wp\/v2\/product_tag?post=24110"}],"curies":[{"name":"wp","href":"https:\/\/api.w.org\/{rel}","templated":true}]}}