{"id":24016,"date":"2025-02-18T09:09:11","date_gmt":"2025-02-18T09:09:11","guid":{"rendered":"https:\/\/nakyxozy.cyon.site\/product\/heuer-carrera-1964-re-edition-ref-cs3113-tritium-zifferblatt-garantie\/"},"modified":"2025-09-30T07:42:37","modified_gmt":"2025-09-30T07:42:37","slug":"heuer-carrera-1964-re-edition-ref-cs3113-tritium-zifferblatt-garantie","status":"publish","type":"product","link":"https:\/\/chrono-scope.ch\/de\/produkt\/heuer-carrera-1964-re-edition-ref-cs3113-tritium-zifferblatt-garantie\/","title":{"rendered":"SOLD &#8211; Heuer Carrera 1964 re-edition ref. CS3113 , tritium dial, warranty"},"content":{"rendered":"<p style=\"text-align: left\"><strong>MODELL \/ REFERENZ:<\/strong> Heuer Carrera 1964 Re-Edition CS3113, Seriennummer 5002498<\/p>\n<p style=\"text-align: left\"><strong>SPEZIFIKATIONEN; ZUSTANDSBERICHT;<\/strong> bitte sehen Sie sich die hochaufl\u00f6senden Bilder an, um den Zustand der Uhr zu beurteilen.<\/p>\n<p style=\"text-align: left\"><strong>ZIFFERBLATT+ZEIGER:<\/strong><br \/>\n&#8211; Sehr sauberes und originales schwarzes Zifferblatt mit applizierten Indexen.<br \/>\n&#8211; Druck: original und scharf<br \/>\n&#8211; Zeiger: Die Tritiumlumine auf den Zeigern ist dunkelgrau gealtert.<br \/>\n&#8211; Lume: Die Tritium-Lumineszenzpunkte sind alle vorhanden und intakt. Wenn sie mit UV-Licht aktiviert werden, leuchtet die Lume auf dem Zifferblatt und den Zeigern kurz auf und erlischt dann.<\/p>\n<p><strong>GLAS:<\/strong> Plexiglas in gutem Zustand mit kleinen Oberfl\u00e4chenflecken<\/p>\n<p style=\"text-align: left\"><strong>GEH\u00c4USE:<\/strong> 36 mm Edelstahlgeh\u00e4use mit leichten Gebrauchsspuren, die dem Alter der Uhr entsprechen. Das Geh\u00e4use misst von Lug zu Lug ca. 43,8 mm<\/p>\n<p style=\"text-align: left\"><strong>GEH\u00c4USEBODEN:<\/strong> Geh\u00e4useboden aus Edelstahl in sehr gutem und offensichtlich unpoliertem Zustand,<\/p>\n<p style=\"text-align: left\"><strong>KRONE:<\/strong> Original Heuer signierte Krone.<\/p>\n<p style=\"text-align: left\"><strong>UHRWERK:<\/strong> Handaufzug Cal Lemania 1873. Das Uhrwerk wurde \u00fcberpr\u00fcft, l\u00e4uft stabil und h\u00e4lt die Zeit gut ein.<\/p>\n<p style=\"text-align: left\"><strong>BAND:<\/strong> schwarzes Lederband mit TAG Heuer-Faltschlie\u00dfe. Alternativ kann die Uhr auch mit einem Rennsportarmband im Vintage-Stil mit Heuer-Schlie\u00dfe ausgestattet werden.<\/p>\n<p style=\"text-align: left\"><strong>ZUBEH\u00d6R:<\/strong> Saffiano Leder Uhrenrolle.<\/p>\n<p style=\"text-align: left\"><strong>GARANTIE:<\/strong> Wir garantieren die Echtheit der Uhr. Wir gew\u00e4hren au\u00dferdem 12 Monate Garantie auf die korrekte Funktion dieses Zeitmessers. Alle Garantien unterliegen den Allgemeinen Gesch\u00e4ftsbedingungen.<br \/>\nBitte z\u00f6gern Sie nicht, Fragen zu stellen, wir werden sie gerne beantworten.<\/p>\n","protected":false},"excerpt":{"rendered":"<p style=\"text-align: left\">Wir sind stolz darauf, ein <strong>Neo-Vintage Heuer Carrera 1964 Re-Edition aus den 1990er Jahren, Ref. CS3113 <\/strong> in sehr gutem und originalem Zustand.<br \/>\nZifferblatt, Krone, Geh\u00e4useboden, Uhrwerk und Schlie\u00dfe signiert. Die Uhr ist voll funktionsf\u00e4hig und wird mit einer 12-monatigen Garantie geliefert.<\/p>\n","protected":false},"featured_media":23986,"template":"","meta":{"om_disable_all_campaigns":false,"_monsterinsights_skip_tracking":false,"_monsterinsights_sitenote_active":false,"_monsterinsights_sitenote_note":"","_monsterinsights_sitenote_category":0},"product_brand":[],"product_cat":[76],"product_tag":[],"class_list":{"0":"post-24016","1":"product","2":"type-product","3":"status-publish","4":"has-post-thumbnail","6":"product_cat-heuer-de","8":"first","9":"instock","10":"taxable","11":"shipping-taxable","12":"purchasable","13":"product-type-simple"},"aioseo_notices":[],"_links":{"self":[{"href":"https:\/\/chrono-scope.ch\/de\/wp-json\/wp\/v2\/product\/24016","targetHints":{"allow":["GET"]}}],"collection":[{"href":"https:\/\/chrono-scope.ch\/de\/wp-json\/wp\/v2\/product"}],"about":[{"href":"https:\/\/chrono-scope.ch\/de\/wp-json\/wp\/v2\/types\/product"}],"version-history":[{"count":2,"href":"https:\/\/chrono-scope.ch\/de\/wp-json\/wp\/v2\/product\/24016\/revisions"}],"predecessor-version":[{"id":29903,"href":"https:\/\/chrono-scope.ch\/de\/wp-json\/wp\/v2\/product\/24016\/revisions\/29903"}],"wp:featuredmedia":[{"embeddable":true,"href":"https:\/\/chrono-scope.ch\/de\/wp-json\/wp\/v2\/media\/23986"}],"wp:attachment":[{"href":"https:\/\/chrono-scope.ch\/de\/wp-json\/wp\/v2\/media?parent=24016"}],"wp:term":[{"taxonomy":"product_brand","embeddable":true,"href":"https:\/\/chrono-scope.ch\/de\/wp-json\/wp\/v2\/product_brand?post=24016"},{"taxonomy":"product_cat","embeddable":true,"href":"https:\/\/chrono-scope.ch\/de\/wp-json\/wp\/v2\/product_cat?post=24016"},{"taxonomy":"product_tag","embeddable":true,"href":"https:\/\/chrono-scope.ch\/de\/wp-json\/wp\/v2\/product_tag?post=24016"}],"curies":[{"name":"wp","href":"https:\/\/api.w.org\/{rel}","templated":true}]}}