{"id":23944,"date":"2025-02-17T08:51:58","date_gmt":"2025-02-17T08:51:58","guid":{"rendered":"https:\/\/nakyxozy.cyon.site\/?post_type=product&#038;p=23944"},"modified":"2025-10-06T11:31:55","modified_gmt":"2025-10-06T11:31:55","slug":"jaeger-lecoultre-grand-reverso-ultra-thin-1931-duoface","status":"publish","type":"product","link":"https:\/\/chrono-scope.ch\/de\/produkt\/jaeger-lecoultre-grand-reverso-ultra-thin-1931-duoface\/","title":{"rendered":"RESERVED &#8211; Jaeger-LeCoultre Grand Reverso Ultra Thin 1931 Duoface"},"content":{"rendered":"<p style=\"text-align: left\"><strong>SPEZIFIKATIONEN:<\/strong><\/p>\n<p style=\"text-align: left\"><span data-contrast=\"none\"><strong>MODELL&amp;REFERENZ:<\/strong> Jaeger Le Coultre Reverso ULTRA THIN DUOFACE Q3788570 278.8.54<\/span><\/p>\n<p style=\"text-align: left\"><span data-contrast=\"none\"><strong>GEH\u00c4USE:<\/strong> Edelstahlgeh\u00e4use, 27&#215;46 mm, Saphirglas<\/span><\/p>\n<p style=\"text-align: left\"><span data-contrast=\"none\"><strong>UHRWERK:<\/strong> Handaufzugswerk, Kal. 854\\\/1<\/span><\/p>\n<p style=\"text-align: left\"><span data-contrast=\"none\"><strong>FUNKTIONEN:<\/strong> GMT, kleine Sekunde, Tag\/Nacht-Anzeige<\/span><\/p>\n<p style=\"text-align: left\"><span data-contrast=\"none\"><strong>ZIFFERBLATT:<\/strong> Silber auf einer Seite, schwarz auf der anderen<\/span><\/p>\n<p style=\"text-align: left\"><span data-contrast=\"none\"><strong>BAND:<\/strong> schwarzes JLC Alligatorlederarmband. Schlie\u00dfe: JLC signierte Stahlschlie\u00dfe <\/span><\/p>\n<p style=\"text-align: left\"><strong>DIE GESCHICHTE: <\/strong><\/p>\n<p style=\"text-align: left\"><span data-contrast=\"auto\">Die<\/span><b><span data-contrast=\"auto\">Jaeger-LeCoultre Reverso 1931 Kollektion<\/span><\/b><span data-contrast=\"auto\">ist eine Hommage an die urspr\u00fcngliche Reverso-Uhr, die 1931 erstmals vorgestellt wurde. Diese Kollektion zelebriert das ikonische Design und das Erbe der Reverso, die f\u00fcr ihr einzigartiges Wendegeh\u00e4use bekannt ist. Hier sind einige der wichtigsten Merkmale: <\/span><\/p>\n<p style=\"text-align: left\"><b><span data-contrast=\"auto\">Design-Inspiration<\/span><\/b><span data-contrast=\"auto\">: Die Kollektion ist von der \u00c4ra des Art d\u00e9co inspiriert und zeichnet sich durch klare Linien und elegante Proportionen aus.<\/span><\/p>\n<p style=\"text-align: left\"><b><span data-contrast=\"auto\">Fall<\/span><\/b><span data-contrast=\"auto\">: Das Wendegeh\u00e4use erm\u00f6glicht es dem Tr\u00e4ger, das Zifferblatt zu sch\u00fctzen, indem er es umdreht, eine Funktion, die urspr\u00fcnglich f\u00fcr Polospieler entwickelt wurde, um ihre Uhren w\u00e4hrend der Spiele zu sch\u00fctzen.<\/span><\/p>\n<p style=\"text-align: left\"><b><span data-contrast=\"auto\">Bewegung<\/span><\/b><span data-contrast=\"auto\">: Die Uhren dieser Kollektion verf\u00fcgen in der Regel \u00fcber Handaufzugswerke, die die traditionelle Uhrmacherkunst unterstreichen.<\/span><\/p>\n<p style=\"text-align: left\"><b><span data-contrast=\"auto\">W\u00e4hlen Sie<\/span><\/b><span data-contrast=\"auto\">: Die Zifferbl\u00e4tter zeigen oft ein minimalistisches Design mit dem Schwerpunkt auf Ablesbarkeit und sind in verschiedenen Farben, darunter Schwarz und Silber, erh\u00e4ltlich.<\/span><\/p>\n<p style=\"text-align: left\"><span data-contrast=\"auto\">Bitte z\u00f6gern Sie nicht, Fragen zu stellen, wir werden sie gerne beantworten.Virtuelle und pers\u00f6nliche Besichtigung nur nach Vereinbarung. <\/span><\/p>\n","protected":false},"excerpt":{"rendered":"<p style=\"text-align: left\"><strong>Jaeger-LeCoultre Grand Reverso Ultra Thin 1931 Duoface<\/strong><\/p>\n<p style=\"text-align: left\">Wir sind stolz, eine seltene <strong>Jaeger-LeCoultre Grand Reverso Ultra Thin 1931 Duoface, Ref. 278.8.54,<\/strong> komplett mit Box und Papieren zu pr\u00e4sentieren. Es handelt sich um ein seltenes, raffiniertes und vergriffenes Modell aus der Kollektion von 1931, das nur die Aufschrift &#8222;Reverso&#8220; auf dem Zifferblatt tr\u00e4gt. Es verf\u00fcgt \u00fcber eine Duoface-Konfiguration mit GMT, kleiner Sekunde sowie Tag-\/Nachtanzeige<br \/>\n. Die Uhr wurde im September 2015 bei einem autorisierten H\u00e4ndler in Dubai \/ VAE erworben.<\/p>\n<p style=\"text-align: left\"><strong>ZUSTAND:<\/strong> in hervorragendem gebrauchten Zustand mit nur leichten Gebrauchsspuren. Bitte sehen Sie sich die hochaufl\u00f6senden, unver\u00e4nderten Bilder an, um den Zustand des Zeitmessers zu beurteilen.<\/p>\n<p style=\"text-align: left\"><strong>ZUBEH\u00d6R:<\/strong> komplettes Set mit Box und Papieren, wie auf den Bildern gezeigt. Die Au\u00dfenseite der JLC-Box weist leichte Alterungsspuren auf. Bilder sind auf Anfrage erh\u00e4ltlich.<\/p>\n<p style=\"text-align: left\"><strong>GARANTIE:<\/strong> Wir garantieren die Echtheit der Uhr. Wir garantieren au\u00dferdem die korrekte Funktion dieses Zeitmessers f\u00fcr 12 Monate ab Kaufdatum.<\/p>\n","protected":false},"featured_media":23929,"template":"","meta":{"om_disable_all_campaigns":false,"_monsterinsights_skip_tracking":false,"_monsterinsights_sitenote_active":false,"_monsterinsights_sitenote_note":"","_monsterinsights_sitenote_category":0},"product_brand":[],"product_cat":[59,111,71],"product_tag":[],"class_list":{"0":"post-23944","1":"product","2":"type-product","3":"status-publish","4":"has-post-thumbnail","6":"product_cat-contemporary-de","7":"product_cat-jlc-de","8":"product_cat-verkaufte-uhren","10":"first","11":"instock","12":"taxable","13":"shipping-taxable","14":"purchasable","15":"product-type-simple"},"aioseo_notices":[],"_links":{"self":[{"href":"https:\/\/chrono-scope.ch\/de\/wp-json\/wp\/v2\/product\/23944","targetHints":{"allow":["GET"]}}],"collection":[{"href":"https:\/\/chrono-scope.ch\/de\/wp-json\/wp\/v2\/product"}],"about":[{"href":"https:\/\/chrono-scope.ch\/de\/wp-json\/wp\/v2\/types\/product"}],"version-history":[{"count":5,"href":"https:\/\/chrono-scope.ch\/de\/wp-json\/wp\/v2\/product\/23944\/revisions"}],"predecessor-version":[{"id":30102,"href":"https:\/\/chrono-scope.ch\/de\/wp-json\/wp\/v2\/product\/23944\/revisions\/30102"}],"wp:featuredmedia":[{"embeddable":true,"href":"https:\/\/chrono-scope.ch\/de\/wp-json\/wp\/v2\/media\/23929"}],"wp:attachment":[{"href":"https:\/\/chrono-scope.ch\/de\/wp-json\/wp\/v2\/media?parent=23944"}],"wp:term":[{"taxonomy":"product_brand","embeddable":true,"href":"https:\/\/chrono-scope.ch\/de\/wp-json\/wp\/v2\/product_brand?post=23944"},{"taxonomy":"product_cat","embeddable":true,"href":"https:\/\/chrono-scope.ch\/de\/wp-json\/wp\/v2\/product_cat?post=23944"},{"taxonomy":"product_tag","embeddable":true,"href":"https:\/\/chrono-scope.ch\/de\/wp-json\/wp\/v2\/product_tag?post=23944"}],"curies":[{"name":"wp","href":"https:\/\/api.w.org\/{rel}","templated":true}]}}