{"id":23918,"date":"2025-02-17T10:11:17","date_gmt":"2025-02-17T10:11:17","guid":{"rendered":"https:\/\/nakyxozy.cyon.site\/?post_type=product&#038;p=23918"},"modified":"2025-02-21T08:54:40","modified_gmt":"2025-02-21T08:54:40","slug":"nivada-chronomaster","status":"publish","type":"product","link":"https:\/\/chrono-scope.ch\/de\/produkt\/nivada-chronomaster\/","title":{"rendered":"Nivada Vintage Chronomaster Aviator Sea Diver &#8211; Lollipop hand"},"content":{"rendered":"<p style=\"text-align: left\"><strong>MODELL \/ REFERENZ:<\/strong> Nivada Chronomaster Aviator Sea Diver &#8211; (CASD), Ref. 85004\/3730. Diese Variante der CASD wird als &#8222;nummeriertes Yatching Grau&#8220; bezeichnet und ist auf den Seiten 210 und 212 des Chronomaster Only Buches abgebildet.<\/p>\n<p style=\"text-align: left\"><strong>ZUSTANDSBERICHT:<\/strong> Bitte sehen Sie sich die hochaufl\u00f6senden Bilder an, um den Zustand der Uhr zu beurteilen.<\/p>\n<p style=\"text-align: left\"><strong>ZIFFERBLATT+ZEIGER:<\/strong><\/p>\n<ul style=\"text-align: left\">\n<li>Mattschwarzes Zifferblatt mit grauen Hilfszifferbl\u00e4ttern und Tritiummarkierungen. Das Zifferblatt ist in gutem und originalem Zustand mit Alterungsspuren.<\/li>\n<li style=\"text-align: left\">Zeiger: originaler und korrekter Stunden-, Minuten- und Chronographensekundenzeiger. Die Tritiumlumine auf den Zeigern ist zu dunklem Beige gealtert<\/li>\n<li style=\"text-align: left\">Lume: Die Tritium-Lumineszenzen sind alle vorhanden. Bei Aktivierung mit UV-Licht leuchten die Leuchtmasse auf dem Ziffern und den Zeigern kurz auf und erl\u00f6schen dann.<\/li>\n<\/ul>\n<p style=\"text-align: left\"><strong>GLAS:<\/strong> Plexiglas in gutem Zustand mit kleinen Oberfl\u00e4chenflecken<\/p>\n<p style=\"text-align: left\"><strong>L\u00dcNETTE:<\/strong> Aluminium-L\u00fcnetteneinsatz in ausgezeichnetem Zustand.<\/p>\n<p style=\"text-align: left\"><strong>GEH\u00c4USE &amp; GEH\u00c4USEBACKEN:<\/strong> 38 mm Edelstahlgeh\u00e4use mit Gebrauchsspuren. Von Lug zu Lug misst das Geh\u00e4use ca. 44 mm. Diese Chronomaster hat nicht in einer Schublade gelegen und wurde viel benutzt. Sie tr\u00e4gt ihre Kampfnarben stolz auf einem unpolierten Geh\u00e4use. Der Geh\u00e4useboden aus Edelstahl tr\u00e4gt au\u00dfen das Nivada-Medaillon und innen die korrekten Gravuren.<\/p>\n<p style=\"text-align: left\"><strong>KRONE:<\/strong> Die Krone scheint ein sp\u00e4terer Ersatz zu sein.<\/p>\n<p style=\"text-align: left\"><strong>UHRWERK:<\/strong> Nivada vertraut auf das ber\u00fchmte Kaliber Valjoux 23 mit Handaufzug, um diese Chronomaster anzutreiben. Das rhodinierte, 17-steinige Uhrwerk mit S\u00e4ulenrad verf\u00fcgt \u00fcber eine Bi-Kompax-Anzeige f\u00fcr eine konstante laufende Sekunde bei 9 Uhr und einen 30-Minuten-Rekorder bei 3 Uhr. Als Sahneh\u00e4ubchen tr\u00e4gt die Br\u00fccke einen vergoldeten Markennamen. Das Uhrwerk ist sauber und wurde \u00fcberpr\u00fcft. Alle Funktionen funktionieren wie vorgesehen und das Uhrwerk h\u00e4lt die Zeit gut ein.<\/p>\n<p style=\"text-align: left\"><strong>BAND:<\/strong> Die Chronomaster ist mit einem Lederarmband im &#8222;Rennsport&#8220;-Stil ausgestattet.<\/p>\n<p style=\"text-align: left\"><strong>ZUBEH\u00d6R:<\/strong> Uhrenrolle.<\/p>\n<p style=\"text-align: left\"><strong>GARANTIE:<\/strong> Wir garantieren die Echtheit der Uhr. Wir gew\u00e4hren au\u00dferdem 12 Monate Garantie auf die korrekte Funktion dieses Zeitmessers. Alle Garantien unterliegen den Allgemeinen Gesch\u00e4ftsbedingungen. Bitte z\u00f6gern Sie nicht, Fragen zu stellen, wir werden sie gerne beantworten. Eine virtuelle oder pers\u00f6nliche Besichtigung ist nach Vereinbarung m\u00f6glich.<\/p>\n","protected":false},"excerpt":{"rendered":"<p style=\"text-align: left\">Zum Verkauf steht eine Vintage Chronomaster Valjoux 23 in der seltenen Konfiguration Lollipopzeiger \/ graue Yachting Subidals.<\/p>\n","protected":false},"featured_media":34379,"template":"","meta":{"om_disable_all_campaigns":false,"_monsterinsights_skip_tracking":false,"_monsterinsights_sitenote_active":false,"_monsterinsights_sitenote_note":"","_monsterinsights_sitenote_category":0},"product_brand":[],"product_cat":[282,69,74],"product_tag":[],"class_list":{"0":"post-23918","1":"product","2":"type-product","3":"status-publish","4":"has-post-thumbnail","6":"product_cat-nivada-de","7":"product_cat-nivada-croton-de","8":"product_cat-vintage-de","10":"first","11":"instock","12":"taxable","13":"shipping-taxable","14":"purchasable","15":"product-type-simple"},"aioseo_notices":[],"_links":{"self":[{"href":"https:\/\/chrono-scope.ch\/de\/wp-json\/wp\/v2\/product\/23918","targetHints":{"allow":["GET"]}}],"collection":[{"href":"https:\/\/chrono-scope.ch\/de\/wp-json\/wp\/v2\/product"}],"about":[{"href":"https:\/\/chrono-scope.ch\/de\/wp-json\/wp\/v2\/types\/product"}],"version-history":[{"count":5,"href":"https:\/\/chrono-scope.ch\/de\/wp-json\/wp\/v2\/product\/23918\/revisions"}],"predecessor-version":[{"id":24236,"href":"https:\/\/chrono-scope.ch\/de\/wp-json\/wp\/v2\/product\/23918\/revisions\/24236"}],"wp:featuredmedia":[{"embeddable":true,"href":"https:\/\/chrono-scope.ch\/de\/wp-json\/wp\/v2\/media\/34379"}],"wp:attachment":[{"href":"https:\/\/chrono-scope.ch\/de\/wp-json\/wp\/v2\/media?parent=23918"}],"wp:term":[{"taxonomy":"product_brand","embeddable":true,"href":"https:\/\/chrono-scope.ch\/de\/wp-json\/wp\/v2\/product_brand?post=23918"},{"taxonomy":"product_cat","embeddable":true,"href":"https:\/\/chrono-scope.ch\/de\/wp-json\/wp\/v2\/product_cat?post=23918"},{"taxonomy":"product_tag","embeddable":true,"href":"https:\/\/chrono-scope.ch\/de\/wp-json\/wp\/v2\/product_tag?post=23918"}],"curies":[{"name":"wp","href":"https:\/\/api.w.org\/{rel}","templated":true}]}}