{"id":23741,"date":"2025-02-07T18:49:41","date_gmt":"2025-02-07T18:49:41","guid":{"rendered":"https:\/\/nakyxozy.cyon.site\/product\/massena-lab-uni-racer-weiss\/"},"modified":"2025-02-07T19:08:18","modified_gmt":"2025-02-07T19:08:18","slug":"massena-lab-uni-racer-weiss","status":"publish","type":"product","link":"https:\/\/chrono-scope.ch\/de\/produkt\/massena-lab-uni-racer-weiss\/","title":{"rendered":"Massena Lab Uni-Racer \u201cWhite\u201d"},"content":{"rendered":"<p style=\"text-align: left\"><b><span data-contrast=\"auto\">MODELL\/REFERENZ:<\/span><\/b><span data-contrast=\"auto\"> Massena Lab Uni-Racer &#8222;Wei\u00df&#8220;. <\/span><span data-contrast=\"auto\">Diese Referenz ist Teil einer limitierten Auflage von 200 Exemplaren. <\/span><\/p>\n<p style=\"text-align: left\"><b><span data-contrast=\"auto\">ZIFFERBLATT+ZEIGER:<\/span><\/b> <span data-contrast=\"auto\">Das Panda-Zifferblatt mit Fadenkreuz ist in einem Bicompax-Layout mit zwei dekorativen Hilfszifferbl\u00e4ttern in Schwarz und Rot gehalten: Ein kleiner Sekundenz\u00e4hler bei 9 Uhr und ein &#8222;Big Eye&#8220; 30-Minuten-Z\u00e4hler bei 3 Uhr.<\/span><\/p>\n<p style=\"text-align: left\"><span data-contrast=\"auto\">Der gebl\u00e4ute Leuchtzeiger erinnert sehr an das m\u00e4chtige Universal Geneve &#8222;big eye&#8220; Modell.<\/span><\/p>\n<p style=\"text-align: left\"><b><span data-contrast=\"auto\">GLAS:<\/span><\/b> <span data-contrast=\"auto\">Gew\u00f6lbtes Acrylglas mit Anti-Kratz-Behandlung. Es tr\u00e4gt in der Mitte eine Gravur des Markenlogos. <\/span><\/p>\n<p style=\"text-align: left\"><b><span data-contrast=\"auto\">GEH\u00c4USE:<\/span><\/b><span data-contrast=\"auto\"> Das Geh\u00e4use aus 316L-Edelstahl hat einen Durchmesser von 39 mm und misst 46 mm von Ansatz zu Ansatz. Die Oberfl\u00e4che weist ein sch\u00f6nes, horizontal geb\u00fcrstetes Finish auf und hat keinerlei Macken oder Kratzer. <\/span><\/p>\n<p style=\"text-align: left\"><b><span data-contrast=\"auto\">GEH\u00c4USEBODEN: <\/span><\/b><span data-contrast=\"auto\">Der verschraubte Geh\u00e4useboden ist auf der Innenseite signiert und gew\u00e4hrleistet eine Wasserdichtigkeit von 50 Metern. Er weist eine kreisf\u00f6rmige Maserung in der Mitte auf, zusammen mit einer scharfen Gravur der Seriennummer. Es weist keine gr\u00f6\u00dferen Gebrauchsspuren oder erkennbaren Besch\u00e4digungen auf. <\/span><\/p>\n<p style=\"text-align: left\"><b><span data-contrast=\"auto\">KRONE+DR\u00dcCKER:<\/span><\/b><span data-contrast=\"auto\"> Original signierte Krone und Pumpendr\u00fccker.<\/span><\/p>\n<p style=\"text-align: left\"><b><span data-contrast=\"auto\">UHRWERK::<\/span><\/b><span data-contrast=\"auto\"> Das signierte Sellita SW510 M Chronographenwerk mit Handaufzug verf\u00fcgt \u00fcber eine Hacking-Funktion und eine \u00e9labor\u00e9-Hemmung, die nach Chronometerstandards reguliert ist. Es wurde inspiziert und l\u00e4uft wie vorgesehen. <\/span><\/p>\n<p style=\"text-align: left\"><b><span data-contrast=\"auto\">BAND<\/span><\/b><b><span data-contrast=\"auto\">:<\/span><\/b><span data-contrast=\"auto\"> In Italien hergestelltes, 20 mm dickes bleu de France Lederarmband und eine signierte 16 mm Dornschlie\u00dfe aus Edelstahl.<\/span><\/p>\n<p style=\"text-align: left\"><b><span data-contrast=\"auto\">ZUBEH\u00d6R<\/span><\/b><b><span data-contrast=\"auto\">:<\/span><\/b><span data-contrast=\"auto\"> Vollst\u00e4ndiges Set.<\/span><\/p>\n<p style=\"text-align: left\"><b><span data-contrast=\"auto\">GARANTIE:<\/span><\/b><span data-contrast=\"auto\"> Wir garantieren die Echtheit der Uhr. Wir gew\u00e4hren au\u00dferdem 12 Monate Garantie auf die korrekte Funktion dieses Zeitmessers. F\u00fcr alle Garantien gelten die Allgemeinen Gesch\u00e4ftsbedingungen.<\/span><\/p>\n<p style=\"text-align: left\"><span data-contrast=\"auto\">Bitte z\u00f6gern Sie nicht, Fragen zu stellen, wir werden sie gerne beantworten. Eine pers\u00f6nliche oder virtuelle Besichtigung ist nach Vereinbarung m\u00f6glich.<\/span><\/p>\n","protected":false},"excerpt":{"rendered":"<p style=\"text-align: left\"><span data-contrast=\"auto\">Die <strong>Massena LAB Uni-Racer<\/strong> wurde drei Jahre lang entwickelt und ist eine Hommage an die Kunst, Konventionen zu brechen und die Vergangenheit mit einem klaren Fokus auf die Gegenwart zu verbinden. Dieser Zeitmesser ist eine Neuinterpretation einer Ikone aus der Mitte des 21. Jahrhunderts, bei der jedes Detail f\u00fcr den anspruchsvollen Uhrenliebhaber von heute akribisch verfeinert wurde. <\/span><\/p>\n<p style=\"text-align: left\"><span data-contrast=\"auto\">Mit seiner sorgf\u00e4ltigen Neugestaltung ist der Uni-Racer eine moderne Interpretation eines Kultklassikers, die bis in die kleinsten Details hinein mit einer frischen, zeitgen\u00f6ssischen Sensibilit\u00e4t ausgestattet ist.<\/span><\/p>\n<p style=\"text-align: left\"><span data-contrast=\"auto\">Bitte lesen Sie den Zustandsbericht sorgf\u00e4ltig durch und betrachten Sie die hochaufl\u00f6senden Bilder, um den Gesamtzustand der Uhr zu beurteilen.<\/span><\/p>\n","protected":false},"featured_media":23731,"template":"","meta":{"om_disable_all_campaigns":false,"_monsterinsights_skip_tracking":false,"_monsterinsights_sitenote_active":false,"_monsterinsights_sitenote_note":"","_monsterinsights_sitenote_category":0},"product_brand":[],"product_cat":[68,185],"product_tag":[],"class_list":{"0":"post-23741","1":"product","2":"type-product","3":"status-publish","4":"has-post-thumbnail","6":"product_cat-kleine-marken","7":"product_cat-massena-lab-de","9":"first","10":"instock","11":"taxable","12":"shipping-taxable","13":"purchasable","14":"product-type-simple"},"aioseo_notices":[],"_links":{"self":[{"href":"https:\/\/chrono-scope.ch\/de\/wp-json\/wp\/v2\/product\/23741","targetHints":{"allow":["GET"]}}],"collection":[{"href":"https:\/\/chrono-scope.ch\/de\/wp-json\/wp\/v2\/product"}],"about":[{"href":"https:\/\/chrono-scope.ch\/de\/wp-json\/wp\/v2\/types\/product"}],"version-history":[{"count":2,"href":"https:\/\/chrono-scope.ch\/de\/wp-json\/wp\/v2\/product\/23741\/revisions"}],"predecessor-version":[{"id":23743,"href":"https:\/\/chrono-scope.ch\/de\/wp-json\/wp\/v2\/product\/23741\/revisions\/23743"}],"wp:featuredmedia":[{"embeddable":true,"href":"https:\/\/chrono-scope.ch\/de\/wp-json\/wp\/v2\/media\/23731"}],"wp:attachment":[{"href":"https:\/\/chrono-scope.ch\/de\/wp-json\/wp\/v2\/media?parent=23741"}],"wp:term":[{"taxonomy":"product_brand","embeddable":true,"href":"https:\/\/chrono-scope.ch\/de\/wp-json\/wp\/v2\/product_brand?post=23741"},{"taxonomy":"product_cat","embeddable":true,"href":"https:\/\/chrono-scope.ch\/de\/wp-json\/wp\/v2\/product_cat?post=23741"},{"taxonomy":"product_tag","embeddable":true,"href":"https:\/\/chrono-scope.ch\/de\/wp-json\/wp\/v2\/product_tag?post=23741"}],"curies":[{"name":"wp","href":"https:\/\/api.w.org\/{rel}","templated":true}]}}