{"id":23593,"date":"2025-02-07T09:49:46","date_gmt":"2025-02-07T09:49:46","guid":{"rendered":"https:\/\/nakyxozy.cyon.site\/product\/massena-lab-uni-racer-rallye\/"},"modified":"2025-02-07T14:49:44","modified_gmt":"2025-02-07T14:49:44","slug":"massena-lab-uni-racer-rallye","status":"publish","type":"product","link":"https:\/\/chrono-scope.ch\/de\/produkt\/massena-lab-uni-racer-rallye\/","title":{"rendered":"Massena Lab Uni-Racer &#8222;Rallye&#8220;"},"content":{"rendered":"<p><b><span data-contrast=\"auto\">MODELL\/REFERENZ:<\/span><\/b><span data-contrast=\"auto\"> Massena Lab Uni-Racer \u201eRallye\u201c. Diese Referenz ist Teil einer limitierten Auflage von 35 Exemplaren.<\/span><span data-ccp-props=\"{}\">\u00a0<\/span><\/p>\n<p><b><span data-contrast=\"auto\">ZIFFERNBLATT+ZEIGER:<\/span><\/b><span data-contrast=\"auto\"> Das silberne Fadenkreuz-Zifferblatt ist nach dem Bicompax-Prinzip mit zwei Hilfszifferbl\u00e4ttern in Blau und Rot und Akzenten gestaltet: Ein kleiner Sekundenz\u00e4hler bei 9 Uhr und ein \u201eBig Eye\u201c-30-Minutenz\u00e4hler bei 3 Uhr. Der Tachymeterskalenbereich hat ebenfalls eine sch\u00f6ne kontrastierende blaue Farbe.<\/span><span data-ccp-props=\"{}\">\u00a0<\/span><\/p>\n<p><span data-contrast=\"auto\">Der silberne Leuchtzeiger erinnert sehr an das m\u00e4chtige \u201eBig Eye\u201c-Modell von Universal Geneve.<\/span><span data-ccp-props=\"{}\">\u00a0<\/span><\/p>\n<p><b><span data-contrast=\"auto\">GLAS:<\/span><\/b><span data-contrast=\"auto\"> Gew\u00f6lbtes Acrylkristall mit kratzfester Beschichtung. In der Mitte befindet sich eine Gravur des Markenlogos.<\/span><span data-ccp-props=\"{}\">\u00a0<\/span><\/p>\n<p><b><span data-contrast=\"auto\">GEH\u00c4USE:<\/span><\/b><span data-contrast=\"auto\"> Das Edelstahlgeh\u00e4use 316L hat einen Durchmesser von 39 mm und eine L\u00e4nge von 46 mm von Bandansto\u00df zu Bandansto\u00df. Die Oberfl\u00e4che weist eine sch\u00f6ne, horizontal geb\u00fcrstete Oberfl\u00e4che auf und ist frei von jeglichen Kerben oder Kratzern.<\/span><span data-ccp-props=\"{}\">\u00a0<\/span><\/p>\n<p><b><span data-contrast=\"auto\">GEH\u00c4USEBODEN: <\/span><\/b><span data-contrast=\"auto\">Der verschraubte Geh\u00e4useboden ist auf der Innenseite signiert und gew\u00e4hrleistet eine Wasserdichtigkeit von 50 Metern. In der Mitte befindet sich eine kreisf\u00f6rmige K\u00f6rnung sowie eine gestochen scharfe Gravur der Seriennummer. Es sind keine gr\u00f6\u00dferen Abnutzungserscheinungen oder erkennbaren Sch\u00e4den zu erkennen.<\/span><span data-ccp-props=\"{}\">\u00a0<\/span><\/p>\n<p><b><span data-contrast=\"auto\">KRONE+DR\u00dcCKER:<\/span><\/b><span data-contrast=\"auto\"> Originale signierte Krone und Pumpdr\u00fccker.<\/span><span data-ccp-props=\"{}\">\u00a0<\/span><\/p>\n<p><b><span data-contrast=\"auto\">WERK:<\/span><\/b><span data-contrast=\"auto\"> Das signierte Sellita SW510 M Chronographenwerk mit Handaufzug bietet eine Stoppfunktion und eine Elabor\u00e9-Behandlung, die nach Chronometerstandards reguliert ist. Es wurde \u00fcberpr\u00fcft und funktioniert wie vorgesehen.<\/span><span data-ccp-props=\"{}\">\u00a0<\/span><\/p>\n<p><b><span data-contrast=\"auto\">ARMBAND:<\/span><\/b><span data-contrast=\"auto\"> 20 mm breites, cognacfarbenes Hirschlederarmband aus italienischer Herstellung und eine 16 mm breite, signierte Dornschlie\u00dfe aus Edelstahl.<\/span><span data-ccp-props=\"{}\">\u00a0<\/span><\/p>\n<p><b><span data-contrast=\"auto\">ZUBEH\u00d6R:<\/span><\/b><span data-contrast=\"auto\"> Vollst\u00e4ndiger Satz.<\/span><span data-ccp-props=\"{}\">\u00a0<\/span><\/p>\n<p><b><span data-contrast=\"auto\">GARANTIE:<\/span><\/b><span data-contrast=\"auto\"> Wir garantieren die Echtheit der Uhr. Wir bieten au\u00dferdem eine 12-monatige Garantie f\u00fcr die korrekte Funktion dieses Zeitmessers. Alle Garantien unterliegen den Allgemeinen Gesch\u00e4ftsbedingungen.<\/span><span data-ccp-props=\"{}\">\u00a0<\/span><\/p>\n<p><span data-contrast=\"auto\">Bitte z\u00f6gern Sie nicht, Fragen zu stellen, wir beantworten sie gerne. Eine pers\u00f6nliche oder virtuelle Besichtigung ist nach Vereinbarung m\u00f6glich.<\/span><span data-ccp-props=\"{}\">\u00a0<\/span><\/p>\n","protected":false},"excerpt":{"rendered":"<p><span data-contrast=\"auto\">Mit ihrer sorgf\u00e4ltigen Neugestaltung ist die <strong>Uni-Racer<\/strong> eine moderne Interpretation eines Kultklassikers, der bis ins kleinste Detail mit einer frischen, zeitgen\u00f6ssischen Sensibilit\u00e4t verfeinert wurde.<\/span><span data-ccp-props=\"{}\">\u00a0<\/span><\/p>\n<p><span data-contrast=\"auto\">Bitte lesen Sie den Zustandsbericht sorgf\u00e4ltig durch und sehen Sie sich die hochaufl\u00f6senden Bilder an, um den Gesamtzustand der Uhr beurteilen zu k\u00f6nnen.<\/span><span data-ccp-props=\"{}\">\u00a0<\/span><\/p>\n","protected":false},"featured_media":23586,"template":"","meta":{"om_disable_all_campaigns":false,"_monsterinsights_skip_tracking":false,"_monsterinsights_sitenote_active":false,"_monsterinsights_sitenote_note":"","_monsterinsights_sitenote_category":0},"product_brand":[],"product_cat":[68,185],"product_tag":[],"class_list":{"0":"post-23593","1":"product","2":"type-product","3":"status-publish","4":"has-post-thumbnail","6":"product_cat-kleine-marken","7":"product_cat-massena-lab-de","9":"first","10":"instock","11":"taxable","12":"shipping-taxable","13":"purchasable","14":"product-type-simple"},"aioseo_notices":[],"_links":{"self":[{"href":"https:\/\/chrono-scope.ch\/de\/wp-json\/wp\/v2\/product\/23593","targetHints":{"allow":["GET"]}}],"collection":[{"href":"https:\/\/chrono-scope.ch\/de\/wp-json\/wp\/v2\/product"}],"about":[{"href":"https:\/\/chrono-scope.ch\/de\/wp-json\/wp\/v2\/types\/product"}],"version-history":[{"count":2,"href":"https:\/\/chrono-scope.ch\/de\/wp-json\/wp\/v2\/product\/23593\/revisions"}],"predecessor-version":[{"id":23595,"href":"https:\/\/chrono-scope.ch\/de\/wp-json\/wp\/v2\/product\/23593\/revisions\/23595"}],"wp:featuredmedia":[{"embeddable":true,"href":"https:\/\/chrono-scope.ch\/de\/wp-json\/wp\/v2\/media\/23586"}],"wp:attachment":[{"href":"https:\/\/chrono-scope.ch\/de\/wp-json\/wp\/v2\/media?parent=23593"}],"wp:term":[{"taxonomy":"product_brand","embeddable":true,"href":"https:\/\/chrono-scope.ch\/de\/wp-json\/wp\/v2\/product_brand?post=23593"},{"taxonomy":"product_cat","embeddable":true,"href":"https:\/\/chrono-scope.ch\/de\/wp-json\/wp\/v2\/product_cat?post=23593"},{"taxonomy":"product_tag","embeddable":true,"href":"https:\/\/chrono-scope.ch\/de\/wp-json\/wp\/v2\/product_tag?post=23593"}],"curies":[{"name":"wp","href":"https:\/\/api.w.org\/{rel}","templated":true}]}}