{"id":23274,"date":"2025-01-30T08:42:11","date_gmt":"2025-01-30T08:42:11","guid":{"rendered":"https:\/\/nakyxozy.cyon.site\/product\/tudor-monte-carlo-chronograph-referenz-7159-schwarzes-hilfszifferblatt-garantie\/"},"modified":"2026-03-16T14:57:56","modified_gmt":"2026-03-16T14:57:56","slug":"tudor-monte-carlo-chronograph-referenz-7159-schwarzes-hilfszifferblatt-garantie","status":"publish","type":"product","link":"https:\/\/chrono-scope.ch\/de\/produkt\/tudor-monte-carlo-chronograph-referenz-7159-schwarzes-hilfszifferblatt-garantie\/","title":{"rendered":"Tudor Monte Carlo Chronograph Reference 7159 black sub dials, warranty"},"content":{"rendered":"<p style=\"text-align: left;\"><strong>MODELL \/ REFERENZ:<\/strong> Tudor Monte Carlo Chronograph, Referenz 7159, Seriennummer 826xxxDie Uhr wurde am 12. Februar 1975 in Z\u00fcrich, Schweiz, verkauft.<\/p>\n<p style=\"text-align: left;\"><strong>ZIFFERBLATT+ZEICHER:<\/strong> Die beiden Hilfszifferbl\u00e4tter mit schwarzen, wei\u00dfen und orangefarbenen Akzenten sind sehr gut erhalten, ebenso wie die pr\u00e4zise umschriebene Minuterie am Rand des Kapitelrings.<br \/>\nDas Datumsfenster bei 6 Uhr pr\u00e4sentiert eine saubere Scheibe mit einem scharfen Aufdruck.<br \/>\nDie aufgedruckten Stundenmarkierungen sind mit Tritiumstreifen verziert. Wenn sie durch UV-Licht aktiviert werden, leuchten sowohl die Zeiger als auch die Leuchtmasse auf dem Zifferblatt auf und verblassen dann langsam.<br \/>\nDie blockf\u00f6rmigen Zeiger haben Leuchtmasseeinlagen, die zum Farbton der Indizes passen. Der orangefarbene zentrale Sekundenzeiger ist originell und erg\u00e4nzt die exotische Ausstrahlung des gesamten Ensembles.<\/p>\n<p style=\"text-align: left;\"><strong>GEH\u00c4USE:<\/strong> Obwohl die 40-mm-Oyster irgendwann in der Vergangenheit poliert wurde, hat sie ihre starken Profillinien beibehalten. Die geb\u00fcrstete Oberfl\u00e4che auf der Oberseite und die polierten Seiten weisen nur wenige Gebrauchsspuren auf, die dem sorgf\u00e4ltigen Tragen angemessen sind.<br \/>\nDie polierte Tachymeterl\u00fcnette ist korrekt und weist leichte Gebrauchsspuren auf, haupts\u00e4chlich zwischen den Markierungen 75 und 80.<\/p>\n<p style=\"text-align: left;\"><strong>GEH\u00c4USEBODEN:<\/strong> Der Oyster Geh\u00e4useboden ist insgesamt in einem mittelm\u00e4\u00dfigen Vintage-Zustand. Er hat eine matte Oberfl\u00e4che und intakte R\u00e4ndelungen, aber auch einige Kratzer. In der Mitte ist ein lesbarer Text eingraviert, der an einigen Stellen zu verblassen beginnt. Bitte sehen Sie sich die Bilder an.<br \/>\nDie Innenseite ist sauber und tr\u00e4gt alle zeitgem\u00e4\u00dfen Stempel.<\/p>\n<p style=\"text-align: left;\"><strong>GLAS:<\/strong> Das originale Plexiglas ist sauber, mit sehr leichten Gebrauchsspuren. Die Zyklopenlupe bei 6 Uhr ist klar und perfekt auf das Datumsfenster abgestimmt.<\/p>\n<p style=\"text-align: left;\"><strong>KRONEN+DR\u00dcCKER:<\/strong> Signierte Rolex &#8222;Triplock&#8220;-Krone, die sicher schlie\u00dft und wie vorgesehen funktioniert.<br \/>\nDie verschraubten Dr\u00fccker sind korrekt und weisen keinerlei Probleme auf. Sie k\u00f6nnen herausgeschraubt werden, um das Chronographenmodul zu bet\u00e4tigen.<\/p>\n<p style=\"text-align: left;\"><strong>UHRWERK:<\/strong> Das mit einem S\u00e4ulenrad geschaltete Kaliber Valjoux 234 verf\u00fcgt \u00fcber eine Chronographenanzeige mit zwei Registern und einer Datumsfunktion.<br \/>\nEs ist signiert und wurde \u00fcberpr\u00fcft. Das Uhrwerk h\u00e4lt die Zeit gut ein, und jede Funktion funktioniert wie vorgesehen.<\/p>\n<p style=\"text-align: left;\"><strong>BAND:<\/strong> Das Armband 7838 ist komplett mit 13 gefalteten Gliedern und 20mm, 380 Endgliedern. Die signierte Schlie\u00dfe ist auf 1983 datiert, wie der &#8222;H&#8220;-Stempel nahelegt. Es handelt sich wahrscheinlich um einen sp\u00e4teren Ersatz.<\/p>\n<p style=\"text-align: left;\"><strong>ZUBEH\u00d6R:<\/strong> Tudor Pr\u00e4sentationsbox und Original-Garantiepapier.<\/p>\n<p style=\"text-align: left;\"><strong>GARANTIE:<\/strong> Wir garantieren die Echtheit der Uhr. Au\u00dferdem gew\u00e4hren wir eine 12-monatige Garantie auf die einwandfreie Funktion dieses Zeitmessers. Alle Garantien unterliegen den Allgemeinen Gesch\u00e4ftsbedingungen.<br \/>\nBitte z\u00f6gern Sie nicht, Fragen zu stellen, wir werden sie gerne beantworten. Eine virtuelle oder pers\u00f6nliche Besichtigung ist nach Vereinbarung m\u00f6glich.<\/p>\n","protected":false},"excerpt":{"rendered":"<p style=\"text-align: left;\">Die zwischen 1971 und 1977 produzierte <strong>Tudor Monte Carlo<\/strong> ist ein unglaublich robustes Gebrauchsger\u00e4t, das unter Verwendung von Rolex-Teilen f\u00fcr die Ewigkeit gebaut wurde und es schafft, seine eigene Identit\u00e4t auf sehr k\u00fchne und farbenfrohe Weise zu formen. Sie wird nicht nur von einem raffinierten Kaliber Valjoux 234 angetrieben, sondern ist auch mit einem exotisch anmutenden Zifferblatt ausgestattet, das sich von den meisten ihrer Kollegen aus derselben \u00c4ra unterscheidet. Dazu kommt ein k\u00fchnes Oyster-Geh\u00e4use mit verschraubten Dr\u00fcckern, und Sie erhalten ein gro\u00dfartig aussehendes Paket mit Investitionspotenzial.<\/p>\n<p style=\"text-align: left;\">Bitte lesen Sie den Zustandsbericht sorgf\u00e4ltig durch und betrachten Sie die hochaufl\u00f6senden Bilder, um den Gesamtzustand der Uhr zu beurteilen.<\/p>\n","protected":false},"featured_media":23240,"template":"","meta":{"om_disable_all_campaigns":false,"_monsterinsights_skip_tracking":false,"_monsterinsights_sitenote_active":false,"_monsterinsights_sitenote_note":"","_monsterinsights_sitenote_category":0},"product_brand":[],"product_cat":[361,74],"product_tag":[],"class_list":{"0":"post-23274","1":"product","2":"type-product","3":"status-publish","4":"has-post-thumbnail","6":"product_cat-tudor-de","7":"product_cat-vintage-de","9":"first","10":"instock","11":"taxable","12":"shipping-taxable","13":"purchasable","14":"product-type-simple"},"aioseo_notices":[],"_links":{"self":[{"href":"https:\/\/chrono-scope.ch\/de\/wp-json\/wp\/v2\/product\/23274","targetHints":{"allow":["GET"]}}],"collection":[{"href":"https:\/\/chrono-scope.ch\/de\/wp-json\/wp\/v2\/product"}],"about":[{"href":"https:\/\/chrono-scope.ch\/de\/wp-json\/wp\/v2\/types\/product"}],"version-history":[{"count":1,"href":"https:\/\/chrono-scope.ch\/de\/wp-json\/wp\/v2\/product\/23274\/revisions"}],"predecessor-version":[{"id":23275,"href":"https:\/\/chrono-scope.ch\/de\/wp-json\/wp\/v2\/product\/23274\/revisions\/23275"}],"wp:featuredmedia":[{"embeddable":true,"href":"https:\/\/chrono-scope.ch\/de\/wp-json\/wp\/v2\/media\/23240"}],"wp:attachment":[{"href":"https:\/\/chrono-scope.ch\/de\/wp-json\/wp\/v2\/media?parent=23274"}],"wp:term":[{"taxonomy":"product_brand","embeddable":true,"href":"https:\/\/chrono-scope.ch\/de\/wp-json\/wp\/v2\/product_brand?post=23274"},{"taxonomy":"product_cat","embeddable":true,"href":"https:\/\/chrono-scope.ch\/de\/wp-json\/wp\/v2\/product_cat?post=23274"},{"taxonomy":"product_tag","embeddable":true,"href":"https:\/\/chrono-scope.ch\/de\/wp-json\/wp\/v2\/product_tag?post=23274"}],"curies":[{"name":"wp","href":"https:\/\/api.w.org\/{rel}","templated":true}]}}