{"id":23230,"date":"2025-01-29T17:49:42","date_gmt":"2025-01-29T17:49:42","guid":{"rendered":"https:\/\/nakyxozy.cyon.site\/?post_type=product&#038;p=23230"},"modified":"2026-03-16T15:06:12","modified_gmt":"2026-03-16T15:06:12","slug":"tudor-monte-carlo-chronograph-reference-7159-blue-sub-dials-warranty","status":"publish","type":"product","link":"https:\/\/chrono-scope.ch\/de\/produkt\/tudor-monte-carlo-chronograph-reference-7159-blue-sub-dials-warranty\/","title":{"rendered":"Tudor Monte Carlo Chronograph Reference 7159 blue sub dials, warranty"},"content":{"rendered":"<p style=\"text-align: left;\"><strong>MODELL \/ REFERENZ:<\/strong> Tudor Monte Carlo Chronograph, Referenz 7159. Die Seriennummer 843 xxx datiert sie auf ca. 1976.<\/p>\n<p style=\"text-align: left;\"><strong>ZIFFERBLATT+ZEICHER:<\/strong> Die beiden Hilfszifferbl\u00e4tter mit metallischen blauen und orangefarbenen Akzenten sind sehr gut erhalten, ebenso wie die pr\u00e4zise umschriebene Minuterie am Rand des Kapitelrings.<br \/>\nDas Datumsfenster bei 6 Uhr pr\u00e4sentiert eine saubere Scheibe mit klarem Aufdruck. Die aufgedruckten Stundenmarkierungen sind mit Tritiumstreifen verziert, die zu einem charmanten cremefarbenen Ton gealtert sind.<br \/>\nDie blockf\u00f6rmigen Zeiger haben Lume-Inlays, die zum Farbton der Indizes passen. Der orangefarbene zentrale Sekundenzeiger ist originell und erg\u00e4nzt die exotische Ausstrahlung des gesamten Ensembles.<br \/>\nWenn das UV-Licht aktiviert wird, leuchten die Zeiger und die Leuchtmasse auf dem Zifferblatt. Wenn die Lichtquelle entfernt wird, gibt es kein Nachleuchten.<\/p>\n<p style=\"text-align: left;\"><strong>GEH\u00c4USE:<\/strong> Obwohl die 40-mm-Oyster wahrscheinlich irgendwann in der Vergangenheit poliert wurde, hat sie ein starkes Profil mit markanten Fasen, die \u00fcber dicke und symmetrische Bandanst\u00f6\u00dfe laufen. Die geb\u00fcrstete Oberfl\u00e4che auf der Oberseite und die polierten Seiten weisen nur wenige Gebrauchsspuren auf, die dem sorgf\u00e4ltigen Tragen entsprechen.<br \/>\nDie polierte Tachymeterl\u00fcnette ist korrekt und weist nur sehr geringe Abnutzungserscheinungen und keine gr\u00f6\u00dferen Emailleverluste auf.<\/p>\n<p style=\"text-align: left;\"><strong>GEH\u00c4USER\u00dcCKSEITE:<\/strong> Der Oyster-Geh\u00e4useboden ist insgesamt in einem sehr guten Zustand. Er hat sein urspr\u00fcngliches Finish und die intakte R\u00e4ndelung beibehalten, mit einigen oberfl\u00e4chlichen Kratzspuren, die \u00fcberall verstreut sind. Einige Kleber\u00fcckst\u00e4nde eines alten Schutzaufklebers sind zu sehen, haupts\u00e4chlich in der N\u00e4he der R\u00e4ndelung.<br \/>\nDie Innenseite ist sauber und tr\u00e4gt alle zeitgem\u00e4\u00dfen Stempel.<\/p>\n<p style=\"text-align: left;\"><strong>GLAS:<\/strong> Das originale Plexiglas ist sehr sauber, mit leichten sichtbaren Gebrauchsspuren und einem Haarriss bei 10 Uhr. Die Zyklopenlupe bei 6 Uhr ist klar und perfekt auf das Datumsfenster abgestimmt.<\/p>\n<p style=\"text-align: left;\"><strong>KRONEN+DR\u00dcCKER:<\/strong> Signierte Rolex &#8222;Triplock&#8220;-Krone, die sicher schlie\u00dft und wie vorgesehen funktioniert.<br \/>\nDie verschraubten Dr\u00fccker sind korrekt und weisen keinerlei Probleme auf. Sie k\u00f6nnen herausgeschraubt werden, um das Chronographenmodul zu bet\u00e4tigen.<\/p>\n<p style=\"text-align: left;\"><strong>UHRWERK:<\/strong> Das mit einem S\u00e4ulenrad geschaltete Kaliber Valjoux 234 verf\u00fcgt \u00fcber eine Chronographenanzeige mit zwei Registern und einer Datumsfunktion.<br \/>\nEs ist signiert und wurde \u00fcberpr\u00fcft. Das Uhrwerk h\u00e4lt die Zeit gut ein, und jede Funktion funktioniert wie vorgesehen.<\/p>\n<p style=\"text-align: left;\"><strong>BAND:<\/strong> Das Oyster-Armband aus Edelstahl wird von C&amp;I f\u00fcr den US-Markt hergestellt. Es ist mit 11 Hohlnieten und dehnbaren Gliedern ausgestattet. Das Armband und seine 20 mm langen Endglieder sind unmarkiert, wie es sich geh\u00f6rt. Die signierte Schlie\u00dfe ist auf 1978 datiert.<\/p>\n<p style=\"text-align: left;\"><strong>ZUBEH\u00d6R<\/strong>: Saffiano Leder Uhrenrolle.<\/p>\n<p style=\"text-align: left;\"><strong>GARANTIE:<\/strong> Wir garantieren die Echtheit der Uhr. Au\u00dferdem gew\u00e4hren wir eine 12-monatige Garantie auf die einwandfreie Funktion dieses Zeitmessers. Alle Garantien unterliegen den Allgemeinen Gesch\u00e4ftsbedingungen.<br \/>\nBitte z\u00f6gern Sie nicht, Fragen zu stellen, wir werden sie gerne beantworten. Eine virtuelle oder pers\u00f6nliche Besichtigung ist nach Vereinbarung m\u00f6glich.<\/p>\n","protected":false},"excerpt":{"rendered":"<p style=\"text-align: left;\"><strong><span class=\"TextRun Highlight Underlined SCXW100551204 BCX0\" lang=\"EN-US\" xml:lang=\"EN-US\" data-contrast=\"none\"><span class=\"NormalTextRun SCXW100551204 BCX0\" data-ccp-parastyle=\"Normal (Web)\">Tudor Monte Carlo Chronograph Referenz 7159<\/span><\/span><\/strong><\/p>\n<p style=\"text-align: left;\">Mit sechs kurzen Produktionsjahren markiert die Referenz 7159 die zweite Generation der Chronographen von Tudor, die mit ihren farbenfrohen Zifferbl\u00e4ttern an die Roulettetische im Casino von Monte Carlo erinnern.<br \/>\nW\u00e4hrend sie sich von der Daytona 6265 inspirieren l\u00e4sst, vor allem bei der Stahll\u00fcnette und den verschraubten Dr\u00fcckern, verf\u00fcgt diese Referenz \u00fcber ein gr\u00f6\u00dferes Oyster-Geh\u00e4use und f\u00fchrt eine Datumsfunktion bei 6 Uhr mit einer Vergr\u00f6\u00dferungslinse ein.<\/p>\n<p>Bitte lesen Sie den Zustandsbericht sorgf\u00e4ltig durch und betrachten Sie die hochaufl\u00f6senden Bilder, um den Gesamtzustand der Uhr zu beurteilen.<\/p>\n","protected":false},"featured_media":23220,"template":"","meta":{"om_disable_all_campaigns":false,"_monsterinsights_skip_tracking":false,"_monsterinsights_sitenote_active":false,"_monsterinsights_sitenote_note":"","_monsterinsights_sitenote_category":0},"product_brand":[],"product_cat":[361,74],"product_tag":[],"class_list":{"0":"post-23230","1":"product","2":"type-product","3":"status-publish","4":"has-post-thumbnail","6":"product_cat-tudor-de","7":"product_cat-vintage-de","9":"first","10":"instock","11":"taxable","12":"shipping-taxable","13":"purchasable","14":"product-type-simple"},"aioseo_notices":[],"_links":{"self":[{"href":"https:\/\/chrono-scope.ch\/de\/wp-json\/wp\/v2\/product\/23230","targetHints":{"allow":["GET"]}}],"collection":[{"href":"https:\/\/chrono-scope.ch\/de\/wp-json\/wp\/v2\/product"}],"about":[{"href":"https:\/\/chrono-scope.ch\/de\/wp-json\/wp\/v2\/types\/product"}],"version-history":[{"count":2,"href":"https:\/\/chrono-scope.ch\/de\/wp-json\/wp\/v2\/product\/23230\/revisions"}],"predecessor-version":[{"id":37640,"href":"https:\/\/chrono-scope.ch\/de\/wp-json\/wp\/v2\/product\/23230\/revisions\/37640"}],"wp:featuredmedia":[{"embeddable":true,"href":"https:\/\/chrono-scope.ch\/de\/wp-json\/wp\/v2\/media\/23220"}],"wp:attachment":[{"href":"https:\/\/chrono-scope.ch\/de\/wp-json\/wp\/v2\/media?parent=23230"}],"wp:term":[{"taxonomy":"product_brand","embeddable":true,"href":"https:\/\/chrono-scope.ch\/de\/wp-json\/wp\/v2\/product_brand?post=23230"},{"taxonomy":"product_cat","embeddable":true,"href":"https:\/\/chrono-scope.ch\/de\/wp-json\/wp\/v2\/product_cat?post=23230"},{"taxonomy":"product_tag","embeddable":true,"href":"https:\/\/chrono-scope.ch\/de\/wp-json\/wp\/v2\/product_tag?post=23230"}],"curies":[{"name":"wp","href":"https:\/\/api.w.org\/{rel}","templated":true}]}}