{"id":23086,"date":"2025-01-28T15:43:17","date_gmt":"2025-01-28T15:43:17","guid":{"rendered":"https:\/\/nakyxozy.cyon.site\/?post_type=product&#038;p=23086"},"modified":"2025-01-28T15:48:15","modified_gmt":"2025-01-28T15:48:15","slug":"rolex-oyster-perpetual-bubbleback-ref-5011-in-18k-gold","status":"publish","type":"product","link":"https:\/\/chrono-scope.ch\/de\/produkt\/rolex-oyster-perpetual-bubbleback-ref-5011-in-18k-gold\/","title":{"rendered":"Rolex Oyster Perpetual \u201cBubbleback\u201d Ref. 5011 in 18k gold"},"content":{"rendered":"<p style=\"text-align: left\"><strong>MODELL \/ REFERENZ:<\/strong> Rolex Oyster Perpetual &#8222;Bubbleback&#8220; Referenz 5011 in 18k Gelbgold. Die Seriennummer 681xxx deutet auf ein Produktionsjahr um 1949 oder 1950 hin. Die Werknummer lautet 70366.<\/p>\n<p style=\"text-align: left\"><strong>ZIFFERN+ ZEIGER:<\/strong> Das urspr\u00fcnglich wei\u00dfe Zifferblatt hat im Laufe der Zeit einen beigen Farbton angenommen und weist einige Flecken auf, haupts\u00e4chlich um die applizierten Stundenmarkierungen herum. Der schwarze Aufdruck ist gr\u00f6\u00dftenteils vollst\u00e4ndig, vom Text in der Mitte bis zur radialen Minuterie. Zwischen den 7- und 8-Uhr-Markierungen sind die Farben etwas verblasst.<\/p>\n<p style=\"text-align: left\">Das Zifferblatt ist elegant mit einem goldfarbenen Kronen-Symbol, eckigen Stundenmarkierungen und Dauphine-Zeigern verziert. Sie sind gleichm\u00e4\u00dfig mit dem Zifferblatt gealtert und haben eine gewisse Oxidation entwickelt, was bei dem beeindruckenden Alter der Uhr zu erwarten ist.<\/p>\n<p style=\"text-align: left\"><strong>GLAS:<\/strong>Das gew\u00f6lbte Acrylglas sieht insgesamt sauber aus, mit einigen feinen Kratzern.<\/p>\n<p style=\"text-align: left\"><strong>GEH\u00c4USE:<\/strong> Das Oyster-Geh\u00e4use aus 18 Karat Gelbgold misst 32 Millimeter im Durchmesser und wird von einer fein gedrehten L\u00fcnette mit Stundeneinteilung gekr\u00f6nt.<\/p>\n<p style=\"text-align: left\">Die Oberfl\u00e4che ist insgesamt in einem guten Zustand und zeigt Anzeichen von Polierarbeiten in der Vergangenheit sowie feine Oberfl\u00e4chenkratzer und -spuren, vor allem auf der L\u00fcnette und an den Seiten. Das Geh\u00e4use hat durchg\u00e4ngig Anlaufspuren sowie eine deutliche Punzierung auf der R\u00fcckseite der oberen rechten Lasche erhalten.<\/p>\n<p style=\"text-align: left\"><strong>GEH\u00c4USEBODEN:<\/strong> Der Geh\u00e4useboden aus massivem Gelbgold hat eine ausgepr\u00e4gte konvexe Form und ist insgesamt in einem ehrlichen Vintage-Zustand mit feinen Kratzern und unbesch\u00e4digter R\u00e4ndelung.<\/p>\n<p style=\"text-align: left\">Die Innenseite ist sauber und mit der zeitgem\u00e4\u00dfen Nomenklatur gestempelt. Die Punzierung Key of Geneva weist auf die Arbeit des Geh\u00e4usemachermeisters Genex SA hin.<\/p>\n<p style=\"text-align: left\"><strong>KRONE:<\/strong>Die goldene verschraubte &#8222;Brevet&#8220;-Krone ist korrekt, schlie\u00dft sicher und funktioniert wie vorgesehen. Die Gravur ist gr\u00f6\u00dftenteils lesbar und intakt.<\/p>\n<p style=\"text-align: left\"><strong>UHRWERK:<\/strong>Chronometer-zertifiziertes, von Rolex signiertes Uhrwerk mit Automatikaufzug A.296 in vollem Funktionszustand. Ein Timegrapher-Test zeigt eine Amplitude von 200\u00b0 und eine Ganggenauigkeit von -30s pro Tag.<\/p>\n<p style=\"text-align: left\"><strong>BRACELET:<\/strong> 17mm schwarzes Lederarmband mit einer generischen, vergoldeten Dornschlie\u00dfe. Bitte beachten Sie, dass das auf den Bildern gezeigte Armband durch ein anderes Lederarmband ersetzt worden ist. Bitte fragen Sie nach aktuellen Bildern.<\/p>\n<p style=\"text-align: left\"><strong>ZUBEH\u00d6R<\/strong>: Saffiano Leder Uhrenrolle.<\/p>\n<p style=\"text-align: left\"><strong>GARANTIE:<\/strong>Wir garantieren die Echtheit der Uhr. Au\u00dferdem gew\u00e4hren wir eine 12-monatige Garantie auf die einwandfreie Funktion dieses Zeitmessers. F\u00fcr alle Garantien gelten die Allgemeinen Gesch\u00e4ftsbedingungen.<\/p>\n<p style=\"text-align: left\">Bitte z\u00f6gern Sie nicht, Fragen zu stellen, wir werden sie gerne beantworten. Eine virtuelle oder pers\u00f6nliche Besichtigung ist nach Vereinbarung m\u00f6glich.<\/p>\n","protected":false},"excerpt":{"rendered":"<p style=\"text-align: left\"><span data-contrast=\"auto\"><strong>Die Referenz 5011<\/strong>, die f\u00fcr ihren unverwechselbaren &#8222;blasigen&#8220; Geh\u00e4useboden (daher der Spitzname) bekannt ist, war eine der ersten Uhren mit einem gro\u00dfen Automatikwerk und markierte die Einf\u00fchrung der <strong>ersten Oyster Perpetual<\/strong> Modelle <strong>von Rolex<\/strong>: Uhren, die Wasserdichtigkeit mit automatischem Aufzug kombinierten. <\/span><\/p>\n<p style=\"text-align: left\"><span data-contrast=\"auto\">Bei Sammlern immer noch begehrt, <\/span><span data-contrast=\"auto\">sie will nicht bemerkt werden. Dies ist ein bemerkenswert sch\u00f6nes St\u00fcck, das die Sammlung eines jeden Liebhabers mit Klasse und Raffinesse bereichert. <\/span><\/p>\n<p style=\"text-align: left\"><span data-contrast=\"auto\">Bitte lesen Sie den Zustandsbericht sorgf\u00e4ltig durch und betrachten Sie die hochaufl\u00f6senden Bilder, um den Gesamtzustand der Uhr zu beurteilen.<\/span><\/p>\n","protected":false},"featured_media":23080,"template":"","meta":{"om_disable_all_campaigns":false,"_monsterinsights_skip_tracking":false,"_monsterinsights_sitenote_active":false,"_monsterinsights_sitenote_note":"","_monsterinsights_sitenote_category":0},"product_brand":[],"product_cat":[73],"product_tag":[],"class_list":{"0":"post-23086","1":"product","2":"type-product","3":"status-publish","4":"has-post-thumbnail","6":"product_cat-nicht-kategorisiert","8":"first","9":"instock","10":"taxable","11":"shipping-taxable","12":"purchasable","13":"product-type-simple"},"aioseo_notices":[],"_links":{"self":[{"href":"https:\/\/chrono-scope.ch\/de\/wp-json\/wp\/v2\/product\/23086","targetHints":{"allow":["GET"]}}],"collection":[{"href":"https:\/\/chrono-scope.ch\/de\/wp-json\/wp\/v2\/product"}],"about":[{"href":"https:\/\/chrono-scope.ch\/de\/wp-json\/wp\/v2\/types\/product"}],"version-history":[{"count":1,"href":"https:\/\/chrono-scope.ch\/de\/wp-json\/wp\/v2\/product\/23086\/revisions"}],"predecessor-version":[{"id":23096,"href":"https:\/\/chrono-scope.ch\/de\/wp-json\/wp\/v2\/product\/23086\/revisions\/23096"}],"wp:featuredmedia":[{"embeddable":true,"href":"https:\/\/chrono-scope.ch\/de\/wp-json\/wp\/v2\/media\/23080"}],"wp:attachment":[{"href":"https:\/\/chrono-scope.ch\/de\/wp-json\/wp\/v2\/media?parent=23086"}],"wp:term":[{"taxonomy":"product_brand","embeddable":true,"href":"https:\/\/chrono-scope.ch\/de\/wp-json\/wp\/v2\/product_brand?post=23086"},{"taxonomy":"product_cat","embeddable":true,"href":"https:\/\/chrono-scope.ch\/de\/wp-json\/wp\/v2\/product_cat?post=23086"},{"taxonomy":"product_tag","embeddable":true,"href":"https:\/\/chrono-scope.ch\/de\/wp-json\/wp\/v2\/product_tag?post=23086"}],"curies":[{"name":"wp","href":"https:\/\/api.w.org\/{rel}","templated":true}]}}