{"id":22635,"date":"2025-01-14T07:50:03","date_gmt":"2025-01-14T07:50:03","guid":{"rendered":"https:\/\/nakyxozy.cyon.site\/product\/iwc-vintage-cal-89-fantasie-anhaenger-18k-gold-von-1958-garantie\/"},"modified":"2025-10-27T09:34:31","modified_gmt":"2025-10-27T09:34:31","slug":"iwc-vintage-cal-89-fantasie-anhaenger-18k-gold-von-1958-garantie","status":"publish","type":"product","link":"https:\/\/chrono-scope.ch\/de\/produkt\/iwc-vintage-cal-89-fantasie-anhaenger-18k-gold-von-1958-garantie\/","title":{"rendered":"RSERVED &#8211; IWC Vintage Cal. 89 fancy lugs, 18k gold from 1958, warranty"},"content":{"rendered":"<p style=\"text-align: left\"><strong>SPEZIFICATIONEN&amp;ZUSTANDSBERICHT<\/strong><\/p>\n<p style=\"text-align: left\"><strong>MODELL \/ REFERENZ:<\/strong> IWC Kal. 89 Dress Watch, 18k Gold. Seriennummer 1&#8217;442&#8217;668 (Geh\u00e4use). Die Seriennummer datiert das Geh\u00e4use auf ca. 1958, w\u00e4hrend die Seriennummer des Uhrwerks 1&#8217;416&#8217;886 die Produktion des Cal. 89 auf ca. 1957 datiert.<\/p>\n<p style=\"text-align: left\"><strong>ZIFFERN+ZEIGER:<\/strong> Das Zifferblatt ist in hervorragendem Zustand. Original Ros\u00e9goldzeiger. Alle Drucke sind gestochen scharf. Die Qualit\u00e4t des Drucks deutet auf ein sehr gut erhaltenes, originales Zifferblatt hin.<\/p>\n<p style=\"text-align: left\"><strong>GLAS:<\/strong> Plexiglas in sehr gutem Zustand mit kleinen Oberfl\u00e4chenabdr\u00fccken<\/p>\n<p style=\"text-align: left\"><strong>UHRWERK &amp; FUNKTION<\/strong>: IWC Kaliber 89 in voll funktionsf\u00e4higem Zustand. Es wurde inspiziert und l\u00e4uft einwandfrei.<\/p>\n<p style=\"text-align: left\"><strong>GEH\u00c4USE:<\/strong> 36 mm rosafarbenes Geh\u00e4use in ausgezeichnetem Zustand. Es misst 42 mm von Ansatz zu Ansatz. Das Geh\u00e4use einschlie\u00dflich des Glases misst etwa 9 mm.<\/p>\n<p style=\"text-align: left\"><strong>GEH\u00c4USEBODEN:<\/strong> Geh\u00e4useboden aus Ros\u00e9gold in sehr gutem Zustand.<\/p>\n<p style=\"text-align: left\"><strong>KRONE:<\/strong> original unsignierte Krone<\/p>\n<p style=\"text-align: left\"><strong>BAND:<\/strong> Die Uhr wird an einem IWC-Lederarmband mit ungesiegelter, vergoldeter Schlie\u00dfe geliefert.<\/p>\n<p style=\"text-align: left\"><strong>ZUBEH\u00d6R:<\/strong> Saffinao Leder-Uhrenrolle, Uhrenserviceschein<\/p>\n<p style=\"text-align: left\"><strong>GARANTIE:<\/strong> Wir garantieren, dass die Uhr authentisch ist. Wir gew\u00e4hren au\u00dferdem eine 12-monatige Garantie auf die Funktion der Uhr. Die Garantiebedingungen entnehmen Sie bitte den Allgemeinen Gesch\u00e4ftsbedingungen.<\/p>\n<p style=\"text-align: left\">Bitte z\u00f6gern Sie nicht, Fragen zu stellen, wir werden sie gerne beantworten. Auf Anfrage k\u00f6nnen wir Ihnen zus\u00e4tzliche Bilder und eine Videosequenz zusenden. Eine virtuelle oder pers\u00f6nliche Besichtigung ist nach Vereinbarung m\u00f6glich.<\/p>\n","protected":false},"excerpt":{"rendered":"<p style=\"text-align: left\">Zum Verkauf steht eine sch\u00f6ne und seltene <strong>IWC Cal. 89 Fancy Lugs Dress Watch aus dem Jahr 1958 in 18k Gold.<\/strong><br \/>\nSie ist in einem ausgezeichneten Vintage-Zustand und kommt mit 12 Monaten Garantie.<\/p>\n<p style=\"text-align: left\">\n","protected":false},"featured_media":22606,"template":"","meta":{"om_disable_all_campaigns":false,"_monsterinsights_skip_tracking":false,"_monsterinsights_sitenote_active":false,"_monsterinsights_sitenote_note":"","_monsterinsights_sitenote_category":0},"product_brand":[],"product_cat":[81,71,74],"product_tag":[],"class_list":{"0":"post-22635","1":"product","2":"type-product","3":"status-publish","4":"has-post-thumbnail","6":"product_cat-iwc-de","7":"product_cat-verkaufte-uhren","8":"product_cat-vintage-de","10":"first","11":"instock","12":"taxable","13":"shipping-taxable","14":"purchasable","15":"product-type-simple"},"aioseo_notices":[],"_links":{"self":[{"href":"https:\/\/chrono-scope.ch\/de\/wp-json\/wp\/v2\/product\/22635","targetHints":{"allow":["GET"]}}],"collection":[{"href":"https:\/\/chrono-scope.ch\/de\/wp-json\/wp\/v2\/product"}],"about":[{"href":"https:\/\/chrono-scope.ch\/de\/wp-json\/wp\/v2\/types\/product"}],"version-history":[{"count":6,"href":"https:\/\/chrono-scope.ch\/de\/wp-json\/wp\/v2\/product\/22635\/revisions"}],"predecessor-version":[{"id":30635,"href":"https:\/\/chrono-scope.ch\/de\/wp-json\/wp\/v2\/product\/22635\/revisions\/30635"}],"wp:featuredmedia":[{"embeddable":true,"href":"https:\/\/chrono-scope.ch\/de\/wp-json\/wp\/v2\/media\/22606"}],"wp:attachment":[{"href":"https:\/\/chrono-scope.ch\/de\/wp-json\/wp\/v2\/media?parent=22635"}],"wp:term":[{"taxonomy":"product_brand","embeddable":true,"href":"https:\/\/chrono-scope.ch\/de\/wp-json\/wp\/v2\/product_brand?post=22635"},{"taxonomy":"product_cat","embeddable":true,"href":"https:\/\/chrono-scope.ch\/de\/wp-json\/wp\/v2\/product_cat?post=22635"},{"taxonomy":"product_tag","embeddable":true,"href":"https:\/\/chrono-scope.ch\/de\/wp-json\/wp\/v2\/product_tag?post=22635"}],"curies":[{"name":"wp","href":"https:\/\/api.w.org\/{rel}","templated":true}]}}