{"id":22475,"date":"2025-01-07T08:42:46","date_gmt":"2025-01-07T08:42:46","guid":{"rendered":"https:\/\/nakyxozy.cyon.site\/?post_type=product&#038;p=22475"},"modified":"2025-01-07T10:40:26","modified_gmt":"2025-01-07T10:40:26","slug":"18k-heuer-carrera-chronograph-referenz-1158-s-mkiii","status":"publish","type":"product","link":"https:\/\/chrono-scope.ch\/de\/produkt\/18k-heuer-carrera-chronograph-referenz-1158-s-mkiii\/","title":{"rendered":"Heuer Carrera Vintage 1158S \u2013 18k gold, RARE, warranty"},"content":{"rendered":"<p style=\"text-align: left\"><strong>MODELL \/ REFERENZ<\/strong><b><span data-contrast=\"auto\">:<\/span><\/b><span data-contrast=\"auto\">Heuer Carrera Referenz 1158 S Mark III. Dies ist das zweite Ausf\u00fchrungszifferblatt, das aus den fr\u00fchen 1970er Jahren stammt. <\/span><\/p>\n<p style=\"text-align: left\"><strong>ZIFFERN+ZEIGER:<\/strong><span data-contrast=\"auto\"> Das silberne Zifferblatt ist vertikal geb\u00fcrstet und weist praktisch keine Makel oder altersbedingten Spuren auf. Der schwarze Aufdruck ist bis hin zur Tachymeterskala am Rand scharf. <\/span><\/p>\n<p style=\"text-align: left\"><span data-contrast=\"auto\">Das umrahmte Datumsfenster bei sechs Uhr verleiht dem Zifferblatt mit der sauberen Datumsscheibe eine sch\u00f6ne Balance. <\/span><\/p>\n<p style=\"text-align: left\"><span data-contrast=\"auto\">Die geb\u00fcrsteten Goldzeiger mit schwarzen Konturen sind wundersch\u00f6n und korrekt. Sie sind gut erhalten mit intakten Tritiumeinlagen, die sich in einen satten, pudrigen Ton verwandelt haben. <\/span><\/p>\n<p style=\"text-align: left\"><span data-contrast=\"auto\">Die <\/span><span data-contrast=\"auto\">applizierten Goldmarker <\/span><span data-contrast=\"auto\">sind mit Onyx-Inlays versehen und jede<\/span><span data-contrast=\"auto\">jeder ist mit einer vollst\u00e4ndig intakten Tritiummasse verbunden<\/span><span data-contrast=\"auto\">. The luminous markers have taken on a nice matching color to the handset inlays, remaining fully intact. <\/span><\/p>\n<p style=\"text-align: left\"><strong>GLAS: <\/strong><span data-contrast=\"none\"><span data-contrast=\"auto\">Das Plexiglas<\/span> <span data-contrast=\"auto\">scheint korrekt zu sein und befindet sich in einem ausgezeichneten Zustand und weist praktisch keine sichtbaren Spuren auf.<\/span><\/span><\/p>\n<p style=\"text-align: left\"><strong>GEH\u00c4USE:<\/strong><span data-contrast=\"auto\"> Das zweiteilige, tonneauf\u00f6rmige Geh\u00e4use aus 18k Gelbgold misst 38 mm im Durchmesser. Es ist in ausgezeichnetem Zustand, da es ein <\/span><span data-contrast=\"none\"> vertikale B\u00fcrstung auf der Oberseite und unber\u00fchrte horizontale B\u00fcrstung an den Seiten. Obwohl es poliert ist, <\/span><span data-contrast=\"auto\">die Oberfl\u00e4che weist nur wenige Gebrauchsspuren auf und hat einen Kratzer zwischen den unteren Anst\u00f6\u00dfen sowie eine schwach sichtbare Punzierung zwischen den Dr\u00fcckern.<\/span><\/p>\n<p style=\"text-align: left\"><span data-contrast=\"auto\">Die Referenz- und Seriennummern sind deutlich zwischen den beiden Bandanst\u00f6\u00dfen zu erkennen. <\/span><\/p>\n<p style=\"text-align: left\"><b><span data-contrast=\"auto\">GEH\u00c4USEBODEN:<\/span><\/b><span data-contrast=\"auto\">Der verschraubte Gelbgoldboden ist in sehr gutem Zustand, da er seine konzentrische geb\u00fcrstete Oberfl\u00e4che beibeh\u00e4lt und nur sehr leichte Kratzer aufweist. <\/span><\/p>\n<p style=\"text-align: left\"><span data-contrast=\"auto\">Die Innenseite ist sauber und signiert &#8222;Heuer &#8211; Leonidas S.A&#8220; zusammen mit den anderen korrekten Punzierungen. Die Punze des Meistergeh\u00e4useherstellers weist darauf hin, dass sie von Erwin Piquerez hergestellt wurde, der f\u00fcr seine Superkompressorgeh\u00e4use bekannt ist. <\/span><\/p>\n<p style=\"text-align: left\"><strong>KRONE+DR\u00dc<\/strong><strong>CKER:<\/strong><span data-contrast=\"auto\"> Die signierte goldene Krone befindet sich auf der linken Seite der Uhr<\/span> <span data-contrast=\"auto\">und funktioniert <\/span><span data-contrast=\"auto\">perfekt, vom Aufziehen bis zur Zeiteinstellung.<\/span><\/p>\n<p style=\"text-align: left\"><span data-contrast=\"auto\">Die geriffelten Pumpendr\u00fccker sind korrekt. Sie bedienen die Chronographenfunktionen wie vorgesehen. <\/span><\/p>\n<p style=\"text-align: left\"><b><span data-contrast=\"auto\">BEWEGUNG:<\/span><\/b><span data-contrast=\"auto\"><span data-contrast=\"none\">Automatisches, nockengeschaltetes Kaliber 11 mit Mikrorotor,<\/span><span data-contrast=\"auto\"> bietet eine Bi-Compax-Anzeige und eine halbschnelle Datumsfunktion.<\/span><\/span><\/p>\n<p style=\"text-align: left\"><span data-contrast=\"auto\">Sie ist sauber und alle Funktionen wurden \u00fcberpr\u00fcft, daher h\u00e4lt sie die Zeit genau ein, und alles funktioniert einwandfrei.<\/span><\/p>\n<p style=\"text-align: left\"><strong>BAND:<\/strong> <span data-contrast=\"auto\">Maurice De Mauriac<\/span><b><span data-contrast=\"auto\">schwarz<\/span><span data-contrast=\"auto\"> perforiertes Lederarmband in gutem Gesamtzustand und ein signiertes <\/span><span data-contrast=\"auto\">18k Gelbgold<\/span><span data-contrast=\"auto\"> Dornschlie\u00dfe.<\/span><\/b><\/p>\n<p style=\"text-align: left\"><b><span data-contrast=\"none\">ZUBEH\u00d6R:<\/span><\/b><span data-contrast=\"none\">Saffiano Leder Uhrenrolle.<\/span><\/p>\n<p style=\"text-align: left\"><b><span data-contrast=\"auto\">GARANTIE: <\/span><\/b><span data-contrast=\"auto\">Wir garantieren die Echtheit der Uhr. Wir gew\u00e4hren au\u00dferdem 12 Monate Garantie auf die korrekte Funktion dieses Zeitmessers. F\u00fcr alle Garantien gelten die Allgemeinen Gesch\u00e4ftsbedingungen.<\/span><\/p>\n<p style=\"text-align: left\"><span data-contrast=\"auto\">Bitte z\u00f6gern Sie nicht, Fragen zu stellen, wir werden sie gerne beantworten. Eine pers\u00f6nliche oder virtuelle Besichtigung ist nach Vereinbarung m\u00f6glich.<\/span><\/p>\n","protected":false},"excerpt":{"rendered":"<p style=\"text-align: left\"><span data-contrast=\"auto\">Wir sind begeistert, Ihnen eine <\/span><span data-contrast=\"auto\">eine <strong>Heuer Carrera<\/strong> zu pr\u00e4sentieren, die zuf\u00e4llig das <\/span><span data-contrast=\"auto\">Lieblingsmodell von Jack Heuer war, eine Uhr, die<\/span><span data-contrast=\"auto\"> Eine Uhr, die sich stilistisch leicht von ihren Zeitgenossen abhebt, mit einer interessanten kissenf\u00f6rmigen Geh\u00e4useform aus massivem Gelbgold, einem attraktiven silbernen Zifferblatt und dem wohl weltweit ersten automatischen Chronographen mit einem Mikrorotor: Das Kaliber 11.<\/span><\/p>\n<p style=\"text-align: left\"><span data-contrast=\"auto\">Man geht davon aus, dass in den fr\u00fchen 1970er Jahren weniger als 500 Exemplare hergestellt wurden. Und wenn das f\u00fcr Ihren Geschmack nicht selten genug ist, dann ist der Fund eines so gut erhaltenen Exemplars etwas ganz Besonderes. <\/span><\/p>\n<p style=\"text-align: left\"><span data-contrast=\"none\">Bitte lesen Sie den Zustandsbericht sorgf\u00e4ltig durch und betrachten Sie die hochaufl\u00f6senden Bilder, um den Gesamtzustand der Uhr zu beurteilen.<\/span><\/p>\n","protected":false},"featured_media":22387,"template":"","meta":{"om_disable_all_campaigns":false,"_monsterinsights_skip_tracking":false,"_monsterinsights_sitenote_active":false,"_monsterinsights_sitenote_note":"","_monsterinsights_sitenote_category":0},"product_brand":[],"product_cat":[76,74],"product_tag":[],"class_list":{"0":"post-22475","1":"product","2":"type-product","3":"status-publish","4":"has-post-thumbnail","6":"product_cat-heuer-de","7":"product_cat-vintage-de","9":"first","10":"instock","11":"taxable","12":"shipping-taxable","13":"purchasable","14":"product-type-simple"},"aioseo_notices":[],"_links":{"self":[{"href":"https:\/\/chrono-scope.ch\/de\/wp-json\/wp\/v2\/product\/22475","targetHints":{"allow":["GET"]}}],"collection":[{"href":"https:\/\/chrono-scope.ch\/de\/wp-json\/wp\/v2\/product"}],"about":[{"href":"https:\/\/chrono-scope.ch\/de\/wp-json\/wp\/v2\/types\/product"}],"version-history":[{"count":6,"href":"https:\/\/chrono-scope.ch\/de\/wp-json\/wp\/v2\/product\/22475\/revisions"}],"predecessor-version":[{"id":22484,"href":"https:\/\/chrono-scope.ch\/de\/wp-json\/wp\/v2\/product\/22475\/revisions\/22484"}],"wp:featuredmedia":[{"embeddable":true,"href":"https:\/\/chrono-scope.ch\/de\/wp-json\/wp\/v2\/media\/22387"}],"wp:attachment":[{"href":"https:\/\/chrono-scope.ch\/de\/wp-json\/wp\/v2\/media?parent=22475"}],"wp:term":[{"taxonomy":"product_brand","embeddable":true,"href":"https:\/\/chrono-scope.ch\/de\/wp-json\/wp\/v2\/product_brand?post=22475"},{"taxonomy":"product_cat","embeddable":true,"href":"https:\/\/chrono-scope.ch\/de\/wp-json\/wp\/v2\/product_cat?post=22475"},{"taxonomy":"product_tag","embeddable":true,"href":"https:\/\/chrono-scope.ch\/de\/wp-json\/wp\/v2\/product_tag?post=22475"}],"curies":[{"name":"wp","href":"https:\/\/api.w.org\/{rel}","templated":true}]}}