{"id":22374,"date":"2025-01-06T12:13:50","date_gmt":"2025-01-06T12:13:50","guid":{"rendered":"https:\/\/nakyxozy.cyon.site\/?post_type=product&#038;p=22374"},"modified":"2025-01-06T08:15:33","modified_gmt":"2025-01-06T08:15:33","slug":"eska-st-moritz-vintage-ultra-thin-lapis-lazuli-night-sky","status":"publish","type":"product","link":"https:\/\/chrono-scope.ch\/de\/produkt\/eska-st-moritz-vintage-ultra-thin-lapis-lazuli-night-sky\/","title":{"rendered":"ESKA St. Moritz vintage ultra thin lapis lazuli &#8222;night sky&#8220;"},"content":{"rendered":"<p><strong>MODELL \/ REFERENZ:<\/strong> Eska St. Moritz ultra d\u00fcnn mit einem Lapislazuli-Stein-Zifferblatt aus den 1970er Jahren. Inventar-Nr. 240215-14<\/p>\n<p><strong>SPEZIFIKATIONEN ; ZUSTANDSBERICHT;<\/strong> bitte sehen Sie sich die hochaufl\u00f6senden Bilder an, um den Zustand der Uhr zu beurteilen.<\/p>\n<p><strong>ZIFFERN+ZEIGER:<\/strong> Lapislazuli-Stein-Zifferblatt in neuwertigem Zustand, alle Drucke sind gestochen scharf, Stabzeiger.<\/p>\n<p><strong>GLAS:<\/strong> Mineralkristall in sehr gutem Zustand.<\/p>\n<p><strong>GEH\u00c4USE:<\/strong> Das 33 mm Edelstahlgeh\u00e4use ist in einem NOS-Zustand und kann leichte Gebrauchsspuren aufweisen &#8211; bitte sehen Sie sich die Bilder an. Von Lasche zu Lasche misst das Geh\u00e4use 38,5 mm. Mit nur 6,5 mm Dicke ist es ultraflach.<\/p>\n<p><strong>GEH\u00c4USEBODEN:<\/strong> Der aufschnappbare Edelstahlboden mit horizontalem, geb\u00fcrstetem Finish und klar eingepr\u00e4gter Referenznummer.<\/p>\n<p><strong>KRONEN:<\/strong> signierte Krone.<\/p>\n<p><strong>UHRWERK<\/strong>: Das ESKA signierte Peseux 7001 ist ein zuverl\u00e4ssiges Uhrwerk mit Handaufzug, 17 Steinen und einer Incabloc-Sto\u00dfsicherung. Es wurde \u00fcberpr\u00fcft, zieht sich reibungslos auf und h\u00e4lt die Zeit gut ein.<\/p>\n<p><strong>BAND:<\/strong> blaues Velourslederband mit unsignierter Stahlschlie\u00dfe.<\/p>\n<p><strong>ZUBEH\u00d6R:<\/strong> Saffiano Leder Uhrenrolle.<\/p>\n<p><strong>GARANTIE:<\/strong> Wir garantieren die Echtheit der Uhr. Wir gew\u00e4hren au\u00dferdem 12 Monate Garantie auf die korrekte Funktion dieses Zeitmessers. F\u00fcr alle Garantien gelten die Allgemeinen Gesch\u00e4ftsbedingungen<\/p>\n","protected":false},"excerpt":{"rendered":"<p style=\"text-align: left\">Wir hatten das Gl\u00fcck, eine Charge von New Old Stock<strong> ESKA St. Moritz Steinzifferblattuhren<\/strong> mit Handaufzug zu erwerben <strong>Cal. Peseux 7001<\/strong>. The St. Moritz collection represents the quintessence of the 1970s watch, combining ultra thin cases, manual wind movements and elegant stone dials.<br \/>\nWe proudly present a rare ESKA St. Moritz lapis lazuli stone dial in a stainless-steel case. The stone dial features a spectacular and all natural \u201cnight sky\u201d structure. \uf0e8 Other ESKA stone dial variations are available, please feel free to inquire.<\/p>\n","protected":false},"featured_media":22356,"template":"","meta":{"om_disable_all_campaigns":false,"_monsterinsights_skip_tracking":false,"_monsterinsights_sitenote_active":false,"_monsterinsights_sitenote_note":"","_monsterinsights_sitenote_category":0},"product_brand":[],"product_cat":[113,74],"product_tag":[],"class_list":{"0":"post-22374","1":"product","2":"type-product","3":"status-publish","4":"has-post-thumbnail","6":"product_cat-stonedials-de","7":"product_cat-vintage-de","9":"first","10":"instock","11":"taxable","12":"shipping-taxable","13":"purchasable","14":"product-type-simple"},"aioseo_notices":[],"_links":{"self":[{"href":"https:\/\/chrono-scope.ch\/de\/wp-json\/wp\/v2\/product\/22374","targetHints":{"allow":["GET"]}}],"collection":[{"href":"https:\/\/chrono-scope.ch\/de\/wp-json\/wp\/v2\/product"}],"about":[{"href":"https:\/\/chrono-scope.ch\/de\/wp-json\/wp\/v2\/types\/product"}],"version-history":[{"count":2,"href":"https:\/\/chrono-scope.ch\/de\/wp-json\/wp\/v2\/product\/22374\/revisions"}],"predecessor-version":[{"id":22379,"href":"https:\/\/chrono-scope.ch\/de\/wp-json\/wp\/v2\/product\/22374\/revisions\/22379"}],"wp:featuredmedia":[{"embeddable":true,"href":"https:\/\/chrono-scope.ch\/de\/wp-json\/wp\/v2\/media\/22356"}],"wp:attachment":[{"href":"https:\/\/chrono-scope.ch\/de\/wp-json\/wp\/v2\/media?parent=22374"}],"wp:term":[{"taxonomy":"product_brand","embeddable":true,"href":"https:\/\/chrono-scope.ch\/de\/wp-json\/wp\/v2\/product_brand?post=22374"},{"taxonomy":"product_cat","embeddable":true,"href":"https:\/\/chrono-scope.ch\/de\/wp-json\/wp\/v2\/product_cat?post=22374"},{"taxonomy":"product_tag","embeddable":true,"href":"https:\/\/chrono-scope.ch\/de\/wp-json\/wp\/v2\/product_tag?post=22374"}],"curies":[{"name":"wp","href":"https:\/\/api.w.org\/{rel}","templated":true}]}}