{"id":22255,"date":"2025-01-02T13:39:02","date_gmt":"2025-01-02T13:39:02","guid":{"rendered":"https:\/\/nakyxozy.cyon.site\/?post_type=product&#038;p=22255"},"modified":"2025-04-03T09:35:15","modified_gmt":"2025-04-03T09:35:15","slug":"eska-st-moritz-vintage-ultra-thin-lapis-lazuli-stone-dial-new-old-stock","status":"publish","type":"product","link":"https:\/\/chrono-scope.ch\/de\/produkt\/eska-st-moritz-vintage-ultra-thin-lapis-lazuli-stone-dial-new-old-stock\/","title":{"rendered":"SOLD &#8211; ESKA St. Moritz vintage ultra thin lapis lazuli stone dial &#8211; New Old Stock"},"content":{"rendered":"<p style=\"text-align: left\"><strong>MODELL \/ REFERENZ:<\/strong> Eska St. Moritz Ultra Thin mit einem Zifferblatt aus Lapislazuli-Stein aus den 1970er Jahren. Inventar-Nr. 240215-22<\/p>\n<p style=\"text-align: left\"><strong>SPEZIFIKATIONEN ; ZUSTANDSBERICHT;<\/strong> bitte sehen Sie sich die hochaufl\u00f6senden Bilder an, um den Zustand der Uhr zu beurteilen.<\/p>\n<p style=\"text-align: left\"><strong>ZIFFERN+ZEIGER:<\/strong> Lapislazuli-Stein-Zifferblatt in neuwertigem Zustand, alle Drucke sind gestochen scharf.<\/p>\n<p style=\"text-align: left\"><strong>GLAS:<\/strong> Mineralkristall in sehr gutem Zustand.<\/p>\n<p style=\"text-align: left\"><strong>GEH\u00c4USE:<\/strong> Das Tonneau-Geh\u00e4use aus Edelstahl ist 29,5 mm breit und 32,5 mm hoch, von Ansatz zu Ansatz misst es ca. 40 mm. Das Geh\u00e4use ist in einem NOS-Zustand und kann leichte Handhabungsspuren aufweisen &#8211; bitte sehen Sie sich die Bilder an. Von Ansatz zu Ansatz misst das Geh\u00e4use 38,5 mm. Mit nur 6,5 mm Dicke ist es ultraflach.<\/p>\n<p style=\"text-align: left\"><strong>GEH\u00c4USEBODEN:<\/strong> Der aufschnappbare Edelstahlboden mit horizontalem, geb\u00fcrstetem Finish und klar eingepr\u00e4gter Referenznummer.<\/p>\n<p style=\"text-align: left\"><strong>KRONEN:<\/strong> signierte Krone.<\/p>\n<p style=\"text-align: left\"><strong>UHRWERK:<\/strong> Das signierte Peseux 7001 ist ein zuverl\u00e4ssiges Uhrwerk mit Handaufzug, 17 Steinen und einer Incabloc-Sto\u00dfsicherung. Es wurde \u00fcberpr\u00fcft, zieht sich reibungslos auf und h\u00e4lt die Zeit gut ein.<\/p>\n<p style=\"text-align: left\"><strong>BAND:<\/strong> schwarzes Lederband mit unsignierter Stahlschlie\u00dfe.<\/p>\n<p style=\"text-align: left\"><strong>ZUBEH\u00d6R:<\/strong> Saffiano Leder Uhrenrolle.<\/p>\n<p style=\"text-align: left\"><strong>GARANTIE:<\/strong> Wir garantieren die Echtheit der Uhr. Wir gew\u00e4hren au\u00dferdem 12 Monate Garantie auf die korrekte Funktion dieses Zeitmessers. F\u00fcr alle Garantien gelten die Allgemeinen Gesch\u00e4ftsbedingungen<\/p>\n","protected":false},"excerpt":{"rendered":"<p style=\"text-align: left\">Wir hatten das Gl\u00fcck, eine Charge von New Old Stock <strong>ESKA St. Moritz Steinzifferblattuhren<\/strong> mit Handaufzug zu erwerben <strong>Cal. Peseux 7001.<\/strong> Die St. Moritz-Kollektion ist die Quintessenz der 1970er Jahre und kombiniert ultrad\u00fcnne Geh\u00e4use, Handaufzugswerke und elegante Steinzifferbl\u00e4tter.<br \/>\nWir pr\u00e4sentieren Ihnen stolz eine seltene ESKA St. Moritz mit Lapislazuli-Steinzifferblatt in einem ultrad\u00fcnnen Edelstahlgeh\u00e4use.<\/p>\n<p style=\"text-align: left\">Andere ESKA-Stein-Zifferblattvarianten sind erh\u00e4ltlich, bitte fragen Sie uns an.<\/p>\n","protected":false},"featured_media":22221,"template":"","meta":{"om_disable_all_campaigns":false,"_monsterinsights_skip_tracking":false,"_monsterinsights_sitenote_active":false,"_monsterinsights_sitenote_note":"","_monsterinsights_sitenote_category":0},"product_brand":[],"product_cat":[71],"product_tag":[],"class_list":{"0":"post-22255","1":"product","2":"type-product","3":"status-publish","4":"has-post-thumbnail","6":"product_cat-verkaufte-uhren","8":"first","9":"instock","10":"taxable","11":"shipping-taxable","12":"purchasable","13":"product-type-simple"},"aioseo_notices":[],"_links":{"self":[{"href":"https:\/\/chrono-scope.ch\/de\/wp-json\/wp\/v2\/product\/22255","targetHints":{"allow":["GET"]}}],"collection":[{"href":"https:\/\/chrono-scope.ch\/de\/wp-json\/wp\/v2\/product"}],"about":[{"href":"https:\/\/chrono-scope.ch\/de\/wp-json\/wp\/v2\/types\/product"}],"version-history":[{"count":4,"href":"https:\/\/chrono-scope.ch\/de\/wp-json\/wp\/v2\/product\/22255\/revisions"}],"predecessor-version":[{"id":25054,"href":"https:\/\/chrono-scope.ch\/de\/wp-json\/wp\/v2\/product\/22255\/revisions\/25054"}],"wp:featuredmedia":[{"embeddable":true,"href":"https:\/\/chrono-scope.ch\/de\/wp-json\/wp\/v2\/media\/22221"}],"wp:attachment":[{"href":"https:\/\/chrono-scope.ch\/de\/wp-json\/wp\/v2\/media?parent=22255"}],"wp:term":[{"taxonomy":"product_brand","embeddable":true,"href":"https:\/\/chrono-scope.ch\/de\/wp-json\/wp\/v2\/product_brand?post=22255"},{"taxonomy":"product_cat","embeddable":true,"href":"https:\/\/chrono-scope.ch\/de\/wp-json\/wp\/v2\/product_cat?post=22255"},{"taxonomy":"product_tag","embeddable":true,"href":"https:\/\/chrono-scope.ch\/de\/wp-json\/wp\/v2\/product_tag?post=22255"}],"curies":[{"name":"wp","href":"https:\/\/api.w.org\/{rel}","templated":true}]}}