{"id":22043,"date":"2024-12-30T08:35:34","date_gmt":"2024-12-30T08:35:34","guid":{"rendered":"https:\/\/nakyxozy.cyon.site\/?post_type=product&#038;p=22043"},"modified":"2025-02-11T11:18:20","modified_gmt":"2025-02-11T11:18:20","slug":"zenith-el-primero-chronomaster-cal-410-set-zenith-service","status":"publish","type":"product","link":"https:\/\/chrono-scope.ch\/de\/produkt\/zenith-el-primero-chronomaster-cal-410-set-zenith-service\/","title":{"rendered":"SOLD &#8211; Zenith El Primero Chronomaster Cal. 410, set, Zenith Service"},"content":{"rendered":"<p style=\"text-align: left\"><strong>MODELL \/ REFERENZ:<\/strong> Zenith Chronomaster Cal. 410, Ref. 01.0240.410. Inventar-Code: 241215-2<\/p>\n<p style=\"text-align: left\"><strong>ZUSTANDSBERICHT_<\/strong> Bitte sehen Sie sich die hochaufl\u00f6senden, unver\u00e4nderten Bilder an, um den Zustand des Zeitmessers zu beurteilen.<br \/>\n&#8211; Zifferblatt und Zeiger sind in einwandfreiem Zustand<br \/>\n&#8211; Das Saphirglas ist in sehr gutem Zustand mit kleinen Flecken auf der Antireflexbeschichtung, die nur aus der N\u00e4he sichtbar sind.<br \/>\n&#8211; Das 40-mm-Edelstahlgeh\u00e4use ist in gutem Zustand mit nur minimalen Gebrauchsspuren.<br \/>\n&#8211; Das Uhrwerk wurde im September 2024 von Zenith gewartet. Der Chronograph startet, stoppt und stellt sich korrekt auf Null zur\u00fcck. Die Datumsfunktionen und die Mondphase funktionieren wie vorgesehen.<br \/>\n&#8211; Die Uhr kommt mit dem original Zenith Stahlarmband in sehr gutem Zustand.<br \/>\n&#8211; Ziffern, Krone, Geh\u00e4use, Uhrwerk und Armband signiert Zenith.<\/p>\n<p style=\"text-align: left\"><strong>ZUBEH\u00d6R:<\/strong> Original-Garantie-Dokument und Handb\u00fccher, Zenith-Box<\/p>\n<p style=\"text-align: left\"><strong>GARANTIE:<\/strong><br \/>\nWir garantieren die Echtheit der Uhr. Wir gew\u00e4hren au\u00dferdem 12 Monate Garantie auf die korrekte Funktion dieses Zeitmessers. Alle Garantien unterliegen den Allgemeinen Gesch\u00e4ftsbedingungen.<br \/>\nBitte z\u00f6gern Sie nicht, Fragen zu stellen, wir werden sie gerne beantworten. Virtuelle oder pers\u00f6nliche Besichtigung nach Vereinbarung.<\/p>\n","protected":false},"excerpt":{"rendered":"<p style=\"text-align: left\">Wir sind stolz darauf, Ihnen eine <strong>Zenith Chronomaster Full Calendar Chronograph Cal. 410<\/strong> in der seltenen Version mit schwarzem Zifferblatt. Dies ist ein Neo-Vintage-Klassiker vom Feinsten &#8211; sie strahlt einen Charme und eine Qualit\u00e4t aus, die schwer in Worte zu fassen ist.<br \/>\nSie befindet sich in einem sehr guten Zustand und stammt aus einem vollst\u00e4ndigen Zenith-Werksservice. Alle Funktionen funktionieren einwandfrei, und die Uhr ist bis September 2026 durch den Zenith-Werksservice abgedeckt.<\/p>\n","protected":false},"featured_media":22048,"template":"","meta":{"om_disable_all_campaigns":false,"_monsterinsights_skip_tracking":false,"_monsterinsights_sitenote_active":false,"_monsterinsights_sitenote_note":"","_monsterinsights_sitenote_category":0},"product_brand":[],"product_cat":[71],"product_tag":[],"class_list":{"0":"post-22043","1":"product","2":"type-product","3":"status-publish","4":"has-post-thumbnail","6":"product_cat-verkaufte-uhren","8":"first","9":"instock","10":"taxable","11":"shipping-taxable","12":"purchasable","13":"product-type-simple"},"aioseo_notices":[],"_links":{"self":[{"href":"https:\/\/chrono-scope.ch\/de\/wp-json\/wp\/v2\/product\/22043","targetHints":{"allow":["GET"]}}],"collection":[{"href":"https:\/\/chrono-scope.ch\/de\/wp-json\/wp\/v2\/product"}],"about":[{"href":"https:\/\/chrono-scope.ch\/de\/wp-json\/wp\/v2\/types\/product"}],"version-history":[{"count":4,"href":"https:\/\/chrono-scope.ch\/de\/wp-json\/wp\/v2\/product\/22043\/revisions"}],"predecessor-version":[{"id":23823,"href":"https:\/\/chrono-scope.ch\/de\/wp-json\/wp\/v2\/product\/22043\/revisions\/23823"}],"wp:featuredmedia":[{"embeddable":true,"href":"https:\/\/chrono-scope.ch\/de\/wp-json\/wp\/v2\/media\/22048"}],"wp:attachment":[{"href":"https:\/\/chrono-scope.ch\/de\/wp-json\/wp\/v2\/media?parent=22043"}],"wp:term":[{"taxonomy":"product_brand","embeddable":true,"href":"https:\/\/chrono-scope.ch\/de\/wp-json\/wp\/v2\/product_brand?post=22043"},{"taxonomy":"product_cat","embeddable":true,"href":"https:\/\/chrono-scope.ch\/de\/wp-json\/wp\/v2\/product_cat?post=22043"},{"taxonomy":"product_tag","embeddable":true,"href":"https:\/\/chrono-scope.ch\/de\/wp-json\/wp\/v2\/product_tag?post=22043"}],"curies":[{"name":"wp","href":"https:\/\/api.w.org\/{rel}","templated":true}]}}