{"id":22041,"date":"2024-12-30T08:57:04","date_gmt":"2024-12-30T08:57:04","guid":{"rendered":"https:\/\/nakyxozy.cyon.site\/?post_type=product&#038;p=22041"},"modified":"2025-10-03T08:48:04","modified_gmt":"2025-10-03T08:48:04","slug":"omega-speedmaster-mark-iii-razor-sharp-case-serviced","status":"publish","type":"product","link":"https:\/\/chrono-scope.ch\/de\/produkt\/omega-speedmaster-mark-iii-razor-sharp-case-serviced\/","title":{"rendered":"SOLD &#8211; Omega Speedmaster Mark III, razor-sharp case, serviced"},"content":{"rendered":"<p style=\"text-align: left\"><strong>MODELL \/ REFERENZ:<\/strong> Omega Speedmaster Mark III, Ref. 176.002. Die Seriennummer. 32&#8217;936&#8217;120 datiert die Speedmaster auf ca. 1974. Inventarnummer: 210822-1<\/p>\n<p style=\"text-align: left\"><strong>ZIFFERN+ZEIGER<\/strong>: Das Zifferblatt ist im Originalzustand und zeigt leichte Alterungsspuren. Es gibt eine kleine Besch\u00e4digung auf dem 24-Stunden-Zifferblatt (unten bei der Nummer 12). Alle Drucke sind original und gestochen scharf. Das Datumsrad ist sauber. Der Stunden- und der Minutenzeiger haben die urspr\u00fcngliche Tritiumleuchtmasse behalten. Wenn sie mit UV-Licht aktiviert werden, leuchten die Tritiumzeiger kurz auf und erl\u00f6schen dann.<\/p>\n<p style=\"text-align: left\"><strong>GLAS:<\/strong> Mineralglas in neuwertigem Zustand.<\/p>\n<p style=\"text-align: left\"><strong>UHRWERK:<\/strong> Omega Cal. 1040 Automatikwerk in voll funktionsf\u00e4higem Zustand. Sie hat gerade eine komplette Wartung des Uhrwerks erhalten, l\u00e4uft gut und h\u00e4lt die Zeit gut ein. Der Chronograph startet, stoppt und stellt sich auf Null zur\u00fcck.<\/p>\n<p style=\"text-align: left\"><strong>GEH\u00c4USE:<\/strong> 40 x 51 mm Edelstahlgeh\u00e4use in hervorragendem Zustand mit rasiermesserscharfen Linien und einer Geh\u00e4useoberfl\u00e4che im NOS-Zustand.<\/p>\n<p style=\"text-align: left\"><strong>GEH\u00c4USEBODEN:<\/strong> Edelstahl, werkseitig gravierter Geh\u00e4useboden in sehr gutem Zustand.<\/p>\n<p style=\"text-align: left\"><strong>KRONE \/ DR\u00dcCKER:<\/strong> Original Omega unterzeichnet Krone und original Dr\u00fccker.<\/p>\n<p style=\"text-align: left\"><strong>BRACELET:<\/strong> Die Uhr wird mit dem original Omega 1162 Stahlarmband mit Faltschlie\u00dfe geliefert. Das Armband ist dehnbar und passt an ein Handgelenk von ca. 19 &#8211; 20 cm. Die Endglieder sind mit &#8222;172&#8220; gestempelt.<\/p>\n<p style=\"text-align: left\"><strong>ZUBEH\u00d6R:<\/strong> Saffiano Leder Uhrenrolle.<\/p>\n<p style=\"text-align: left\">Zifferblatt, Krone, Geh\u00e4useboden, Uhrwerk und Faltschlie\u00dfe signiert.<\/p>\n<p style=\"text-align: left\"><strong>GARANTIE:<\/strong> Wir garantieren die Echtheit der Uhr. Wir gew\u00e4hren auch 12 Monate Garantie auf die korrekte Funktion dieser Vintage-Uhr. F\u00fcr alle Garantien gelten die Allgemeinen Gesch\u00e4ftsbedingungen.<\/p>\n<p style=\"text-align: left\">Bitte z\u00f6gern Sie nicht, Fragen zu stellen, wir werden sie gerne beantworten.<\/p>\n","protected":false},"excerpt":{"rendered":"<p style=\"text-align: left\">Zum Verkauf steht eine <strong>Omega Speedmaster Mark III<\/strong> in hervorragendem Vintage-Zustand &#8211; gewartet. Das Highlight dieses attraktiven Chronographen aus den 1970er Jahren ist das rasiermesserscharfe Geh\u00e4use im NOS-Zustand und das automatische Cal. 1040 Chronographenwerk. Bitte sehen Sie sich die Bilder an, da sie ein wichtiger Bestandteil des Angebots sind.<\/p>\n","protected":false},"featured_media":21913,"template":"","meta":{"om_disable_all_campaigns":false,"_monsterinsights_skip_tracking":false,"_monsterinsights_sitenote_active":false,"_monsterinsights_sitenote_note":"","_monsterinsights_sitenote_category":0},"product_brand":[],"product_cat":[71],"product_tag":[],"class_list":{"0":"post-22041","1":"product","2":"type-product","3":"status-publish","4":"has-post-thumbnail","6":"product_cat-verkaufte-uhren","8":"first","9":"instock","10":"taxable","11":"shipping-taxable","12":"purchasable","13":"product-type-simple"},"aioseo_notices":[],"_links":{"self":[{"href":"https:\/\/chrono-scope.ch\/de\/wp-json\/wp\/v2\/product\/22041","targetHints":{"allow":["GET"]}}],"collection":[{"href":"https:\/\/chrono-scope.ch\/de\/wp-json\/wp\/v2\/product"}],"about":[{"href":"https:\/\/chrono-scope.ch\/de\/wp-json\/wp\/v2\/types\/product"}],"version-history":[{"count":3,"href":"https:\/\/chrono-scope.ch\/de\/wp-json\/wp\/v2\/product\/22041\/revisions"}],"predecessor-version":[{"id":30093,"href":"https:\/\/chrono-scope.ch\/de\/wp-json\/wp\/v2\/product\/22041\/revisions\/30093"}],"wp:featuredmedia":[{"embeddable":true,"href":"https:\/\/chrono-scope.ch\/de\/wp-json\/wp\/v2\/media\/21913"}],"wp:attachment":[{"href":"https:\/\/chrono-scope.ch\/de\/wp-json\/wp\/v2\/media?parent=22041"}],"wp:term":[{"taxonomy":"product_brand","embeddable":true,"href":"https:\/\/chrono-scope.ch\/de\/wp-json\/wp\/v2\/product_brand?post=22041"},{"taxonomy":"product_cat","embeddable":true,"href":"https:\/\/chrono-scope.ch\/de\/wp-json\/wp\/v2\/product_cat?post=22041"},{"taxonomy":"product_tag","embeddable":true,"href":"https:\/\/chrono-scope.ch\/de\/wp-json\/wp\/v2\/product_tag?post=22041"}],"curies":[{"name":"wp","href":"https:\/\/api.w.org\/{rel}","templated":true}]}}