{"id":21829,"date":"2024-12-23T12:17:54","date_gmt":"2024-12-23T12:17:54","guid":{"rendered":"https:\/\/nakyxozy.cyon.site\/product\/rolex-explorer-14270-tritium-dial\/"},"modified":"2025-09-24T09:15:25","modified_gmt":"2025-09-24T09:15:25","slug":"rolex-explorer-14270-tritium-dial","status":"publish","type":"product","link":"https:\/\/chrono-scope.ch\/de\/produkt\/rolex-explorer-14270-tritium-dial\/","title":{"rendered":"SOLD &#8211; Rolex Explorer 14270 tritium dial"},"content":{"rendered":"<p style=\"text-align: left\"><strong>MODELL \/ REFERENZ:<\/strong> Rolex Explorer Referenz 14270. Die S-Seriennummer datiert ihr Produktionsjahr auf ca. 1994.<\/p>\n<p style=\"text-align: left\"><strong>ZIFFERN+ ZEIGER:<\/strong> Das makellose schwarze Zifferblatt ist eines der ausgewogensten und wohlproportioniertesten der Branche.<br \/>\nDer wei\u00dfe Aufdruck ist gestochen scharf und vollst\u00e4ndig, von den f\u00fcnf Textzeilen \u00fcber die Minutenanzeige bis hin zum T-Swiss-T-Schriftzug bei 6 Uhr.<br \/>\nAbgesehen von den applizierten arabischen Ziffern bei den Viertelstunden sind die erhabenen Indexe mit Wei\u00dfgold umrandet und mit Tritium-Lumine gef\u00fcllt, genau wie der passende Mercedes-Zeiger.<\/p>\n<p style=\"text-align: left\"><strong>GLAS:<\/strong> Das kratzfeste Saphirglas ist sauber und korrekt.<\/p>\n<p style=\"text-align: left\"><strong>GEH\u00c4USE:<\/strong> Das Oyster-Geh\u00e4use aus 904L-Edelstahl hat einen Durchmesser von 36 mm und misst 44 mm von Ansto\u00df zu Ansto\u00df. Mit seinem schlanken Profil und den eleganten Bandanst\u00f6\u00dfen ist es in einem sehr guten Zustand mit einer unber\u00fchrten Oberfl\u00e4che und keinen erkennbaren Kratzern.<br \/>\nDer Boden zeigt ein unver\u00e4ndertes Mischfinish, einige Oberfl\u00e4chenspuren und eine intakte R\u00e4ndelung.<\/p>\n<p style=\"text-align: left\"><strong>UHRWERK:<\/strong> Das hauseigene Kaliber 3000 mit Automatikaufzug und Hacking-Funktion entspricht den COSC-Standards f\u00fcr die Zeitmessung.<br \/>\nEs wurde gepr\u00fcft, l\u00e4uft gut und h\u00e4lt die Zeit.<\/p>\n<p style=\"text-align: left\"><strong>KRONE:<\/strong> Die signierte Twinlock-Krone l\u00e4sst sich fest verschrauben, aufziehen und perfekt in die Zeiteinstellposition herausziehen.<\/p>\n<p style=\"text-align: left\"><strong>BAND:<\/strong> 20 mm Saffiano-Lederarmband und eine originale Rolex Dornschlie\u00dfe aus Stahl.<\/p>\n<p>ACCESSOIRES: Uhrenrolle aus Saffiano-Leder.<\/p>\n<p style=\"text-align: left\"><strong>GARANTIE:<\/strong> Wir garantieren die Echtheit der Uhr. Wir gew\u00e4hren au\u00dferdem 12 Monate Garantie auf die korrekte Funktion dieses Zeitmessers. Alle Garantien unterliegen den Allgemeinen Gesch\u00e4ftsbedingungen.<br \/>\nBitte z\u00f6gern Sie nicht, Fragen zu stellen, wir werden sie gerne beantworten. Eine pers\u00f6nliche oder virtuelle Besichtigung ist nach Vereinbarung m\u00f6glich<\/p>\n","protected":false},"excerpt":{"rendered":"<p style=\"text-align: left\"><strong>Rolex Explorer Reference 14270 Tritium-Zifferblatt<\/strong><br \/>\nDie Rolex Explorer 14270 ist ein auf das Wesentliche reduziertes Uhrendesign, das in Perfektion ausgef\u00fchrt wurde. Sie wurde von 1989 bis 2001 produziert und markierte eine entscheidende Aktualisierung der Explorer Linie nach fast drei Jahrzehnten der Best\u00e4ndigkeit. Als erste Sportuhr von Rolex kombiniert sie moderne Funktionen mit Vintage-Appeal, was sie zu einem Kultobjekt macht.<br \/>\nAls &#8222;Werkzeuguhr&#8220; vermarktet, schafft die 14270 ein perfektes Gleichgewicht zwischen Funktionalit\u00e4t und Luxus, so dass sie sowohl zum Anzug als auch zur Jeans passt. Trotz ihrer Bedeutung bleibt sie ein viel zu wenig gesch\u00e4tzter Zeitmesser, was sie zu einer langfristigen Investition macht.<br \/>\nBitte lesen Sie den Zustandsbericht sorgf\u00e4ltig durch und betrachten Sie die hochaufl\u00f6senden Bilder, um den Gesamtzustand der Uhr zu beurteilen.<\/p>\n","protected":false},"featured_media":21806,"template":"","meta":{"om_disable_all_campaigns":false,"_monsterinsights_skip_tracking":false,"_monsterinsights_sitenote_active":false,"_monsterinsights_sitenote_note":"","_monsterinsights_sitenote_category":0},"product_brand":[],"product_cat":[62,71,74],"product_tag":[],"class_list":{"0":"post-21829","1":"product","2":"type-product","3":"status-publish","4":"has-post-thumbnail","6":"product_cat-rolex-de","7":"product_cat-verkaufte-uhren","8":"product_cat-vintage-de","10":"first","11":"instock","12":"taxable","13":"shipping-taxable","14":"purchasable","15":"product-type-simple"},"aioseo_notices":[],"_links":{"self":[{"href":"https:\/\/chrono-scope.ch\/de\/wp-json\/wp\/v2\/product\/21829","targetHints":{"allow":["GET"]}}],"collection":[{"href":"https:\/\/chrono-scope.ch\/de\/wp-json\/wp\/v2\/product"}],"about":[{"href":"https:\/\/chrono-scope.ch\/de\/wp-json\/wp\/v2\/types\/product"}],"version-history":[{"count":3,"href":"https:\/\/chrono-scope.ch\/de\/wp-json\/wp\/v2\/product\/21829\/revisions"}],"predecessor-version":[{"id":29892,"href":"https:\/\/chrono-scope.ch\/de\/wp-json\/wp\/v2\/product\/21829\/revisions\/29892"}],"wp:featuredmedia":[{"embeddable":true,"href":"https:\/\/chrono-scope.ch\/de\/wp-json\/wp\/v2\/media\/21806"}],"wp:attachment":[{"href":"https:\/\/chrono-scope.ch\/de\/wp-json\/wp\/v2\/media?parent=21829"}],"wp:term":[{"taxonomy":"product_brand","embeddable":true,"href":"https:\/\/chrono-scope.ch\/de\/wp-json\/wp\/v2\/product_brand?post=21829"},{"taxonomy":"product_cat","embeddable":true,"href":"https:\/\/chrono-scope.ch\/de\/wp-json\/wp\/v2\/product_cat?post=21829"},{"taxonomy":"product_tag","embeddable":true,"href":"https:\/\/chrono-scope.ch\/de\/wp-json\/wp\/v2\/product_tag?post=21829"}],"curies":[{"name":"wp","href":"https:\/\/api.w.org\/{rel}","templated":true}]}}