{"id":21788,"date":"2024-12-23T10:17:18","date_gmt":"2024-12-23T10:17:18","guid":{"rendered":"https:\/\/nakyxozy.cyon.site\/product\/eska-st-moritz-vintage-ultra-duennes-falkenauge-stein-zifferblatt-new-old-stock\/"},"modified":"2025-01-20T11:38:17","modified_gmt":"2025-01-20T11:38:17","slug":"eska-st-moritz-vintage-ultra-duennes-falkenauge-stein-zifferblatt-new-old-stock","status":"publish","type":"product","link":"https:\/\/chrono-scope.ch\/de\/produkt\/eska-st-moritz-vintage-ultra-duennes-falkenauge-stein-zifferblatt-new-old-stock\/","title":{"rendered":"SOLD &#8211; ESKA St. Moritz vintage ultra thin falcon eye stone dial &#8211; New Old Stock"},"content":{"rendered":"<p style=\"text-align: left\"><strong>MODELL \/ REFERENZ:<\/strong> Eska St. Moritz ultrad\u00fcnn mit einem Falkenauge-Steinzifferblatt aus den 1970er Jahren. Inventar-Nr. 240215-4<\/p>\n<p style=\"text-align: left\"><strong>SPEZIFIKATIONEN; ZUSTANDSBERICHT;<\/strong> bitte sehen Sie sich die hochaufl\u00f6senden Bilder an, um den Zustand der Uhr zu beurteilen.<\/p>\n<p style=\"text-align: left\"><strong>ZIFFERN+ZEIGER:<\/strong> Falkenauge-Steinzifferblatt in neuwertigem Zustand, alle Drucke sind gestochen scharf.<\/p>\n<p style=\"text-align: left\"><strong>GLAS:<\/strong> Mineralkristall in sehr gutem Zustand.<\/p>\n<p style=\"text-align: left\"><strong>GEH\u00c4USE:<\/strong> Das 33 mm Edelstahlgeh\u00e4use ist in einem NOS-Zustand und kann leichte Gebrauchsspuren aufweisen &#8211; bitte sehen Sie sich die Bilder an. Von Lasche zu Lasche misst das Geh\u00e4use 38,5 mm. Mit nur 6,5 mm Dicke ist es ultraflach.<\/p>\n<p style=\"text-align: left\"><strong>GEH\u00c4USEBODEN:<\/strong> Der aufschnappbare Edelstahlboden mit horizontalem, geb\u00fcrstetem Finish und klar eingepr\u00e4gter Referenznummer. Der originale Schutzlack ist noch sichtbar.<\/p>\n<p style=\"text-align: left\"><strong>KRONEN:<\/strong> signierte Krone.<\/p>\n<p style=\"text-align: left\"><strong>UHRWERK:<\/strong> Das signierte Peseux 7001 ist ein zuverl\u00e4ssiges Uhrwerk mit Handaufzug, 17 Steinen und einer Incabloc-Sto\u00dfsicherung. Es wurde \u00fcberpr\u00fcft, zieht sich reibungslos auf und h\u00e4lt die Zeit gut ein.<\/p>\n<p style=\"text-align: left\"><strong>BAND:<\/strong> Hochwertiges gr\u00fcnes Lederband mit unsignierter Stahlschlie\u00dfe.<\/p>\n<p style=\"text-align: left\"><strong>ZUBEH\u00d6R:<\/strong> Saffiano Leder Uhrenrolle.<\/p>\n<p style=\"text-align: left\"><strong>GARANTIE:<\/strong> Wir garantieren die Echtheit der Uhr. Wir gew\u00e4hren au\u00dferdem 12 Monate Garantie auf die korrekte Funktion dieses Zeitmessers. F\u00fcr alle Garantien gelten die Allgemeinen Gesch\u00e4ftsbedingungen<\/p>\n","protected":false},"excerpt":{"rendered":"<p style=\"text-align: left\">Wir waren in der gl\u00fccklichen Lage, eine Charge von <strong>New Old Stock ESKA St. Moritz Steinzifferblatt Uhren mit Handaufzug Cal. Peseux 7001. <\/strong> Die St. Moritz-Kollektion ist die Quintessenz der 1970er Jahre und kombiniert ultrad\u00fcnne Geh\u00e4use, Handaufzugswerke und elegante Steinzifferbl\u00e4tter.<br \/>\nWir pr\u00e4sentieren Ihnen stolz ein seltenes ESKA St. Moritz Falkenauge-Steinzifferblatt in einem ultrad\u00fcnnen Edelstahlgeh\u00e4use.<\/p>\n<p>Andere ESKA-Stein-Zifferblattvarianten sind erh\u00e4ltlich, bitte fragen Sie uns an.<\/p>\n","protected":false},"featured_media":21698,"template":"","meta":{"om_disable_all_campaigns":false,"_monsterinsights_skip_tracking":false,"_monsterinsights_sitenote_active":false,"_monsterinsights_sitenote_note":"","_monsterinsights_sitenote_category":0},"product_brand":[],"product_cat":[71,74],"product_tag":[],"class_list":{"0":"post-21788","1":"product","2":"type-product","3":"status-publish","4":"has-post-thumbnail","6":"product_cat-verkaufte-uhren","7":"product_cat-vintage-de","9":"first","10":"instock","11":"taxable","12":"shipping-taxable","13":"purchasable","14":"product-type-simple"},"aioseo_notices":[],"_links":{"self":[{"href":"https:\/\/chrono-scope.ch\/de\/wp-json\/wp\/v2\/product\/21788","targetHints":{"allow":["GET"]}}],"collection":[{"href":"https:\/\/chrono-scope.ch\/de\/wp-json\/wp\/v2\/product"}],"about":[{"href":"https:\/\/chrono-scope.ch\/de\/wp-json\/wp\/v2\/types\/product"}],"version-history":[{"count":2,"href":"https:\/\/chrono-scope.ch\/de\/wp-json\/wp\/v2\/product\/21788\/revisions"}],"predecessor-version":[{"id":22905,"href":"https:\/\/chrono-scope.ch\/de\/wp-json\/wp\/v2\/product\/21788\/revisions\/22905"}],"wp:featuredmedia":[{"embeddable":true,"href":"https:\/\/chrono-scope.ch\/de\/wp-json\/wp\/v2\/media\/21698"}],"wp:attachment":[{"href":"https:\/\/chrono-scope.ch\/de\/wp-json\/wp\/v2\/media?parent=21788"}],"wp:term":[{"taxonomy":"product_brand","embeddable":true,"href":"https:\/\/chrono-scope.ch\/de\/wp-json\/wp\/v2\/product_brand?post=21788"},{"taxonomy":"product_cat","embeddable":true,"href":"https:\/\/chrono-scope.ch\/de\/wp-json\/wp\/v2\/product_cat?post=21788"},{"taxonomy":"product_tag","embeddable":true,"href":"https:\/\/chrono-scope.ch\/de\/wp-json\/wp\/v2\/product_tag?post=21788"}],"curies":[{"name":"wp","href":"https:\/\/api.w.org\/{rel}","templated":true}]}}