{"id":21754,"date":"2024-12-20T13:05:07","date_gmt":"2024-12-20T13:05:07","guid":{"rendered":"https:\/\/nakyxozy.cyon.site\/product\/lemania-mk-i-monopusher-chronograph-reference-6b-551\/"},"modified":"2024-12-20T16:35:03","modified_gmt":"2024-12-20T16:35:03","slug":"lemania-mk-i-monopusher-chronograph-reference-6b-551","status":"publish","type":"product","link":"https:\/\/chrono-scope.ch\/de\/produkt\/lemania-mk-i-monopusher-chronograph-reference-6b-551\/","title":{"rendered":"Lemania MK I Monopusher Chronograph Reference 6B\/551"},"content":{"rendered":"<p style=\"text-align: left\"><strong>MODELL \/ REFERENZ:<\/strong> Lemania Monopusher-Chronograph der ersten Serie, Referenz 6B\/551. Das Produktionsdatum stammt wahrscheinlich aus den fr\u00fchen 1950er Jahren. Obwohl er mit seinen Br\u00fcdern vom Air Ministry identisch ist, fehlt dem vorliegenden Zeitmesser die Milit\u00e4rnummer auf der R\u00fcckseite, was uns zu der Annahme veranlasst, dass es sich wahrscheinlich um ein Vorbestellungsmuster handelt.<\/p>\n<p style=\"text-align: left\"><strong>ZIFFERN+ZEIGER:<\/strong> Das wei\u00dfe Zifferblatt ist sehr gut ablesbar und verstr\u00f6mt mit seinem einheitlichen Elfenbeinton einen anmutigen Charme. Der kontrastreiche schwarze Druck ist gestochen scharf, vom Text \u00fcber den breiten Pfeil bis hin zu den \u00e4u\u00dferen Minuteneinteilungen.<br \/>\nEs folgt einem Bicompax-Layout, denn bei 3 Uhr befindet sich ein Minutenz\u00e4hler, der Zeitintervalle von bis zu 30 Minuten erm\u00f6glicht.<br \/>\nDie arabischen Ziffern bei 12 und 6 Uhr sind leuchtend, ebenso wie die Stundenmarkierungspunkte. Die gr\u00f6\u00dftenteils intakte Leuchtmasse ist zu einem dunkelgrauen Farbton gealtert.<br \/>\nDie leuchtenden Spritzenzeiger sind korrekt und in sch\u00f6nem Vintage-Zustand mit geringem Verfall ihrer Radium-Inlays, die zur Farbe der Stundenmarkierungen passen.<\/p>\n<p style=\"text-align: left\"><strong>GLAS:<\/strong> Plexiglaskristall in hervorragendem Zustand, mit sehr schwachen Kratzern, die nur aus einem Winkel zu sehen sind.<\/p>\n<p style=\"text-align: left\"><strong>GEH\u00c4USE:<\/strong> Das Edelstahlgeh\u00e4use hat mit 38,5 mm Durchmesser und 46 mm von Ansatz zu Ansatz einfach eine gro\u00dfartige Pr\u00e4senz. Die Federstege sind f\u00fcr zus\u00e4tzliche Sicherheit mit dem Geh\u00e4use verschwei\u00dft.<br \/>\nInsgesamt ist die Uhr in einem sehr guten Originalzustand, mit vereinzelten Kratzern, wie es bei einer solchen Werkzeuguhr zu erwarten ist.<\/p>\n<p style=\"text-align: left\"><strong>GEH\u00c4USEBODEN:<\/strong> Der verschraubte Geh\u00e4useboden hat sechs Kerben und weist eine konzentrische Oberfl\u00e4che auf, die von einer sehr tiefen und gut lesbaren Referenznummergravur gekr\u00f6nt wird.<br \/>\nDie Innenseite ist sauber, verziert und tr\u00e4gt die Signatur von Huguenin Fr\u00e8res.<\/p>\n<p style=\"text-align: left\"><strong>UHRWERK:<\/strong> Signiertes Lemania Kaliber 2220 mit Handaufzug. Dieser \u00e4u\u00dferst zuverl\u00e4ssige S\u00e4ulenrad-Chronograph wurde \u00fcberpr\u00fcft, so dass alle seine Funktionen einwandfrei funktionieren und seine Zeitmessung auf h\u00f6chstem Niveau ist.<\/p>\n<p style=\"text-align: left\"><strong>KRONE+DRUKER:<\/strong> Die Aufzugskrone scheint korrekt zu sein, obwohl sie unsigniert ist. Sie ist in sch\u00f6nem Zustand und funktioniert einwandfrei, vom Aufziehen bis zur Zeiteinstellung.<br \/>\nDer Pump-Chronographen-Dr\u00fccker bei 2 Uhr funktioniert einwandfrei und startet, stoppt und setzt das Chronographenmodul zur\u00fcck.<\/p>\n<p style=\"text-align: left\"><strong>BAND:<\/strong> 20mm, hellbraunes NATO-Armband mit einer generischen Dornschlie\u00dfe aus Edelstahl.<\/p>\n<p style=\"text-align: left\"><strong>ZUBEH\u00d6R:<\/strong> Saffiano Leder Uhrenrolle.<\/p>\n<p style=\"text-align: left\"><strong>GARANTIE:<\/strong> Wir garantieren die Echtheit der Uhr. Wir gew\u00e4hren au\u00dferdem 12 Monate Garantie auf die korrekte Funktion dieses Zeitmessers. Alle Garantien unterliegen den Allgemeinen Gesch\u00e4ftsbedingungen.<br \/>\nBitte z\u00f6gern Sie nicht, Fragen zu stellen, wir werden sie gerne beantworten. Eine pers\u00f6nliche oder virtuelle Besichtigung ist nach Vereinbarung m\u00f6glich.<\/p>\n","protected":false},"excerpt":{"rendered":"<p style=\"text-align: left\"><strong>Lemania MK I Monopusher Chronograph Reference 6B\/551<\/strong><br \/>\nLemania hat dank des guten Rufs seiner sehr solide konstruierten Uhrwerke eine Vielzahl von Streitkr\u00e4ften rund um den Globus ausgestattet, was sie f\u00fcr ein robustes Leben auf dem Schlachtfeld pr\u00e4destiniert.<br \/>\nAusgestattet mit einem herausragenden Zifferblatt und einem wasserdichten Geh\u00e4usedesign, schlie\u00dft dieser Einknopf-Chronograph die M\u00f6glichkeit von Fehlern aus, indem er auf einen zus\u00e4tzlichen Nullknopf verzichtet. Unabh\u00e4ngig davon, ob sie ein Leben im Dienst gelebt hat oder nicht, ist diese Lemania ein robuster Zeitmesser von hoher Qualit\u00e4t, der die reinste Verkapselung einer Werkzeuguhr demonstriert, die f\u00fcr maximalen Nutzen gedacht ist.<br \/>\nBitte lesen Sie den Zustandsbericht sorgf\u00e4ltig durch und betrachten Sie die hochaufl\u00f6senden Bilder, um den Gesamtzustand der Uhr zu beurteilen.<\/p>\n","protected":false},"featured_media":21735,"template":"","meta":{"om_disable_all_campaigns":false,"_monsterinsights_skip_tracking":false,"_monsterinsights_sitenote_active":false,"_monsterinsights_sitenote_note":"","_monsterinsights_sitenote_category":0},"product_brand":[],"product_cat":[67,74],"product_tag":[],"class_list":{"0":"post-21754","1":"product","2":"type-product","3":"status-publish","4":"has-post-thumbnail","6":"product_cat-lemania-lemania-movements","7":"product_cat-vintage-de","9":"first","10":"instock","11":"taxable","12":"shipping-taxable","13":"purchasable","14":"product-type-simple"},"aioseo_notices":[],"_links":{"self":[{"href":"https:\/\/chrono-scope.ch\/de\/wp-json\/wp\/v2\/product\/21754","targetHints":{"allow":["GET"]}}],"collection":[{"href":"https:\/\/chrono-scope.ch\/de\/wp-json\/wp\/v2\/product"}],"about":[{"href":"https:\/\/chrono-scope.ch\/de\/wp-json\/wp\/v2\/types\/product"}],"version-history":[{"count":1,"href":"https:\/\/chrono-scope.ch\/de\/wp-json\/wp\/v2\/product\/21754\/revisions"}],"predecessor-version":[{"id":21755,"href":"https:\/\/chrono-scope.ch\/de\/wp-json\/wp\/v2\/product\/21754\/revisions\/21755"}],"wp:featuredmedia":[{"embeddable":true,"href":"https:\/\/chrono-scope.ch\/de\/wp-json\/wp\/v2\/media\/21735"}],"wp:attachment":[{"href":"https:\/\/chrono-scope.ch\/de\/wp-json\/wp\/v2\/media?parent=21754"}],"wp:term":[{"taxonomy":"product_brand","embeddable":true,"href":"https:\/\/chrono-scope.ch\/de\/wp-json\/wp\/v2\/product_brand?post=21754"},{"taxonomy":"product_cat","embeddable":true,"href":"https:\/\/chrono-scope.ch\/de\/wp-json\/wp\/v2\/product_cat?post=21754"},{"taxonomy":"product_tag","embeddable":true,"href":"https:\/\/chrono-scope.ch\/de\/wp-json\/wp\/v2\/product_tag?post=21754"}],"curies":[{"name":"wp","href":"https:\/\/api.w.org\/{rel}","templated":true}]}}