{"id":21403,"date":"2024-12-10T20:47:25","date_gmt":"2024-12-10T20:47:25","guid":{"rendered":"https:\/\/nakyxozy.cyon.site\/product\/lemania-regatta-chronograph-lobster-ref-9854-aus-den-1970er-jahren\/"},"modified":"2025-02-24T11:20:09","modified_gmt":"2025-02-24T11:20:09","slug":"lemania-regatta-chronograph-lobster-ref-9854-aus-den-1970er-jahren","status":"publish","type":"product","link":"https:\/\/chrono-scope.ch\/de\/produkt\/lemania-regatta-chronograph-lobster-ref-9854-aus-den-1970er-jahren\/","title":{"rendered":"SOLD &#8211; Lemania Regatta Chronograph \u201cLobster\u201d ref. 9854 from the 1970\u2019s."},"content":{"rendered":"<p style=\"text-align: left\"><strong>ZIFFERN+ZEIGER:<\/strong><br \/>\n&#8211; Das Zifferblatt und die Zeiger sind original und praktisch perfekt erhalten. Selbst unter der Lupe konnte ich keinen einzigen Fehler finden.<br \/>\n&#8211; Die Tritium-Lumineszenzpunkte sind alle vorhanden und intakt. Bei Aktivierung mit UV-Licht leuchtet die Luminanz auf dem Zifferblatt und den Zeigern auf und verblasst dann wieder.<\/p>\n<p style=\"text-align: left\"><strong>GLAS:<\/strong> Plexiglas in gutem Zustand mit kleinen Oberfl\u00e4chenflecken<\/p>\n<p style=\"text-align: left\"><strong>GEH\u00c4USE:<\/strong> Edelstahlgeh\u00e4use mit leichten Gebrauchsspuren, die dem Alter der Uhr entsprechen. Das Geh\u00e4use misst 39 mm x 41 mm (ohne Krone)<\/p>\n<p style=\"text-align: left\"><strong>GEH\u00c4USEBODEN:<\/strong> Edelstahlboden in gutem Zustand<\/p>\n<p style=\"text-align: left\"><strong>KRONE &amp; Dr\u00fccker<\/strong>: originale unsignierte Krone und Dr\u00fccker.<\/p>\n<p style=\"text-align: left\"><strong>UHRWERK:<\/strong> Lemania 1345 Chronographenwerk mit automatischem Aufzug, 17 Lagersteine, 28800 A\/h. Das Uhrwerk ist gewartet worden. Es l\u00e4uft stark und h\u00e4lt gute Zeit f\u00fcr eine Vintage-Uhr.<\/p>\n<p style=\"text-align: left\"><strong>BAND:<\/strong> originales &#8222;Lobster&#8220; Edelstahlarmband mit leichten Gebrauchsspuren. Das Armband passt f\u00fcr ein Handgelenk von ca. 17cm<\/p>\n<p style=\"text-align: left\"><strong>ZUBEH\u00d6R:<\/strong> Saffiano Leder Uhrenrolle.<\/p>\n<p style=\"text-align: left\"><strong>GARANTIE:<\/strong> Wir garantieren die Echtheit der Uhr. Wir gew\u00e4hren au\u00dferdem 12 Monate Garantie auf die korrekte Funktion dieses Zeitmessers. Alle Garantien unterliegen den Allgemeinen Gesch\u00e4ftsbedingungen.<\/p>\n<p style=\"text-align: left\">Bitte z\u00f6gern Sie nicht, Fragen zu stellen, wir werden sie gerne beantworten.<\/p>\n","protected":false},"excerpt":{"rendered":"<p style=\"text-align: left\"><strong>Lemania Regatta Chronograph &#8222;Lobster&#8220; ref. 9854 aus den 1970er Jahren.<br \/>\n<\/strong><br \/>\n<strong>SPEZIFIKATIONEN ; ZUSTANDSBERICHT:<\/strong> bitte sehen Sie sich die hochaufl\u00f6senden Bilder an, um den Zustand der Uhr zu beurteilen.<\/p>\n","protected":false},"featured_media":21430,"template":"","meta":{"om_disable_all_campaigns":false,"_monsterinsights_skip_tracking":false,"_monsterinsights_sitenote_active":false,"_monsterinsights_sitenote_note":"","_monsterinsights_sitenote_category":0},"product_brand":[],"product_cat":[71,74],"product_tag":[],"class_list":{"0":"post-21403","1":"product","2":"type-product","3":"status-publish","4":"has-post-thumbnail","6":"product_cat-verkaufte-uhren","7":"product_cat-vintage-de","9":"first","10":"instock","11":"taxable","12":"shipping-taxable","13":"purchasable","14":"product-type-simple"},"aioseo_notices":[],"_links":{"self":[{"href":"https:\/\/chrono-scope.ch\/de\/wp-json\/wp\/v2\/product\/21403","targetHints":{"allow":["GET"]}}],"collection":[{"href":"https:\/\/chrono-scope.ch\/de\/wp-json\/wp\/v2\/product"}],"about":[{"href":"https:\/\/chrono-scope.ch\/de\/wp-json\/wp\/v2\/types\/product"}],"version-history":[{"count":4,"href":"https:\/\/chrono-scope.ch\/de\/wp-json\/wp\/v2\/product\/21403\/revisions"}],"predecessor-version":[{"id":24394,"href":"https:\/\/chrono-scope.ch\/de\/wp-json\/wp\/v2\/product\/21403\/revisions\/24394"}],"wp:featuredmedia":[{"embeddable":true,"href":"https:\/\/chrono-scope.ch\/de\/wp-json\/wp\/v2\/media\/21430"}],"wp:attachment":[{"href":"https:\/\/chrono-scope.ch\/de\/wp-json\/wp\/v2\/media?parent=21403"}],"wp:term":[{"taxonomy":"product_brand","embeddable":true,"href":"https:\/\/chrono-scope.ch\/de\/wp-json\/wp\/v2\/product_brand?post=21403"},{"taxonomy":"product_cat","embeddable":true,"href":"https:\/\/chrono-scope.ch\/de\/wp-json\/wp\/v2\/product_cat?post=21403"},{"taxonomy":"product_tag","embeddable":true,"href":"https:\/\/chrono-scope.ch\/de\/wp-json\/wp\/v2\/product_tag?post=21403"}],"curies":[{"name":"wp","href":"https:\/\/api.w.org\/{rel}","templated":true}]}}