{"id":20750,"date":"2024-11-26T11:28:02","date_gmt":"2024-11-26T11:28:02","guid":{"rendered":"https:\/\/nakyxozy.cyon.site\/?post_type=product&#038;p=20750"},"modified":"2024-12-18T09:53:32","modified_gmt":"2024-12-18T09:53:32","slug":"eska-st-moritz-vintage-ultra-thin-sodalite-dial-new-old-stock","status":"publish","type":"product","link":"https:\/\/chrono-scope.ch\/de\/produkt\/eska-st-moritz-vintage-ultra-thin-sodalite-dial-new-old-stock\/","title":{"rendered":"SOLD &#8211; ESKA St. Moritz vintage ultra thin sodalite dial &#8211; New Old Stock"},"content":{"rendered":"<p style=\"text-align: left\"><strong>MODELL \/ REFERENZ:<\/strong> Eska St. Moritz Ultra Thin mit Sodalithstein-Zifferblatt aus den 1970er Jahren. Inventar-Nr. 240215-10<\/p>\n<p style=\"text-align: left\"><strong>SPEZIFIKATIONEN ; ZUSTANDSBERICHT;<\/strong> bitte sehen Sie sich die hochaufl\u00f6senden Bilder an, um den Zustand der Uhr zu beurteilen.<\/p>\n<p style=\"text-align: left\"><strong>ZIFFERN+ZEIGER:<\/strong> Sodalith-Stein-Zifferblatt in neuwertigem Zustand, alle Drucke sind scharf, Stabzeiger.<\/p>\n<p style=\"text-align: left\"><strong>GLAS:<\/strong> Mineralkristall in sehr gutem Zustand.<\/p>\n<p style=\"text-align: left\"><strong>GEH\u00c4USE:<\/strong> Das 33 mm Edelstahlgeh\u00e4use ist in einem NOS-Zustand und kann leichte Gebrauchsspuren aufweisen &#8211; bitte sehen Sie sich die Bilder an. Von Lasche zu Lasche misst das Geh\u00e4use 38,5 mm. Mit nur 6,5 mm Dicke ist es ultraflach.<\/p>\n<p style=\"text-align: left\"><strong>GEH\u00c4USEBODEN:<\/strong> Der aufschnappbare Edelstahlboden mit horizontalem, geb\u00fcrstetem Finish und klar eingepr\u00e4gter Referenznummer.<\/p>\n<p style=\"text-align: left\"><strong>KRONEN:<\/strong> signierte Krone.<\/p>\n<p style=\"text-align: left\"><strong>UHRWERK:<\/strong> Das FELCO signierte Peseux 7001 ist ein zuverl\u00e4ssiges Uhrwerk mit Handaufzug, 17 Steinen und einer Incabloc-Sto\u00dfsicherung. Es wurde \u00fcberpr\u00fcft, zieht sich reibungslos auf und h\u00e4lt die Zeit gut ein.<\/p>\n<p style=\"text-align: left\"><strong>BAND:<\/strong> blaues Velourslederband mit unsignierter Stahlschlie\u00dfe.<\/p>\n<p style=\"text-align: left\"><strong>ZUBEH\u00d6R:<\/strong> Saffiano Leder Uhrenrolle.<\/p>\n<p style=\"text-align: left\"><strong>GARANTIE:<\/strong> Wir garantieren die Echtheit der Uhr. Wir gew\u00e4hren au\u00dferdem 12 Monate Garantie auf die korrekte Funktion dieses Zeitmessers. F\u00fcr alle Garantien gelten die Allgemeinen Gesch\u00e4ftsbedingungen<\/p>\n","protected":false},"excerpt":{"rendered":"<p style=\"text-align: left\">Wir hatten das Gl\u00fcck, eine Charge von New Old Stock <strong>ESKA St. Moritz Steinzifferblattuhren<\/strong> mit Handaufzug zu erwerben<strong> Cal. Peseux 7001<\/strong>. The St. Moritz collection represents the quintessence of the 1970s watch, combining ultra thin cases, manual wind movements and elegant stone dials.<br \/>\nWe proudly present a rare ESKA St. Moritz sodalite stone dial in a stainless-steel case.<\/p>\n<p>Andere ESKA-Stein-Zifferblattvarianten sind erh\u00e4ltlich, bitte fragen Sie uns an.<\/p>\n","protected":false},"featured_media":22965,"template":"","meta":{"om_disable_all_campaigns":false,"_monsterinsights_skip_tracking":false,"_monsterinsights_sitenote_active":false,"_monsterinsights_sitenote_note":"","_monsterinsights_sitenote_category":0},"product_brand":[],"product_cat":[71],"product_tag":[],"class_list":{"0":"post-20750","1":"product","2":"type-product","3":"status-publish","4":"has-post-thumbnail","6":"product_cat-verkaufte-uhren","8":"first","9":"instock","10":"taxable","11":"shipping-taxable","12":"purchasable","13":"product-type-simple"},"aioseo_notices":[],"_links":{"self":[{"href":"https:\/\/chrono-scope.ch\/de\/wp-json\/wp\/v2\/product\/20750","targetHints":{"allow":["GET"]}}],"collection":[{"href":"https:\/\/chrono-scope.ch\/de\/wp-json\/wp\/v2\/product"}],"about":[{"href":"https:\/\/chrono-scope.ch\/de\/wp-json\/wp\/v2\/types\/product"}],"version-history":[{"count":3,"href":"https:\/\/chrono-scope.ch\/de\/wp-json\/wp\/v2\/product\/20750\/revisions"}],"predecessor-version":[{"id":21543,"href":"https:\/\/chrono-scope.ch\/de\/wp-json\/wp\/v2\/product\/20750\/revisions\/21543"}],"wp:featuredmedia":[{"embeddable":true,"href":"https:\/\/chrono-scope.ch\/de\/wp-json\/wp\/v2\/media\/22965"}],"wp:attachment":[{"href":"https:\/\/chrono-scope.ch\/de\/wp-json\/wp\/v2\/media?parent=20750"}],"wp:term":[{"taxonomy":"product_brand","embeddable":true,"href":"https:\/\/chrono-scope.ch\/de\/wp-json\/wp\/v2\/product_brand?post=20750"},{"taxonomy":"product_cat","embeddable":true,"href":"https:\/\/chrono-scope.ch\/de\/wp-json\/wp\/v2\/product_cat?post=20750"},{"taxonomy":"product_tag","embeddable":true,"href":"https:\/\/chrono-scope.ch\/de\/wp-json\/wp\/v2\/product_tag?post=20750"}],"curies":[{"name":"wp","href":"https:\/\/api.w.org\/{rel}","templated":true}]}}