{"id":20625,"date":"2024-12-02T08:38:39","date_gmt":"2024-12-02T08:38:39","guid":{"rendered":"https:\/\/nakyxozy.cyon.site\/?post_type=product&#038;p=20625"},"modified":"2024-12-02T08:28:51","modified_gmt":"2024-12-02T08:28:51","slug":"omega-speedmaster-ed-white-reference-105-003-65-extract-of-archive-box","status":"publish","type":"product","link":"https:\/\/chrono-scope.ch\/de\/produkt\/omega-speedmaster-ed-white-reference-105-003-65-extract-of-archive-box\/","title":{"rendered":"Omega Speedmaster \u201cEd White\u201d Reference 105.003-65, extract of archive, box"},"content":{"rendered":"<p style=\"text-align: left\"><strong>MODELL \/ REFERENZ<\/strong>: Omega Speedmaster Referenz 105.003-65 &#8222;Ed White&#8220;. Der Archivauszug besagt, dass die Uhr am 13. Februar 1967 in der Schweiz verkauft wurde.<\/p>\n<p style=\"text-align: left\"><strong>ZIFFERN+ZEIGER:<\/strong> &#8211; Das abgestufte schwarze Zifferblatt ist au\u00dfergew\u00f6hnlich gut erhalten, mit klarem wei\u00dfen Aufdruck und intakten, anmutig gealterten Tritiumstreifen.<br \/>\nDer Leuchtzeiger scheint korrekt zu sein und ist sch\u00f6n gealtert, so dass er zum Ton der Indizes passt.<\/p>\n<p style=\"text-align: left\"><strong>GLAS:<\/strong> Der Hesalitkristall ist in der Mitte signiert und befindet sich in einem guten Gesamtzustand. Er weist kleinere Flecken und Haarkratzer auf, die wegpoliert werden k\u00f6nnen.<\/p>\n<p style=\"text-align: left\"><strong>GEH\u00c4USE:<\/strong> Das Edelstahlgeh\u00e4use mit geraden Bandanst\u00f6\u00dfen misst einen Durchmesser von 38,5 mm. Obwohl es zuvor leicht poliert wurde, ist es immer noch robust mit gut definierten Linien und normalen Gebrauchsspuren, die dem Alter und dem Gebrauch der Uhr entsprechen.<br \/>\nDie Aluminiuml\u00fcnette weist die korrekte Dot Over Ninety-Variante auf und zeigt leichte Gebrauchsspuren, vor allem am \u00e4u\u00dferen Rand.<\/p>\n<p style=\"text-align: left\"><strong>GEH\u00c4USEBODEN:<\/strong> Der doppelstufige Geh\u00e4useboden ist korrekt und weist durchgehend Gebrauchsspuren auf. Er enth\u00e4lt einige scharfe, gut definierte Seepferdchen-Logos und Textgravuren.<br \/>\nDie Innenseite ist sauber, verziert und zeigt die korrekte Nomenklatur der Zeit.<\/p>\n<p style=\"text-align: left\"><strong>KRONE+DRUKER:<\/strong> Die Krone tr\u00e4gt das Omega-Logo und funktioniert tadellos. Sie ist ein sp\u00e4terer Ersatz. Die Pumpendr\u00fccker starten, stoppen und setzen die Chronographenfunktionen knackig zur\u00fcck.<\/p>\n<p style=\"text-align: left\"><strong>UHRWERK:<\/strong> Das von Hand aufgezogene, kupferfarbene Kal. 321 verf\u00fcgt \u00fcber eine laufende kleine Sekunde bei 9 Uhr, einen zentralen Sekundenzeiger und 2 Hilfszifferbl\u00e4tter bei 3 bzw. 6 Uhr. Es wurde auf seine Ganggenauigkeit hin \u00fcberpr\u00fcft und ist daher sauber und in ausgezeichnetem Zustand.<\/p>\n<p style=\"text-align: left\"><strong>BAND:<\/strong> Korrektes Omega Flachgliederarmband Nummer 7912 mit Nummer 6 Endgliedern von 19 mm. Die Schlie\u00dfe ist auf das zweite Quartal 1964 datiert. Das Armband weist normale Kratzer und altersbedingte Dehnungen auf. Die Endglieder scheinen sp\u00e4tere Nachr\u00fcstungen zu sein.<\/p>\n<p style=\"text-align: left\"><strong>ZUBEH\u00d6R:<\/strong> Omega Auszug aus den Archiven, Saffiano Leder Uhrenrolle,<\/p>\n<p style=\"text-align: left\"><strong>GARANTIE:<\/strong> Wir garantieren die Echtheit der Uhr. Wir gew\u00e4hren ausserdem 12 Monate Garantie auf die korrekte Funktion dieses Zeitmessers. F\u00fcr alle Garantien gelten die Allgemeinen Gesch\u00e4ftsbedingungen.<\/p>\n<p style=\"text-align: left\">Bitte z\u00f6gern Sie nicht, Fragen zu stellen, wir werden sie gerne beantworten. Eine pers\u00f6nliche oder virtuelle Besichtigung ist nach Vereinbarung m\u00f6glich.<\/p>\n","protected":false},"excerpt":{"rendered":"<p style=\"text-align: left\"><strong>Omega Speedmaster &#8222;Ed White&#8220; Referenz 105.003-65<\/strong><br \/>\nZu verkaufen ist eine verf\u00fchrerische und bemerkenswerte Omega Speedmaster Referenz 105.003-65 &#8222;Ed White&#8220; in hervorragendem Vintage-Zustand. Sie wird mit einem Omega-Archivauszug geliefert. Das Zifferblatt, der Geh\u00e4useboden, die Krone, das Uhrwerk und das Armband sind mit Omega signiert. Die Uhr ist voll funktionsf\u00e4hig und bereit, getragen zu werden.<\/p>\n<p style=\"text-align: left\"><strong>ZUSTANDSBERICHT:<\/strong> Bitte sehen Sie sich die unver\u00e4nderten hochaufl\u00f6senden Bilder an, um den Zustand des Zeitmessers zu beurteilen.<\/p>\n","protected":false},"featured_media":33187,"template":"","meta":{"om_disable_all_campaigns":false,"_monsterinsights_skip_tracking":false,"_monsterinsights_sitenote_active":false,"_monsterinsights_sitenote_note":"","_monsterinsights_sitenote_category":0},"product_brand":[],"product_cat":[60,61,74],"product_tag":[],"class_list":{"0":"post-20625","1":"product","2":"type-product","3":"status-publish","4":"has-post-thumbnail","6":"product_cat-featured-de","7":"product_cat-omega-de","8":"product_cat-vintage-de","10":"first","11":"instock","12":"taxable","13":"shipping-taxable","14":"purchasable","15":"product-type-simple"},"aioseo_notices":[],"_links":{"self":[{"href":"https:\/\/chrono-scope.ch\/de\/wp-json\/wp\/v2\/product\/20625","targetHints":{"allow":["GET"]}}],"collection":[{"href":"https:\/\/chrono-scope.ch\/de\/wp-json\/wp\/v2\/product"}],"about":[{"href":"https:\/\/chrono-scope.ch\/de\/wp-json\/wp\/v2\/types\/product"}],"version-history":[{"count":3,"href":"https:\/\/chrono-scope.ch\/de\/wp-json\/wp\/v2\/product\/20625\/revisions"}],"predecessor-version":[{"id":20971,"href":"https:\/\/chrono-scope.ch\/de\/wp-json\/wp\/v2\/product\/20625\/revisions\/20971"}],"wp:featuredmedia":[{"embeddable":true,"href":"https:\/\/chrono-scope.ch\/de\/wp-json\/wp\/v2\/media\/33187"}],"wp:attachment":[{"href":"https:\/\/chrono-scope.ch\/de\/wp-json\/wp\/v2\/media?parent=20625"}],"wp:term":[{"taxonomy":"product_brand","embeddable":true,"href":"https:\/\/chrono-scope.ch\/de\/wp-json\/wp\/v2\/product_brand?post=20625"},{"taxonomy":"product_cat","embeddable":true,"href":"https:\/\/chrono-scope.ch\/de\/wp-json\/wp\/v2\/product_cat?post=20625"},{"taxonomy":"product_tag","embeddable":true,"href":"https:\/\/chrono-scope.ch\/de\/wp-json\/wp\/v2\/product_tag?post=20625"}],"curies":[{"name":"wp","href":"https:\/\/api.w.org\/{rel}","templated":true}]}}