{"id":20578,"date":"2024-12-02T08:19:07","date_gmt":"2024-12-02T08:19:07","guid":{"rendered":"https:\/\/nakyxozy.cyon.site\/?post_type=product&#038;p=20578"},"modified":"2025-11-02T11:28:39","modified_gmt":"2025-11-02T11:28:39","slug":"omega-speedmaster-triple-date","status":"publish","type":"product","link":"https:\/\/chrono-scope.ch\/de\/produkt\/omega-speedmaster-triple-date\/","title":{"rendered":"RESERVED &#8211; Omega Speedmaster Triple Date"},"content":{"rendered":"<p style=\"text-align: left\"><strong>MODELL \/ REFERENZ:<\/strong> Omega Speedmaster dreifaches Datum blau, Zifferblatt, Ref. 3521.80.00 , Seriennummer 55&#8217;xxx&#8217;xxx, Datierung der Uhr auf ca. 1995. Inventar-Code:<\/p>\n<p style=\"text-align: left\"><strong>ZUSTANDSBERICHT_<\/strong> Bitte sehen Sie sich die hochaufl\u00f6senden, unver\u00e4nderten Bilder an, um den Zustand des Zeitmessers zu beurteilen.<\/p>\n<p style=\"text-align: left\"><strong>ZIFFERN:<\/strong> Das blaue Zifferblatt ist in nahezu neuwertigem Zustand. Die Zeiger sind original und haben die Tritiumlumineszenz beibehalten.<\/p>\n<p style=\"text-align: left\"><strong>LUME:<\/strong> Die Lumenpunkte auf dem Zifferblatt sind vorhanden und intakt. Die Schrift ist klar und deutlich.<\/p>\n<p style=\"text-align: left\"><strong>L\u00dcNETTE:<\/strong> Die L\u00fcnette weist nur sehr leichte Gebrauchsspuren auf.<\/p>\n<p style=\"text-align: left\"><strong>GEH\u00c4USE:<\/strong> Das Geh\u00e4use ist in gutem Zustand mit leichten Gebrauchsspuren<\/p>\n<p style=\"text-align: left\"><strong>GEH\u00c4USEBODEN:<\/strong> Der Geh\u00e4useboden aus Edelstahl tr\u00e4gt das Seahorse-Logo und die Seriennummer. Das Seahorse-Logo und die Seriennummer sind klar und deutlich zu erkennen.<\/p>\n<p style=\"text-align: left\"><strong>UHRWERK:<\/strong> Das automatische Omega Cal. 1151 l\u00e4uft sehr gut und h\u00e4lt die Zeit gut ein.<\/p>\n<p style=\"text-align: left\">Der Chronograph startet, stoppt und setzt sich korrekt auf Null zur\u00fcck<\/p>\n<p style=\"text-align: left\"><strong>BAND:<\/strong> Original Omega-Edelstahlarmband Ref. 1469\/32 mit 813 Endgliedern. Das Armband ist in gutem Zustand mit geringen Gebrauchsspuren und nur leichter Dehnung. Es passt f\u00fcr ein Handgelenk von ca. 17 cm. Ersatzglieder sind auf Anfrage erh\u00e4ltlich.<\/p>\n<p style=\"text-align: left\">Zifferblatt, Krone, Geh\u00e4use, Uhrwerk, Armband und Schlie\u00dfe signiert Omega. Die Uhr ist voll funktionsf\u00e4hig.<\/p>\n<p style=\"text-align: left\"><strong>ZUBEH\u00d6R:<\/strong> Saffiano Leder Uhrenrolle<\/p>\n<p style=\"text-align: left\"><strong>GARANTIE:<\/strong><br \/>\nWir garantieren die Echtheit der Uhr. Wir gew\u00e4hren au\u00dferdem 12 Monate Garantie auf die korrekte Funktion dieses Zeitmessers. F\u00fcr alle Garantien gelten die Allgemeinen Gesch\u00e4ftsbedingungen.<\/p>\n<p>Bitte z\u00f6gern Sie nicht, Fragen zu stellen, wir werden sie gerne beantworten.<\/p>\n","protected":false},"excerpt":{"rendered":"<p style=\"text-align: left\">Zum Verkauf steht eine<strong> Omega Speedmaster mit dreifachem Datum<\/strong>, <strong>Ref. 3521.80.00<\/strong> in sehr gutem und originalem Zustand. Das Uhrwerk l\u00e4uft kr\u00e4ftig und h\u00e4lt die Zeit gut ein. Alle Funktionen funktionieren einwandfrei, und die Uhr wird mit einer 12-monatigen Garantie geliefert.<\/p>\n","protected":false},"featured_media":20570,"template":"","meta":{"om_disable_all_campaigns":false,"_monsterinsights_skip_tracking":false,"_monsterinsights_sitenote_active":false,"_monsterinsights_sitenote_note":"","_monsterinsights_sitenote_category":0},"product_brand":[],"product_cat":[109,61],"product_tag":[],"class_list":{"0":"post-20578","1":"product","2":"type-product","3":"status-publish","4":"has-post-thumbnail","6":"product_cat-neo-vintage-de","7":"product_cat-omega-de","9":"first","10":"instock","11":"taxable","12":"shipping-taxable","13":"purchasable","14":"product-type-simple"},"aioseo_notices":[],"_links":{"self":[{"href":"https:\/\/chrono-scope.ch\/de\/wp-json\/wp\/v2\/product\/20578","targetHints":{"allow":["GET"]}}],"collection":[{"href":"https:\/\/chrono-scope.ch\/de\/wp-json\/wp\/v2\/product"}],"about":[{"href":"https:\/\/chrono-scope.ch\/de\/wp-json\/wp\/v2\/types\/product"}],"version-history":[{"count":2,"href":"https:\/\/chrono-scope.ch\/de\/wp-json\/wp\/v2\/product\/20578\/revisions"}],"predecessor-version":[{"id":30733,"href":"https:\/\/chrono-scope.ch\/de\/wp-json\/wp\/v2\/product\/20578\/revisions\/30733"}],"wp:featuredmedia":[{"embeddable":true,"href":"https:\/\/chrono-scope.ch\/de\/wp-json\/wp\/v2\/media\/20570"}],"wp:attachment":[{"href":"https:\/\/chrono-scope.ch\/de\/wp-json\/wp\/v2\/media?parent=20578"}],"wp:term":[{"taxonomy":"product_brand","embeddable":true,"href":"https:\/\/chrono-scope.ch\/de\/wp-json\/wp\/v2\/product_brand?post=20578"},{"taxonomy":"product_cat","embeddable":true,"href":"https:\/\/chrono-scope.ch\/de\/wp-json\/wp\/v2\/product_cat?post=20578"},{"taxonomy":"product_tag","embeddable":true,"href":"https:\/\/chrono-scope.ch\/de\/wp-json\/wp\/v2\/product_tag?post=20578"}],"curies":[{"name":"wp","href":"https:\/\/api.w.org\/{rel}","templated":true}]}}