{"id":20535,"date":"2024-11-14T19:37:57","date_gmt":"2024-11-14T19:37:57","guid":{"rendered":"https:\/\/nakyxozy.cyon.site\/product\/rolex-datejust-ref-1603-from-1971-rare-and-original-linen-pie-pan-dial-serviced\/"},"modified":"2025-07-11T10:47:56","modified_gmt":"2025-07-11T10:47:56","slug":"rolex-datejust-ref-1603-from-1971-rare-and-original-linen-pie-pan-dial-serviced","status":"publish","type":"product","link":"https:\/\/chrono-scope.ch\/de\/produkt\/rolex-datejust-ref-1603-from-1971-rare-and-original-linen-pie-pan-dial-serviced\/","title":{"rendered":"SOLD &#8211; Rolex Datejust Ref. 1603 from 1971, rare and original \u201clinen\u201d pie-pan dial, serviced"},"content":{"rendered":"<p style=\"text-align: left\"><strong>SPEZIFIKATIONEN ; ZUSTANDSBERICHT;<\/strong> bitte sehen Sie sich die hochaufl\u00f6senden Bilder an, um den Zustand der Uhr zu beurteilen.<\/p>\n<p style=\"text-align: left\"><strong>MODELL \/ REFERENZ:<\/strong> Rolex Datejust Ref. 1603. Die Seriennummer 2&#8217;729&#8217;681 datiert die Produktion auf ca. 1971. Inventarnummer: 241029-3<\/p>\n<p style=\"text-align: left\"><strong>ZIFFERN+ZEIGER:<\/strong> silbernes &#8222;gestuftes&#8220; oder &#8222;pie-pan&#8220; Zifferblatt in nahezu neuwertigem und originalem Zustand mit seltener und attraktiver Leinenstruktur. Die Leuchtpunkte sind alle vorhanden und intakt und zeigen eine sch\u00f6ne beige-braune Patina. Die Schrift ist klar und deutlich. Das Datumsrad ist sauber.<\/p>\n<p style=\"text-align: left\">Der H\u00f6rer ist im Originalzustand. Die Tritiumlumineszenz auf den Zeigern ist intakt und hat einen beigen Farbton angenommen, der zu den Lumenpunkten passt.<\/p>\n<p style=\"text-align: left\">Bei Aktivierung mit UV-Licht leuchten die Leuchtpunkte und die Zeiger auf und erl\u00f6schen dann.<\/p>\n<p style=\"text-align: left\"><strong>L\u00dcNETTE:<\/strong> L\u00fcnette aus gedrehtem Stahl in gutem Zustand<\/p>\n<p style=\"text-align: left\"><strong>GLAS:<\/strong> Plexiglas in gutem Zustand mit kleinen Oberfl\u00e4chenflecken.<\/p>\n<p style=\"text-align: left\"><strong>GEH\u00c4USE:<\/strong> 36 mm Edelstahlgeh\u00e4use in gutem Zustand mit leichten Gebrauchsspuren. Es wurde professionell poliert. Die Referenz und die Gravur der Seriennummer zwischen den Bandanst\u00f6\u00dfen sind klar und deutlich.<\/p>\n<p style=\"text-align: left\">Der Abstand zwischen den Anst\u00f6\u00dfen betr\u00e4gt 43 mm, die Ansto\u00dfbreite 20 mm, die Dicke einschlie\u00dflich des Glases ungef\u00e4hr. 12 mm.<\/p>\n<p style=\"text-align: left\"><strong>GEH\u00c4USEBODEN:<\/strong> Der Original-Edelstahlboden weist leichte Oberfl\u00e4chenspuren auf. Der innere Geh\u00e4useboden ist werkseitig graviert und tr\u00e4gt die Referenznummer und das Herstellungsdatum.<\/p>\n<p style=\"text-align: left\"><strong>KRONE:<\/strong> Rolex Twinlock verschraubte Krone<\/p>\n<p style=\"text-align: left\"><strong>UHRWERK und FUNKTION:<\/strong> Kal. 1570 Automatikwerk, 26 Lagersteine, 19800 Umdrehungen pro Minute. Das Uhrwerk wurde gewartet, l\u00e4uft einwandfrei und h\u00e4lt die Zeit gut ein.<\/p>\n<p style=\"text-align: left\"><strong>BAND:<\/strong> Rolex Jubilee-Armband 6251H mit 55 Endgliedern. Das Armband ist dehnbar, wie bei Vintage-Jubil\u00e4umsarmb\u00e4ndern \u00fcblich. Es passt f\u00fcr ein Handgelenk von ca. 18,5 cm \/ 7,2 Zoll<\/p>\n<p style=\"text-align: left\"><strong>ZUBEH\u00d6R:<\/strong> Saffiano Leder Uhrenrolle. Eine klassische Rolex Innen- und Au\u00dfenbox ist auf Anfrage gegen Aufpreis erh\u00e4ltlich.<\/p>\n<p style=\"text-align: left\"><strong>GARANTIE:<\/strong> Wir garantieren die Echtheit der Uhr. Wir gew\u00e4hren au\u00dferdem 12 Monate Garantie auf die korrekte Funktion dieses Zeitmessers. F\u00fcr alle Garantien gelten die Allgemeinen Gesch\u00e4ftsbedingungen.<\/p>\n<p style=\"text-align: left\">Bitte z\u00f6gern Sie nicht, Fragen zu stellen, wir werden sie gerne beantworten. Virtuelle oder pers\u00f6nliche Besichtigung nach Vereinbarung.<\/p>\n","protected":false},"excerpt":{"rendered":"<p style=\"text-align: left\">Zum Verkauf steht eine <strong>Rolex Vintage Datejust Ref. 1603<\/strong> aus dem Jahr 1971 mit dem seltenen und originalen &#8222;Leinen&#8220;-Tortenzifferblatt. Das silberne Zifferblatt mit den originalen Tritium-Lumineszenzpunkten sowie die Zeiger sind wundersch\u00f6n erhalten. Diese klassische Datejust mit gedrehter L\u00fcnette kommt nie aus der Mode und bietet immer noch ein gutes Preis-Leistungs-Verh\u00e4ltnis.<\/p>\n<p style=\"text-align: left\">Zifferblatt, Krone, Geh\u00e4useboden, Uhrwerk und Armband signiert. Das Uhrwerk wurde gewartet und wird mit 12 Monaten Garantie geliefert.<\/p>\n","protected":false},"featured_media":20525,"template":"","meta":{"om_disable_all_campaigns":false,"_monsterinsights_skip_tracking":false,"_monsterinsights_sitenote_active":false,"_monsterinsights_sitenote_note":"","_monsterinsights_sitenote_category":0},"product_brand":[],"product_cat":[62,74],"product_tag":[],"class_list":{"0":"post-20535","1":"product","2":"type-product","3":"status-publish","4":"has-post-thumbnail","6":"product_cat-rolex-de","7":"product_cat-vintage-de","9":"first","10":"instock","11":"taxable","12":"shipping-taxable","13":"purchasable","14":"product-type-simple"},"aioseo_notices":[],"_links":{"self":[{"href":"https:\/\/chrono-scope.ch\/de\/wp-json\/wp\/v2\/product\/20535","targetHints":{"allow":["GET"]}}],"collection":[{"href":"https:\/\/chrono-scope.ch\/de\/wp-json\/wp\/v2\/product"}],"about":[{"href":"https:\/\/chrono-scope.ch\/de\/wp-json\/wp\/v2\/types\/product"}],"version-history":[{"count":3,"href":"https:\/\/chrono-scope.ch\/de\/wp-json\/wp\/v2\/product\/20535\/revisions"}],"predecessor-version":[{"id":28010,"href":"https:\/\/chrono-scope.ch\/de\/wp-json\/wp\/v2\/product\/20535\/revisions\/28010"}],"wp:featuredmedia":[{"embeddable":true,"href":"https:\/\/chrono-scope.ch\/de\/wp-json\/wp\/v2\/media\/20525"}],"wp:attachment":[{"href":"https:\/\/chrono-scope.ch\/de\/wp-json\/wp\/v2\/media?parent=20535"}],"wp:term":[{"taxonomy":"product_brand","embeddable":true,"href":"https:\/\/chrono-scope.ch\/de\/wp-json\/wp\/v2\/product_brand?post=20535"},{"taxonomy":"product_cat","embeddable":true,"href":"https:\/\/chrono-scope.ch\/de\/wp-json\/wp\/v2\/product_cat?post=20535"},{"taxonomy":"product_tag","embeddable":true,"href":"https:\/\/chrono-scope.ch\/de\/wp-json\/wp\/v2\/product_tag?post=20535"}],"curies":[{"name":"wp","href":"https:\/\/api.w.org\/{rel}","templated":true}]}}