{"id":20493,"date":"2024-11-14T17:36:21","date_gmt":"2024-11-14T17:36:21","guid":{"rendered":"https:\/\/nakyxozy.cyon.site\/product\/omega-speedmaster-reduziert-neuwertiges-tritium-zifferblatt-gewartet\/"},"modified":"2025-06-16T10:14:20","modified_gmt":"2025-06-16T10:14:20","slug":"omega-speedmaster-reduziert-neuwertiges-tritium-zifferblatt-gewartet","status":"publish","type":"product","link":"https:\/\/chrono-scope.ch\/de\/produkt\/omega-speedmaster-reduziert-neuwertiges-tritium-zifferblatt-gewartet\/","title":{"rendered":"SOLD &#8211; Omega Speedmaster Reduced, mint tritium dial, serviced"},"content":{"rendered":"<p style=\"text-align: left\"><strong>MODELL \/ REFERENZ:<\/strong> Omega Speedmaster reduziert . 3510.50.00. the serial Number 55\u2019440\u2019106 dates this Speedmaster to approx. 1995<\/p>\n<p style=\"text-align: left\"><strong>ZUSTANDSBERICHT_<\/strong> Bitte sehen Sie sich die hochaufl\u00f6senden Bilder an, um den Zustand des Zeitmessers zu beurteilen.<\/p>\n<p style=\"text-align: left\"><strong>ZIFFERN:<\/strong> Zifferblatt und Zeiger sind in absolut neuwertigem Zustand und haben die originale Tritium-Leuchtmasse erhalten, die zu einem sch\u00f6nen Braunton gealtert ist.<\/p>\n<p style=\"text-align: left\"><strong>GLAS:<\/strong> Omega signiertes Plexiglas ist in gutem Zustand mit leichten Oberfl\u00e4chenspuren<\/p>\n<p style=\"text-align: left\"><strong>L\u00dcNETTE:<\/strong> Die L\u00fcnette ist in sehr gutem Zustand mit fast keinen Gebrauchsspuren<\/p>\n<p style=\"text-align: left\"><strong>GEH\u00c4USE: <\/strong>Das Geh\u00e4use ist in sehr gutem Zustand mit leichten Gebrauchsspuren<\/p>\n<p style=\"text-align: left\"><strong>GEH\u00c4USEBODEN:<\/strong> Der Geh\u00e4useboden aus Edelstahl tr\u00e4gt das Seahorse-Logo und die Seriennummer.<\/p>\n<p style=\"text-align: left\"><strong>UHRWERK: <\/strong>Das Uhrwerk wurde gewartet, l\u00e4uft stabil und h\u00e4lt die Zeit gut ein.<br \/>\nDer Chronograph startet, stoppt und stellt sich korrekt auf Null zur\u00fcck.<\/p>\n<p style=\"text-align: left\"><strong>BAND<\/strong>: Original Omega-Edelstahlarmband Ref. 1469\/32 mit 811 Endgliedern. Das Armband ist in gutem Zustand mit geringen Gebrauchsspuren und nur leichter Dehnung. Es passt f\u00fcr ein Handgelenk von ca. 18,5 cm.<\/p>\n<p style=\"text-align: left\">Zifferblatt, Glas, Krone, Geh\u00e4use, Uhrwerk und Schlie\u00dfe signiert Omega.<\/p>\n<p style=\"text-align: left\"><strong>ZUBEH\u00d6R:<\/strong> Saffiano Leder Uhrenrolle.<\/p>\n<p style=\"text-align: left\"><strong>GARANTIE:<\/strong><br \/>\nWir garantieren die Echtheit der Uhr. Wir gew\u00e4hren au\u00dferdem 12 Monate Garantie auf die korrekte Funktion dieses Zeitmessers. Alle Garantien unterliegen den Allgemeinen Gesch\u00e4ftsbedingungen.<br \/>\nBitte z\u00f6gern Sie nicht, Fragen zu stellen, wir werden sie gerne beantworten. Virtuelle oder pers\u00f6nliche Besichtigung nur nach Vereinbarung.<\/p>\n","protected":false},"excerpt":{"rendered":"<p style=\"text-align: left\">Zum Verkauf steht eine sch\u00f6ne <strong>Omega Speedmaster reduziert<\/strong> mit Tritium-Zifferblatt in ausgezeichnetem gebrauchten Zustand. Das Uhrwerk wurde gewartet, alle Funktionen funktionieren einwandfrei, und die Uhr wird mit einer 12-monatigen Garantie geliefert.<\/p>\n","protected":false},"featured_media":20437,"template":"","meta":{"om_disable_all_campaigns":false,"_monsterinsights_skip_tracking":false,"_monsterinsights_sitenote_active":false,"_monsterinsights_sitenote_note":"","_monsterinsights_sitenote_category":0},"product_brand":[],"product_cat":[61,71],"product_tag":[],"class_list":{"0":"post-20493","1":"product","2":"type-product","3":"status-publish","4":"has-post-thumbnail","6":"product_cat-omega-de","7":"product_cat-verkaufte-uhren","9":"first","10":"instock","11":"taxable","12":"shipping-taxable","13":"purchasable","14":"product-type-simple"},"aioseo_notices":[],"_links":{"self":[{"href":"https:\/\/chrono-scope.ch\/de\/wp-json\/wp\/v2\/product\/20493","targetHints":{"allow":["GET"]}}],"collection":[{"href":"https:\/\/chrono-scope.ch\/de\/wp-json\/wp\/v2\/product"}],"about":[{"href":"https:\/\/chrono-scope.ch\/de\/wp-json\/wp\/v2\/types\/product"}],"version-history":[{"count":2,"href":"https:\/\/chrono-scope.ch\/de\/wp-json\/wp\/v2\/product\/20493\/revisions"}],"predecessor-version":[{"id":21540,"href":"https:\/\/chrono-scope.ch\/de\/wp-json\/wp\/v2\/product\/20493\/revisions\/21540"}],"wp:featuredmedia":[{"embeddable":true,"href":"https:\/\/chrono-scope.ch\/de\/wp-json\/wp\/v2\/media\/20437"}],"wp:attachment":[{"href":"https:\/\/chrono-scope.ch\/de\/wp-json\/wp\/v2\/media?parent=20493"}],"wp:term":[{"taxonomy":"product_brand","embeddable":true,"href":"https:\/\/chrono-scope.ch\/de\/wp-json\/wp\/v2\/product_brand?post=20493"},{"taxonomy":"product_cat","embeddable":true,"href":"https:\/\/chrono-scope.ch\/de\/wp-json\/wp\/v2\/product_cat?post=20493"},{"taxonomy":"product_tag","embeddable":true,"href":"https:\/\/chrono-scope.ch\/de\/wp-json\/wp\/v2\/product_tag?post=20493"}],"curies":[{"name":"wp","href":"https:\/\/api.w.org\/{rel}","templated":true}]}}