{"id":20281,"date":"2024-11-08T14:35:13","date_gmt":"2024-11-08T14:35:13","guid":{"rendered":"https:\/\/nakyxozy.cyon.site\/product\/hublot-big-bang-one-click-king-gold-diamonds-full-set-warranty\/"},"modified":"2024-11-08T14:35:13","modified_gmt":"2024-11-08T14:35:13","slug":"hublot-big-bang-one-click-king-gold-diamonds-full-set-warranty","status":"publish","type":"product","link":"https:\/\/chrono-scope.ch\/de\/produkt\/hublot-big-bang-one-click-king-gold-diamonds-full-set-warranty\/","title":{"rendered":"Hublot Big Bang One Click King Gold Diamonds, full set, warranty"},"content":{"rendered":"<p style=\"text-align: left\"><strong>REFERENCE:<\/strong> 465.OX.1180.RX.1204.<\/p>\n<p style=\"text-align: left\"><strong>ZIFFERN:<\/strong> Das mattschwarze Zifferblatt zeigt einen feinen Druck und ein Datumsfenster bei 3 Uhr. Die applizierten Stundenmarkierungen und arabischen Ziffern sind leuchtend, genau wie die polierten Stahlzeiger. <\/p>\n<p style=\"text-align: left\"><strong>GEH\u00c4USE:<\/strong> Das Geh\u00e4use aus Ros\u00e9gold (oder King-Gold) misst 38 mm im Durchmesser und zeigt einen sch\u00f6nen Wechsel zwischen satinierten und polierten Oberfl\u00e4chen. Bemerkenswert sind auch die seitlichen Eins\u00e4tze aus Verbundharz auf beiden Seiten.<br \/>\nDer Ausstellungsboden wird von sechs Titanschrauben gehalten, genau wie die polierte L\u00fcnette oben, die mit 42 Diamanten von insgesamt 1 Karat besetzt ist. <\/p>\n<p style=\"text-align: left\"><strong>KRONE:<\/strong> Signierte Krone aus Ros\u00e9gold.<\/p>\n<p style=\"text-align: left\"><strong>GLAS:<\/strong> Kratzfestes Saphirglas mit Antireflexionsbehandlung.<\/p>\n<p style=\"text-align: left\"><strong>BEWEGUNG:<\/strong> Das hauseigene Cal. HUB 1710 ist wundersch\u00f6n verarbeitet und besteht aus 185 Komponenten. Dieses automatische Uhrwerk bietet 50 Stunden Gangreserve und eine Datumsanzeige.  <\/p>\n<p style=\"text-align: left\"><strong>BAND:<\/strong> 4 verschiedene Armb\u00e4nder in Blau, Schwarz, Gr\u00fcn oder Rot, die mit einem Klick befestigt werden k\u00f6nnen. Sie k\u00f6nnen eine signierte Faltschlie\u00dfe mit Druckknopf aus Rotgold und schwarz beschichtetem Titan aufnehmen. <\/p>\n<p style=\"text-align: left\"><strong>ZUSTAND:<\/strong> Ausgezeichneter Zustand, minimale Gebrauchsspuren.<\/p>\n<p style=\"text-align: left\"><strong>LIEFERUMFANG:<\/strong> Vollst\u00e4ndiges Set mit der originalen Pr\u00e4sentationsbox und allen Dokumenten.<\/p>\n<p style=\"text-align: left\"><strong>GARANTIE:<\/strong> Wir garantieren die Echtheit der Uhr. Au\u00dferdem gew\u00e4hren wir eine 12-monatige Garantie auf die einwandfreie Funktion dieses Zeitmessers. F\u00fcr alle Garantien gelten die Allgemeinen Gesch\u00e4ftsbedingungen.<\/p>\n<p style=\"text-align: left\">Bitte z\u00f6gern Sie nicht, Fragen zu stellen, wir werden sie gerne beantworten. Eine virtuelle oder pers\u00f6nliche Besichtigung ist nach Vereinbarung m\u00f6glich.<\/p>\n","protected":false},"excerpt":{"rendered":"<p style=\"text-align: left\">Zum Verkauf steht eine <strong>Hublot Big Bang One Click Gold Diamonds<\/strong> in ausgezeichnetem gebrauchten Zustand. Sie wurde 2018 von einem autorisierten H\u00e4ndler verkauft und stammt vom Erstbesitzer als komplettes Set mit 12 Monaten Garantie.<br \/>\nBitte lesen Sie den Zustandsbericht sorgf\u00e4ltig durch, damit Sie den Gesamtzustand der Uhr besser beurteilen k\u00f6nnen. <\/p>\n","protected":false},"featured_media":20269,"template":"","meta":{"om_disable_all_campaigns":false,"_monsterinsights_skip_tracking":false,"_monsterinsights_sitenote_active":false,"_monsterinsights_sitenote_note":"","_monsterinsights_sitenote_category":0},"product_brand":[],"product_cat":[71],"product_tag":[],"class_list":{"0":"post-20281","1":"product","2":"type-product","3":"status-publish","4":"has-post-thumbnail","6":"product_cat-verkaufte-uhren","8":"first","9":"instock","10":"taxable","11":"shipping-taxable","12":"purchasable","13":"product-type-simple"},"aioseo_notices":[],"_links":{"self":[{"href":"https:\/\/chrono-scope.ch\/de\/wp-json\/wp\/v2\/product\/20281","targetHints":{"allow":["GET"]}}],"collection":[{"href":"https:\/\/chrono-scope.ch\/de\/wp-json\/wp\/v2\/product"}],"about":[{"href":"https:\/\/chrono-scope.ch\/de\/wp-json\/wp\/v2\/types\/product"}],"version-history":[{"count":0,"href":"https:\/\/chrono-scope.ch\/de\/wp-json\/wp\/v2\/product\/20281\/revisions"}],"wp:featuredmedia":[{"embeddable":true,"href":"https:\/\/chrono-scope.ch\/de\/wp-json\/wp\/v2\/media\/20269"}],"wp:attachment":[{"href":"https:\/\/chrono-scope.ch\/de\/wp-json\/wp\/v2\/media?parent=20281"}],"wp:term":[{"taxonomy":"product_brand","embeddable":true,"href":"https:\/\/chrono-scope.ch\/de\/wp-json\/wp\/v2\/product_brand?post=20281"},{"taxonomy":"product_cat","embeddable":true,"href":"https:\/\/chrono-scope.ch\/de\/wp-json\/wp\/v2\/product_cat?post=20281"},{"taxonomy":"product_tag","embeddable":true,"href":"https:\/\/chrono-scope.ch\/de\/wp-json\/wp\/v2\/product_tag?post=20281"}],"curies":[{"name":"wp","href":"https:\/\/api.w.org\/{rel}","templated":true}]}}