{"id":20183,"date":"2024-11-08T12:31:34","date_gmt":"2024-11-08T12:31:34","guid":{"rendered":"https:\/\/nakyxozy.cyon.site\/product\/panerai-mare-nostrum-pam00716-full-set-warranty\/"},"modified":"2025-06-10T08:55:24","modified_gmt":"2025-06-10T08:55:24","slug":"panerai-mare-nostrum-pam00716-full-set-warranty","status":"publish","type":"product","link":"https:\/\/chrono-scope.ch\/de\/produkt\/panerai-mare-nostrum-pam00716-full-set-warranty\/","title":{"rendered":"SOLD &#8211; Zenith S.58 MK IVa Vintage Dive Watch Bakelite Bezel"},"content":{"rendered":"<p style=\"text-align: left\"><strong>MODELL \/ REFERENZ:<\/strong> Zenith S.58 Taucheruhr. Es handelt sich um eine MK IVa-Version, da sie das Kaliber 2532PC enth\u00e4lt, das sp\u00e4ter in der MK IVb-Version durch das Kaliber 2542PC ersetzt wurde.<\/p>\n<p style=\"text-align: left\"><strong>ZIFFERN+ ZEIGER:<\/strong> Das originale mattschwarze Zifferblatt ist sauber, beh\u00e4lt ein einfaches Layout, mit dem applizierten Zenith-Stern und dem eingerahmten Datumsfenster bei 3 Uhr. Der Druck ist scharf und vollst\u00e4ndig.<br \/>\nDie erhabenen geometrischen Indexe aus Silber, die mit Luminiszenzeinlagen versehen sind, haben ihre Radiumf\u00fcllung verloren, ebenso wie die arabischen Ziffern bei den Viertelstunden.<br \/>\nDer originale Zeiger hingegen zeigt feine und intakte Radiumeinlagen.<\/p>\n<p style=\"text-align: left\"><strong>GLAS:<\/strong> Das Plexiglasglas ist in sehr gutem Zustand mit einigen sp\u00e4rlichen Kratzern, die wegpoliert werden k\u00f6nnen.<\/p>\n<p style=\"text-align: left\"><strong>GEH\u00c4USE:<\/strong> Das zweiteilige Edelstahlgeh\u00e4use tr\u00e4gt sich dank seines Durchmessers von 38 mm (ohne Krone) und seiner Dicke von 11,5 mm sehr angenehm.<br \/>\nEs scheint unpoliert zu sein, da es sein urspr\u00fcngliches Profil mit dicken und gleichm\u00e4\u00dfigen Bandanst\u00f6\u00dfen beibeh\u00e4lt. Das Geh\u00e4use weist normale Gebrauchsspuren auf, die dem Alter und dem Gebrauch einer Werkzeuguhr entsprechen.<br \/>\nDie bidirektionale L\u00fcnette ist mit gut platzierten Rillen versehen, die die Handhabung erleichtern. Der schwarze Bakelit-Einsatz hat ein paar Druckstellen und einen kleinen Riss bei 12, was f\u00fcr sein Alter ganz normal ist.<\/p>\n<p style=\"text-align: left\"><strong>GEH\u00c4USEBODEN:<\/strong> Der verschraubte Edelstahlboden weist starke Kratzer auf, haupts\u00e4chlich an den Kanten und in der Mitte des zw\u00f6lfeckigen Teils. Der Schriftzug S.58 ist immer noch sehr gut zu erkennen, was darauf hindeutet, dass er zuvor nur minimal oder gar nicht poliert wurde.<br \/>\nDie Innenseite ist sauber und mit einer Perlierung versehen. Sie ist mit den korrekten Stempeln f\u00fcr dieses Modell und diesen Zeitraum versehen.<\/p>\n<p style=\"text-align: left\"><strong>UHRWERK:<\/strong> Das hauseigene Kaliber 2532PC ist ein \u00e4u\u00dferst zuverl\u00e4ssiges Automatikwerk mit Datumsfunktion.<br \/>\nEs wurde k\u00fcrzlich auf seine Leistungsf\u00e4higkeit hin \u00fcberpr\u00fcft, zieht sich gleichm\u00e4\u00dfig auf, l\u00e4uft stabil und h\u00e4lt die Zeit gut ein.<\/p>\n<p style=\"text-align: left\"><strong>KRONE:<\/strong> Die unsignierte Krone funktioniert perfekt.<\/p>\n<p style=\"text-align: left\"><strong>BAND:<\/strong> Ma\u00dfgefertigtes 19mm Lederarmband von Torres mit einer signierten Dornschlie\u00dfe aus Edelstahl.<\/p>\n<p style=\"text-align: left\"><strong>ZUBEH\u00d6R:<\/strong> Saffiano Leder Uhrenrolle.<\/p>\n<p style=\"text-align: left\"><strong>GARANTIE:<\/strong> Wir garantieren die Echtheit der Uhr. Au\u00dferdem gew\u00e4hren wir eine 12-monatige Garantie auf die einwandfreie Funktion dieses Zeitmessers. F\u00fcr alle Garantien gelten die Allgemeinen Gesch\u00e4ftsbedingungen.<\/p>\n<p style=\"text-align: left\">Bitte z\u00f6gern Sie nicht, Fragen zu stellen, wir werden sie gerne beantworten. Eine virtuelle oder pers\u00f6nliche Besichtigung ist nach Vereinbarung m\u00f6glich.<\/p>\n","protected":false},"excerpt":{"rendered":"<p style=\"text-align: left\">Die <strong>Zenith S.58<\/strong> Taucheruhr ist bei Sammlern seit langem beliebt, und diese Referenz beeindruckt immer wieder aufs Neue, denn sie verk\u00f6rpert wahrhaftig die goldene \u00c4ra der Taucheruhren der sp\u00e4ten 1950er und 1960er Jahre.<br \/>\nDas vorliegende Exemplar ist vielleicht eine der komfortabelsten Sportuhren, die den Namen der Marke tragen. Mit ihrer \u00e4sthetisch ansprechenden Taucherl\u00fcnette wurde sie als perfekte sportliche, aber dennoch zur\u00fcckhaltende Wahl f\u00fcr den Taucheruhr-Enthusiasten gebaut, was sie zu einem perfekten Alltagsbegleiter macht.<\/p>\n<p style=\"text-align: left\">Bitte lesen Sie den Zustandsbericht sorgf\u00e4ltig durch und betrachten Sie die hochaufl\u00f6senden Bilder, um den Gesamtzustand der Uhr zu beurteilen.<\/p>\n","protected":false},"featured_media":20170,"template":"","meta":{"om_disable_all_campaigns":false,"_monsterinsights_skip_tracking":false,"_monsterinsights_sitenote_active":false,"_monsterinsights_sitenote_note":"","_monsterinsights_sitenote_category":0},"product_brand":[],"product_cat":[71,74,72],"product_tag":[],"class_list":{"0":"post-20183","1":"product","2":"type-product","3":"status-publish","4":"has-post-thumbnail","6":"product_cat-verkaufte-uhren","7":"product_cat-vintage-de","8":"product_cat-zenith-de","10":"first","11":"instock","12":"taxable","13":"shipping-taxable","14":"purchasable","15":"product-type-simple"},"aioseo_notices":[],"_links":{"self":[{"href":"https:\/\/chrono-scope.ch\/de\/wp-json\/wp\/v2\/product\/20183","targetHints":{"allow":["GET"]}}],"collection":[{"href":"https:\/\/chrono-scope.ch\/de\/wp-json\/wp\/v2\/product"}],"about":[{"href":"https:\/\/chrono-scope.ch\/de\/wp-json\/wp\/v2\/types\/product"}],"version-history":[{"count":3,"href":"https:\/\/chrono-scope.ch\/de\/wp-json\/wp\/v2\/product\/20183\/revisions"}],"predecessor-version":[{"id":26637,"href":"https:\/\/chrono-scope.ch\/de\/wp-json\/wp\/v2\/product\/20183\/revisions\/26637"}],"wp:featuredmedia":[{"embeddable":true,"href":"https:\/\/chrono-scope.ch\/de\/wp-json\/wp\/v2\/media\/20170"}],"wp:attachment":[{"href":"https:\/\/chrono-scope.ch\/de\/wp-json\/wp\/v2\/media?parent=20183"}],"wp:term":[{"taxonomy":"product_brand","embeddable":true,"href":"https:\/\/chrono-scope.ch\/de\/wp-json\/wp\/v2\/product_brand?post=20183"},{"taxonomy":"product_cat","embeddable":true,"href":"https:\/\/chrono-scope.ch\/de\/wp-json\/wp\/v2\/product_cat?post=20183"},{"taxonomy":"product_tag","embeddable":true,"href":"https:\/\/chrono-scope.ch\/de\/wp-json\/wp\/v2\/product_tag?post=20183"}],"curies":[{"name":"wp","href":"https:\/\/api.w.org\/{rel}","templated":true}]}}