{"id":19517,"date":"2024-10-11T14:20:18","date_gmt":"2024-10-11T14:20:18","guid":{"rendered":"https:\/\/nakyxozy.cyon.site\/product\/lemania-vintage-bullhead-chronograph-ref-9601-gewartet\/"},"modified":"2025-09-24T08:42:31","modified_gmt":"2025-09-24T08:42:31","slug":"lemania-vintage-bullhead-chronograph-ref-9601-gewartet","status":"publish","type":"product","link":"https:\/\/chrono-scope.ch\/de\/produkt\/lemania-vintage-bullhead-chronograph-ref-9601-gewartet\/","title":{"rendered":"SOLD &#8211; Lemania Vintage Bullhead Chronograph Ref. 9601, serviced"},"content":{"rendered":"<p style=\"text-align: left\"><strong>MODELL \/ REFERENZ:<\/strong> Lemania Bullhead Chronograph Referenz 9601. Die Seriennummer lautet 3055787.<\/p>\n<p style=\"text-align: left\"><strong>ZIFFERN+ ZEIGER<\/strong>: Das mattschwarze und silberne Zifferblatt ist absolut pr\u00e4chtig mit kr\u00e4ftigen, leuchtenden Farben, minimalen Flecken und drei kleinen Sch\u00f6nheitsfehlern.<br \/>\nVon der bunten Hilfsanzeige bei 12 Uhr bis zur grauen Tachymeterskala am Rand ist der Aufdruck scharf und vollst\u00e4ndig.<br \/>\nDie aufgemalten Tritiummarkierungen sind vollst\u00e4ndig intakt und haben eine etwas dunklere Patina angenommen.<br \/>\nAbgesehen von dem leuchtend orangefarbenen zentralen Sekundenzeiger ist der Zeiger korrekt und in sch\u00f6nem Vintage-Zustand mit intakten Lume-Inlays, die farblich zu den Stundenindizes passen.<\/p>\n<p style=\"text-align: left\"><strong>GEH\u00c4USE:<\/strong> Das Edelstahlgeh\u00e4use hat ein einzigartiges trapezf\u00f6rmiges Profil, das in einem Winkel von 45 Grad geneigt ist. Die Ma\u00dfe sind 38 mm im Durchmesser und 41 mm von Ansatz zu Ansatz.<br \/>\nDas Geh\u00e4use ist in einem mittelm\u00e4\u00dfigen Vintage-Zustand, mit Gebrauchsspuren vor allem auf der rechten Seite, entsprechend dem Alter und der Abnutzung der Uhr.<\/p>\n<p style=\"text-align: left\"><strong>GEH\u00c4USEBODEN:<\/strong> Der einstufige, verschraubte Geh\u00e4useboden besteht aus Edelstahl und ist insgesamt in einem guten \u00e4sthetischen Zustand, mit einigen feinen Kratzern auf der geb\u00fcrsteten Oberfl\u00e4che und dem polierten Flansch.<br \/>\nDie Innenseite ist sauber und tr\u00e4gt den Referenznummernstempel des Geh\u00e4uses.<\/p>\n<p style=\"text-align: left\"><strong>GLAS:<\/strong> Das gew\u00f6lbte Plexiglas weist nur wenige Haarkratzer auf.<\/p>\n<p style=\"text-align: left\"><strong>KRONEN+DR\u00dcCKER:<\/strong> Die Krone ist korrekt, obwohl sie unsigniert ist. Sie zieht die Uhr auf und stellt die Zeit einwandfrei ein.<br \/>\nDie Pumpendr\u00fccker scheinen zur Uhr zu passen. Sie starten und stoppen die Chronographenfunktionen ohne Probleme und stellen sich perfekt auf Null zur\u00fcck. Sie befinden sich alle auf 12 Uhr, daher der Spitzname &#8222;Bullhead&#8220;.<\/p>\n<p style=\"text-align: left\"><strong>UHRWERK:<\/strong> Das hauseigene Kaliber Lemania 1872 mit Handaufzug, das diesen Chronographen antreibt, verf\u00fcgt \u00fcber eine Bicompax-Anzeige mit einer konstanten laufenden Sekunde bei 6 Uhr und einer 30-Minuten-Anzeige bei 12 Uhr.<br \/>\nDas signierte Uhrwerk wurde professionell gewartet. Sie l\u00e4uft einwandfrei und h\u00e4lt die Zeit gut ein. Sie zieht auf, stellt ein und alle Chronographenfunktionen funktionieren perfekt.<\/p>\n<p style=\"text-align: left\"><strong>BAND<\/strong>: Diese Uhr wird mit einem ma\u00dfgefertigten, in Italien hergestellten schwarzen Lederarmband mit orangefarbenen N\u00e4hten und einer unsignierten Dornschlie\u00dfe aus Stahl geliefert.<\/p>\n<p style=\"text-align: left\"><strong>ZUBEH\u00d6R<\/strong>: Saffiano Leder Uhrenrolle.<\/p>\n<p style=\"text-align: left\"><strong>GARANTIE:<\/strong> Wir garantieren die Echtheit der Uhr. Wir gew\u00e4hren au\u00dferdem 12 Monate Garantie auf die korrekte Funktion dieses Zeitmessers. Alle Garantien unterliegen den Allgemeinen Gesch\u00e4ftsbedingungen.<br \/>\nBitte z\u00f6gern Sie nicht, Fragen zu stellen, wir werden sie gerne beantworten. Eine pers\u00f6nliche oder virtuelle Besichtigung ist nach Vereinbarung m\u00f6glich.<\/p>\n","protected":false},"excerpt":{"rendered":"<p style=\"text-align: left\">Zum Verkauf steht ein extravaganter und ungew\u00f6hnlicher <strong>Stierkopf-Chronograph<\/strong>, der den Namen <strong>Lemania<\/strong> tr\u00e4gt&#8230; Eine Marke, die zu den f\u00fchrenden Chronographenherstellern des 20. Jahrhunderts geh\u00f6rt.<br \/>\nDies ist vielleicht eines der besten Beispiele f\u00fcr einen typischen Chronographen der 1970er Jahre, das sich ein Sammler w\u00fcnschen kann. Er befindet sich nicht nur in einem sch\u00f6nen Vintage-Zustand, sondern hebt sich auch durch sein eigent\u00fcmliches Geh\u00e4usedesign, sein leistungsstarkes Chronographenwerk und sein ausgefallenes Zifferblatt deutlich von seinen zeitgen\u00f6ssischen Br\u00fcdern ab.<\/p>\n<p style=\"text-align: left\">Bitte lesen Sie den Zustandsbericht sorgf\u00e4ltig durch und betrachten Sie die hochaufl\u00f6senden Bilder, um den Gesamtzustand der Uhr zu beurteilen.<\/p>\n","protected":false},"featured_media":19512,"template":"","meta":{"om_disable_all_campaigns":false,"_monsterinsights_skip_tracking":false,"_monsterinsights_sitenote_active":false,"_monsterinsights_sitenote_note":"","_monsterinsights_sitenote_category":0},"product_brand":[],"product_cat":[67,71,74],"product_tag":[],"class_list":{"0":"post-19517","1":"product","2":"type-product","3":"status-publish","4":"has-post-thumbnail","6":"product_cat-lemania-lemania-movements","7":"product_cat-verkaufte-uhren","8":"product_cat-vintage-de","10":"first","11":"instock","12":"taxable","13":"shipping-taxable","14":"purchasable","15":"product-type-simple"},"aioseo_notices":[],"_links":{"self":[{"href":"https:\/\/chrono-scope.ch\/de\/wp-json\/wp\/v2\/product\/19517","targetHints":{"allow":["GET"]}}],"collection":[{"href":"https:\/\/chrono-scope.ch\/de\/wp-json\/wp\/v2\/product"}],"about":[{"href":"https:\/\/chrono-scope.ch\/de\/wp-json\/wp\/v2\/types\/product"}],"version-history":[{"count":3,"href":"https:\/\/chrono-scope.ch\/de\/wp-json\/wp\/v2\/product\/19517\/revisions"}],"predecessor-version":[{"id":29891,"href":"https:\/\/chrono-scope.ch\/de\/wp-json\/wp\/v2\/product\/19517\/revisions\/29891"}],"wp:featuredmedia":[{"embeddable":true,"href":"https:\/\/chrono-scope.ch\/de\/wp-json\/wp\/v2\/media\/19512"}],"wp:attachment":[{"href":"https:\/\/chrono-scope.ch\/de\/wp-json\/wp\/v2\/media?parent=19517"}],"wp:term":[{"taxonomy":"product_brand","embeddable":true,"href":"https:\/\/chrono-scope.ch\/de\/wp-json\/wp\/v2\/product_brand?post=19517"},{"taxonomy":"product_cat","embeddable":true,"href":"https:\/\/chrono-scope.ch\/de\/wp-json\/wp\/v2\/product_cat?post=19517"},{"taxonomy":"product_tag","embeddable":true,"href":"https:\/\/chrono-scope.ch\/de\/wp-json\/wp\/v2\/product_tag?post=19517"}],"curies":[{"name":"wp","href":"https:\/\/api.w.org\/{rel}","templated":true}]}}