{"id":19450,"date":"2024-10-11T10:22:38","date_gmt":"2024-10-11T10:22:38","guid":{"rendered":"https:\/\/nakyxozy.cyon.site\/product\/excelsior-park-vintage-chronograph-mit-multiskalenzifferblatt-kal-ep4-gewartet\/"},"modified":"2026-03-23T12:53:43","modified_gmt":"2026-03-23T12:53:43","slug":"excelsior-park-vintage-chronograph-mit-multiskalenzifferblatt-kal-ep4-gewartet","status":"publish","type":"product","link":"https:\/\/chrono-scope.ch\/de\/produkt\/excelsior-park-vintage-chronograph-mit-multiskalenzifferblatt-kal-ep4-gewartet\/","title":{"rendered":"SOLD &#8211; Excelsior Park Vintage multiscale dial Chronograph Cal. EP4"},"content":{"rendered":"<p style=\"text-align: left\"><strong>MODELL \/ REFERENZ:<\/strong> Excelsior Park Multiscale Chronograph. Die Seriennummer des Geh\u00e4uses ist 814327.<\/p>\n<p style=\"text-align: left\"><strong>ZIFFERN+ZEIGER:<\/strong> Das wei\u00dfe Zifferblatt ist mit zwei Chronographenregistern ausgestattet, die eine konstante laufende Sekunde bei neun Uhr und einen 45-Minuten-Z\u00e4hler bei 3 Uhr anzeigen.<br \/>\nObwohl das Zifferblatt sehr kleine Flecken aufweist, ist es unglaublich intakt und weist keine nennenswerten Sch\u00e4den auf.<br \/>\nDer ph\u00e4nomenal erhaltene Druck ist original. Von der Schneckentachymeterskala in der Mitte bis zur unglaublichen Telemeterskala, die den Rand des Zifferblatts umgibt.<br \/>\nDie arabischen Leuchtziffern sind intakt.<br \/>\nDie Spritzenzeiger scheinen korrekt zu sein, mit intakten Einlagen, die zur Farbe der Stundenmarkierungen passen. Die Zeiger wurden professionell neu aufgelegt.<\/p>\n<p style=\"text-align: left\"><strong>GLAS:<\/strong>sichtbaren Spuren oder Kratzer auf.<\/p>\n<p style=\"text-align: left\"><strong>UHRWERK:<\/strong> Das hauseigene EP4-Kaliber mit Handaufzug verf\u00fcgt \u00fcber eine Chronographenanzeige mit zwei Kn\u00f6pfen und zwei Registern.<br \/>\nSie ist sauber und wurde gerade gewartet. Es h\u00e4lt die Zeit gut und alle Funktionen funktionieren wie erwartet.<\/p>\n<p style=\"text-align: left\"><strong>GEH\u00c4USE:<\/strong> Das zweischalige Edelstahlgeh\u00e4use mit einem Durchmesser von 35 mm bleibt seinem Wesen treu. (ohne Krone)<br \/>\nEs ist in Anbetracht seines Alters immer noch in einem sch\u00f6nen Zustand. Es hat eine starke Profilierung und zeigt leichte Anzeichen einer fr\u00fcheren Politur. Die R\u00fcckseite der Bandanst\u00f6\u00dfe weist einige Abnutzungserscheinungen auf, wie sie bei Vintage-Uhren dieser \u00c4ra \u00fcblich sind.<\/p>\n<p style=\"text-align: left\"><strong>GEH\u00c4USEBODEN:<\/strong> Der abgestufte, bajonettartige Geh\u00e4useboden ist in einem guten Gesamtzustand, mit kleinen Oberfl\u00e4chenabdr\u00fccken auf dem Originallack.<br \/>\nDie Innenseite ist mit einer Perlierung versehen und weist korrekte und scharfe Stempel auf.<\/p>\n<p style=\"text-align: left\"><strong>KRONE + DR\u00dcCKER:<\/strong> Die Aufzugskrone ist original, obwohl sie nicht signiert ist. Sie ist in gutem Zustand und funktioniert einwandfrei, vom Aufziehen bis zur Zeiteinstellung.<br \/>\nDie Pump-Chronographendr\u00fccker funktionieren einwandfrei. Sie starten, stoppen und setzen das Chronographenmodul exakt um 12 Uhr zur\u00fcck.<\/p>\n<p style=\"text-align: left\"><strong>BAND:<\/strong> Raffiniertes, hellbraunes Velourslederarmband mit Schnellverschluss und einer unsignierten Dornschlie\u00dfe aus Edelstahl.<\/p>\n<p style=\"text-align: left\"><strong>ZUBEH\u00d6R<\/strong>: Saffiano Leder Uhrenrolle.<\/p>\n<p style=\"text-align: left\"><strong>GARANTIE:<\/strong> Wir garantieren die Echtheit der Uhr. Wir gew\u00e4hren au\u00dferdem 12 Monate Garantie auf die korrekte Funktion dieses Zeitmessers. Alle Garantien unterliegen den Allgemeinen Gesch\u00e4ftsbedingungen.<br \/>\nBitte z\u00f6gern Sie nicht, Fragen zu stellen, wir werden sie gerne beantworten. Eine pers\u00f6nliche oder virtuelle Besichtigung ist nach Vereinbarung m\u00f6glich.<\/p>\n","protected":false},"excerpt":{"rendered":"<p style=\"text-align: left\">Zum Verkauf steht ein Chronograph aus der Mitte des Jahrhunderts, der Ihnen von <strong>Excelsior Park<\/strong> zur Verf\u00fcgung gestellt wird, um das Engagement der Manufaktur f\u00fcr Langlebigkeit und Qualit\u00e4t zu demonstrieren.<br \/>\nDieses schwer fassbare und auff\u00e4llige Exemplar hat den Test der Zeit bestanden, um uns seine Geschichte zu erz\u00e4hlen, die durch eine robuste Bauqualit\u00e4t, ein sch\u00f6nes Zifferblatt und ein technisch hervorragendes Chronographenwerk demonstriert wird.<br \/>\nBitte lesen Sie den Zustandsbericht sorgf\u00e4ltig durch, um den Gesamtzustand der Uhr zu beurteilen.<\/p>\n","protected":false},"featured_media":32875,"template":"","meta":{"om_disable_all_campaigns":false,"_monsterinsights_skip_tracking":false,"_monsterinsights_sitenote_active":false,"_monsterinsights_sitenote_note":"","_monsterinsights_sitenote_category":0},"product_brand":[],"product_cat":[71,74],"product_tag":[],"class_list":{"0":"post-19450","1":"product","2":"type-product","3":"status-publish","4":"has-post-thumbnail","6":"product_cat-verkaufte-uhren","7":"product_cat-vintage-de","9":"first","10":"instock","11":"taxable","12":"shipping-taxable","13":"purchasable","14":"product-type-simple"},"aioseo_notices":[],"_links":{"self":[{"href":"https:\/\/chrono-scope.ch\/de\/wp-json\/wp\/v2\/product\/19450","targetHints":{"allow":["GET"]}}],"collection":[{"href":"https:\/\/chrono-scope.ch\/de\/wp-json\/wp\/v2\/product"}],"about":[{"href":"https:\/\/chrono-scope.ch\/de\/wp-json\/wp\/v2\/types\/product"}],"version-history":[{"count":2,"href":"https:\/\/chrono-scope.ch\/de\/wp-json\/wp\/v2\/product\/19450\/revisions"}],"predecessor-version":[{"id":37849,"href":"https:\/\/chrono-scope.ch\/de\/wp-json\/wp\/v2\/product\/19450\/revisions\/37849"}],"wp:featuredmedia":[{"embeddable":true,"href":"https:\/\/chrono-scope.ch\/de\/wp-json\/wp\/v2\/media\/32875"}],"wp:attachment":[{"href":"https:\/\/chrono-scope.ch\/de\/wp-json\/wp\/v2\/media?parent=19450"}],"wp:term":[{"taxonomy":"product_brand","embeddable":true,"href":"https:\/\/chrono-scope.ch\/de\/wp-json\/wp\/v2\/product_brand?post=19450"},{"taxonomy":"product_cat","embeddable":true,"href":"https:\/\/chrono-scope.ch\/de\/wp-json\/wp\/v2\/product_cat?post=19450"},{"taxonomy":"product_tag","embeddable":true,"href":"https:\/\/chrono-scope.ch\/de\/wp-json\/wp\/v2\/product_tag?post=19450"}],"curies":[{"name":"wp","href":"https:\/\/api.w.org\/{rel}","templated":true}]}}