{"id":18878,"date":"2024-09-10T10:49:05","date_gmt":"2024-09-10T10:49:05","guid":{"rendered":"https:\/\/nakyxozy.cyon.site\/product\/omega_omega_vintage_centenary_dress_watchchronoscope_collector_watches\/"},"modified":"2024-12-18T10:43:27","modified_gmt":"2024-12-18T10:43:27","slug":"omega_omega_vintage_centenary_dress_watchchronoscope_collector_watches","status":"publish","type":"product","link":"https:\/\/chrono-scope.ch\/de\/produkt\/omega_omega_vintage_centenary_dress_watchchronoscope_collector_watches\/","title":{"rendered":"SOLD &#8211; Omega Vintage \u201cCentenary\u201d Dress Watch Reference OT 2500 \u2013 18k gold"},"content":{"rendered":"<p style=\"text-align: left\"><strong>MODELL \/ REFERENZ:<\/strong> Omega Centenary Dress Watch Referenz OT 2500 in 18k Gelbgold. Die Seriennummer 10 Millionen datiert die Produktion des Uhrwerks auf ca. 1946, aber dieses Modell wurde 1948 auf den Markt gebracht und scheint ein altes Uhrwerk zu verwenden, was keine Anomalie ist.<\/p>\n<p style=\"text-align: left\"><strong>ZIFFERN+ZEIGER:<\/strong> Das goldene Zifferblatt ist durch die Minutenanzeige geschickt in ein mattes Zentrum und einen kreisf\u00f6rmigen, geb\u00fcrsteten Rand unterteilt. Der schwarze Aufdruck ist tadellos und vollst\u00e4ndig. Die Oberfl\u00e4che begann zu altern und zeigt dunklere &#8222;Adern&#8220;, n\u00e4mlich im Inneren und um die kleine Sekundenanzeige bei 6 Uhr. Die applizierten arabischen Ziffern und geometrischen Indizes sind intakt und haben im Laufe der Zeit etwas Patina entwickelt. Die eleganten Dauphine-Zeiger haben ihre Originalit\u00e4t bewahrt, weisen aber einige Gebrauchsspuren und Kratzer auf.<\/p>\n<p style=\"text-align: left\"><strong>GLAS:<\/strong> Das Plexiglas ist nicht mit der Omega-Gravur versehen, scheint aber die richtige Form zu haben. Es ist gr\u00f6\u00dftenteils sauber, abgesehen von einigen Oberfl\u00e4chenflecken, die wegpoliert werden k\u00f6nnen.<\/p>\n<p style=\"text-align: left\"><strong>GEH\u00c4USE:<\/strong> Das 35,5 mm gro\u00dfe Geh\u00e4use aus Gelbgold liegt dank seiner verl\u00e4ngerten, nach unten gerichteten Bandanst\u00f6\u00dfe gut am Handgelenk an.<br \/>\nDas Geh\u00e4use ist durchg\u00e4ngig kr\u00e4ftig geformt, bis hin zu der klaren Punzierung auf der R\u00fcckseite der oberen linken Bandansto\u00dffl\u00e4che.<br \/>\nDie zuvor polierte Oberfl\u00e4che weist einige kleine Kratzer auf, die dem Alter und der Abnutzung angemessen sind.<\/p>\n<p style=\"text-align: left\"><strong>GEH\u00c4USEBODEN:<\/strong> Die einrastbare R\u00fcckseite aus Gelbgold ist in gutem Vintage-Zustand, mit sichtbaren Kratzern auf einer hochglanzpolierten Oberfl\u00e4che. Die Innenseite ist h\u00fcbsch verziert und mit der korrekten Nomenklatur f\u00fcr die damalige Zeit versehen. Der Genfer Schl\u00fcssel tr\u00e4gt die Nummer 4, die auf den Uhrmachermeister &#8222;Antoine Gerlach SA&#8220; hinweist.<\/p>\n<p style=\"text-align: left\"><strong>KRONE:<\/strong> Die geriffelte Krone ist in der Mitte mit einem klar definierten Omega-Logo versehen. Es ist ein sp\u00e4terer Ersatz, aber er funktioniert tadellos, vom Aufziehen bis zur Zeiteinstellung.<\/p>\n<p style=\"text-align: left\"><strong>BEWEGUNG:<\/strong> Das hauseigene Kal. 30,10 JUB ist ein Chronometer-zertifiziertes Sto\u00dfstangen-Automatikwerk, das mit 17 Steinen ausgestattet ist.<br \/>\nEs ist nummeriert und sein mechanischer Zustand wurde \u00fcberpr\u00fcft, so dass es sich reibungslos aufziehen l\u00e4sst und die Zeit genau h\u00e4lt.<\/p>\n<p style=\"text-align: left\"><strong>ARMBAND:<\/strong> 18mm schwarzes Lederarmband mit einer signierten, vergoldeten Dornschlie\u00dfe.<\/p>\n<p style=\"text-align: left\"><strong>ZUBEH\u00d6R:<\/strong> Saffiano Leder Uhrenrolle.<\/p>\n<p style=\"text-align: left\"><strong>GARANTIE:<\/strong> Wir garantieren die Echtheit der Uhr. Wir gew\u00e4hren au\u00dferdem 12 Monate Garantie auf die korrekte Funktion dieses Zeitmessers. F\u00fcr alle Garantien gelten die Allgemeinen Gesch\u00e4ftsbedingungen. Bitte z\u00f6gern Sie nicht, Fragen zu stellen, wir werden sie gerne beantworten. Eine pers\u00f6nliche oder virtuelle Besichtigung ist nach Vereinbarung m\u00f6glich.<\/p>\n","protected":false},"excerpt":{"rendered":"<p style=\"text-align: left\"><strong>18k Omega &#8222;Centenary&#8220; Dress Watch Reference OT 2500<\/strong> Wir pr\u00e4sentieren Ihnen eine Uhr, die nur auf Zeit erh\u00e4ltlich ist. Sie strahlt pure Klasse aus, ist in massives Gelbgold gekleidet und zuf\u00e4llig der erste chronometerzertifizierte Automatikzeitmesser, den Omega anl\u00e4sslich seines 100-j\u00e4hrigen Bestehens produziert hat &#8211; daher der Spitzname.<br \/>\nDie Centenary, die 1948 zusammen mit der Seamaster-Linie auf den Markt kam, ebnete den Weg f\u00fcr die Entwicklung eines Nachfolgemodells, das f\u00fcr die Massenproduktion bestimmt war und sich schlie\u00dflich zu einer unverwechselbaren Kollektion entwickelte, die als Synonym f\u00fcr exzellente Qualit\u00e4t und pr\u00e4zise Zeitmessung steht: Die Constellation. Bitte lesen Sie den Zustandsbericht sorgf\u00e4ltig durch und betrachten Sie die hochaufl\u00f6senden Bilder, um den Gesamtzustand der Uhr zu beurteilen.<\/p>\n","protected":false},"featured_media":18874,"template":"","meta":{"om_disable_all_campaigns":false,"_monsterinsights_skip_tracking":false,"_monsterinsights_sitenote_active":false,"_monsterinsights_sitenote_note":"","_monsterinsights_sitenote_category":0},"product_brand":[],"product_cat":[71],"product_tag":[],"class_list":{"0":"post-18878","1":"product","2":"type-product","3":"status-publish","4":"has-post-thumbnail","6":"product_cat-verkaufte-uhren","8":"first","9":"instock","10":"taxable","11":"shipping-taxable","12":"purchasable","13":"product-type-simple"},"aioseo_notices":[],"_links":{"self":[{"href":"https:\/\/chrono-scope.ch\/de\/wp-json\/wp\/v2\/product\/18878","targetHints":{"allow":["GET"]}}],"collection":[{"href":"https:\/\/chrono-scope.ch\/de\/wp-json\/wp\/v2\/product"}],"about":[{"href":"https:\/\/chrono-scope.ch\/de\/wp-json\/wp\/v2\/types\/product"}],"version-history":[{"count":3,"href":"https:\/\/chrono-scope.ch\/de\/wp-json\/wp\/v2\/product\/18878\/revisions"}],"predecessor-version":[{"id":21547,"href":"https:\/\/chrono-scope.ch\/de\/wp-json\/wp\/v2\/product\/18878\/revisions\/21547"}],"wp:featuredmedia":[{"embeddable":true,"href":"https:\/\/chrono-scope.ch\/de\/wp-json\/wp\/v2\/media\/18874"}],"wp:attachment":[{"href":"https:\/\/chrono-scope.ch\/de\/wp-json\/wp\/v2\/media?parent=18878"}],"wp:term":[{"taxonomy":"product_brand","embeddable":true,"href":"https:\/\/chrono-scope.ch\/de\/wp-json\/wp\/v2\/product_brand?post=18878"},{"taxonomy":"product_cat","embeddable":true,"href":"https:\/\/chrono-scope.ch\/de\/wp-json\/wp\/v2\/product_cat?post=18878"},{"taxonomy":"product_tag","embeddable":true,"href":"https:\/\/chrono-scope.ch\/de\/wp-json\/wp\/v2\/product_tag?post=18878"}],"curies":[{"name":"wp","href":"https:\/\/api.w.org\/{rel}","templated":true}]}}